{"id":1164,"date":"2023-02-07T14:45:10","date_gmt":"2023-02-07T12:45:10","guid":{"rendered":"http:\/\/www.videospotting.org\/eng\/?page_id=1164"},"modified":"2023-02-07T14:45:10","modified_gmt":"2023-02-07T12:45:10","slug":"back2back-ester-ivakic-2022","status":"publish","type":"page","link":"https:\/\/www.videospotting.org\/eng\/back2back-ester-ivakic-2022","title":{"rendered":"Back2Back: Ester Ivaki\u010d (2022)"},"content":{"rendered":"<p class=\"crta\"><strong>Back2Back: Back2Back: Ester Ivaki\u010d \u2013 Good evening + dear friends<\/strong><br \/>\n<strong>Curator:<\/strong> Ester Ivaki\u010d<br \/>\n<strong>Production:<\/strong> SCCA-Ljubljana, 2022<br \/>\n<strong>Duration:<\/strong> 60&#8242;<br \/>\n<strong>Premiere:<\/strong> SCCA Project Room (30 September 2022)<\/p>\n<p><strong>Back2Back<\/strong>\u00a0is a series of events, where we invite local and international authors to present their own production and establish a dialogue with works of their choice from the DIVA Station archive.<\/p>\n<p class=\"crta\">Film director and visual artist\u00a0<strong>Ester Ivaki\u010d<\/strong>\u00a0prepared a programme of various entertaining and mystical films, which she based on her short experimental film\u00a0<em>Sometimes I wish I were an angel sometimes<\/em>. In the selected works, themes such as nature, love, paranormal, friendship, dreams, and other dimensions stand out. While searching through the DIVA Station archive, the author highlighted works that inspire her with their innovative form, exposure of fluidity, effects of the multidimensional, iridescent, and magical.<\/p>\n<p><strong>Ester Ivaki\u010d,\u00a0<em>Sometimes I wish I were an angel sometimes<\/em><\/strong>, 6\u2032 32\u201d<br \/>\nE.I., 2022<br \/>\n<a href=\"http:\/\/www.e-arhiv.org\/diva\/index.php?opt=work&amp;id=1642&#038;lang_pref=en\" target=\"_blank\" rel=\"noopener\">\u00bb video<\/a><br \/>\n<img decoding=\"async\" class=\"slika\" src=\"http:\/\/www.videospotting.org\/wp-content\/uploads\/video-img\/hribernik\/hribernik-carte-postale.jpg\" alt=\"Jasna Hribernik, Carte Postale\" \/><\/p>\n<p><strong>Amir Muratovi\u0107,\u00a0<em>With the Wind<\/em><\/strong>, 1\u2032 10\u2033<br \/>\nA.M., 2008<br \/>\n<a href=\"http:\/\/www.e-arhiv.org\/diva\/index.php?opt=work&amp;id=1007&#038;lang_pref=en\" target=\"_blank\" rel=\"noopener\">\u00bb video<\/a><br \/>\n<img decoding=\"async\" class=\"slika\" src=\"http:\/\/www.videospotting.org\/wp-content\/uploads\/video-img\/muratovic\/muratovic-z-vetrom.jpg\" alt=\"Amir Muratovi\u0107,\u00a0Z vetrom\" \/><\/p>\n<p><strong>Ana Nu\u0161a Dragan, <em>Lyhnida<\/em><\/strong>, 8\u2032 47\u2033<br \/>\nTV Skopje, 1989<br \/>\n<a href=\"http:\/\/www.e-arhiv.org\/diva\/index.php?opt=work&amp;id=189&#038;lang_pref=en\" target=\"_blank\" rel=\"noopener\">\u00bb video<\/a><br \/>\n<img decoding=\"async\" class=\"slika\" src=\"http:\/\/www.videospotting.org\/wp-content\/uploads\/video-img\/dragan\/ana-nusa-dragan-lyhnida.jpg\" alt=\"Ana Nu\u0161a Dragan, Lyhnida\" \/><\/p>\n<p><strong>Peter Cerov\u0161ek, Ne\u017ea Grum, Matev\u017e Jerman, <em>We have all been here since forever<\/em><\/strong>, 12\u2032 18\u201d<br \/>\nLuksuz produkcija, 2016<br \/>\n<a href=\"http:\/\/www.e-arhiv.org\/diva\/index.php?opt=work&amp;id=1426&#038;lang_pref=en\" target=\"_blank\" rel=\"noopener noreferrer\">\u00bb video<\/a><br \/>\n<img decoding=\"async\" class=\"slika\" src=\"http:\/\/www.videospotting.org\/wp-content\/uploads\/video-img\/cerovsek\/cerovsek-grum-jerman_vsi-smo-tu.jpg\" alt=\"Peter Cerov\u0161ek, Ne\u017ea Grum, Matev\u017e Jerman, Vsi smo tu \u017ee od nekdaj\" \/><br \/>\n<strong>Ema Kugler,\u00a0<em>The Visitor<\/em><\/strong>, 26\u2032 41\u2033<br \/>\nV.S. Video \/ Forum Ljubljana, VPK &amp; Viba film, 1995<br \/>\n<a href=\"http:\/\/www.e-arhiv.org\/diva\/index.php?opt=work&amp;id=47&#038;lang_pref=en\" target=\"_blank\" rel=\"noopener\">\u00bb video<\/a><br \/>\n<img decoding=\"async\" class=\"slika\" src=\"http:\/\/www.videospotting.org\/wp-content\/uploads\/video-img\/kugler\/kugler-obiskovalec.jpg\" alt=\"Ema Kugler,\u00a0Obiskovalec\" \/><\/p>\n<p><strong>Zemira Alajbegovi\u0107, Neven Korda,\u00a0<em>Autobus<\/em><\/strong>, 11\u201910\u201d<br \/>\nTV Slovenija, 1993<br \/>\n<a href=\"http:\/\/www.e-arhiv.org\/diva\/index.php?opt=work&amp;id=1387&#038;lang_pref=en\" target=\"_blank\" rel=\"noopener\">\u00bb video<\/a><br \/>\n<img decoding=\"async\" class=\"slika\" src=\"http:\/\/www.videospotting.org\/wp-content\/uploads\/video-img\/zank\/zank-autobus.jpg\" alt=\"Zemira Alajbegovi\u0107, Neven Korda,\u00a0Avtobus\" \/><\/p>\n<p><strong>Neven Korda,\u00a0<em>Angelic Wreath On Speed<\/em><\/strong>, 4\u2032 42\u2033<br \/>\nN.K., 2006<br \/>\n<a href=\"http:\/\/www.e-arhiv.org\/diva\/index.php?opt=work&amp;id=769&#038;lang_pref=en\" target=\"_blank\" rel=\"noopener\">\u00bb video<\/a><br \/>\n<img decoding=\"async\" class=\"slika\" src=\"http:\/\/www.videospotting.org\/wp-content\/uploads\/video-img\/korda\/korda-angelski-vencek-na-speedu.jpg\" alt=\"Neven Korda,\u00a0Angelski ven\u010dek na speedu\" \/><\/p>\n<p><strong>Luka Dekleva,\u00a0<em>City Off Season<\/em><\/strong>, 5\u2032 44\u2033<br \/>\nL.D., 2006<br \/>\n<a href=\"http:\/\/www.e-arhiv.org\/diva\/index.php?opt=work&amp;id=859&#038;lang_pref=en\" target=\"_blank\" rel=\"noopener\">\u00bb video<\/a><br \/>\n<img decoding=\"async\" class=\"slika\" src=\"http:\/\/www.videospotting.org\/wp-content\/uploads\/video-img\/dekleva\/dekleva-city-off-season.jpg\" alt=\"Luka Dekleva,\u00a0City Off Season\" \/><\/p>\n<p class=\"crta\"><strong>Miha Vipotnik,\u00a0<em>Insert from TV show New Year\u2019s Disco<\/em><\/strong>, 3\u2032<br \/>\nRTV Ljubljana, 1983<br \/>\n<a href=\"http:\/\/www.e-arhiv.org\/diva\/index.php?opt=work&amp;id=1414&#038;lang_pref=en\" target=\"_blank\" rel=\"noopener\">\u00bb video<\/a><br \/>\n<img decoding=\"async\" class=\"slika\" src=\"http:\/\/www.videospotting.org\/wp-content\/uploads\/video-img\/vipotnik\/vipotnik-insert.jpg\" alt=\"Miha Vipotnik, Insert iz oddaje Novoletni disco\" \/><\/p>\n<p><strong>Ester Ivaki\u010d<\/strong>\u00a0(1992) is a film director and visual artist. She graduated from the School of Arts University of Nova Gorica, and continued her master\u2019s degree in film directing at the Academy of Theatre, Radio, Film and Television (AGRFT) of the University of Ljubljana. She is the author of several short films and music videos. Currently she is developing her debut feature film.<\/p>\n","protected":false},"excerpt":{"rendered":"<p>Back2Back: Back2Back: Ester Ivaki\u010d \u2013 Good evening + dear friends Curator: Ester Ivaki\u010d Production: SCCA-Ljubljana, 2022 Duration: 60&#8242; Premiere: SCCA Project Room (30 September 2022) Back2Back\u00a0is a series of events, where we invite local and international authors to present their own production and establish a dialogue with works of their choice from the DIVA Station [&hellip;]<\/p>\n","protected":false},"author":1,"featured_media":0,"parent":0,"menu_order":0,"comment_status":"closed","ping_status":"closed","template":"","meta":{"footnotes":""},"class_list":["post-1164","page","type-page","status-publish","hentry"],"_links":{"self":[{"href":"https:\/\/www.videospotting.org\/eng\/wp-json\/wp\/v2\/pages\/1164","targetHints":{"allow":["GET"]}}],"collection":[{"href":"https:\/\/www.videospotting.org\/eng\/wp-json\/wp\/v2\/pages"}],"about":[{"href":"https:\/\/www.videospotting.org\/eng\/wp-json\/wp\/v2\/types\/page"}],"author":[{"embeddable":true,"href":"https:\/\/www.videospotting.org\/eng\/wp-json\/wp\/v2\/users\/1"}],"replies":[{"embeddable":true,"href":"https:\/\/www.videospotting.org\/eng\/wp-json\/wp\/v2\/comments?post=1164"}],"version-history":[{"count":1,"href":"https:\/\/www.videospotting.org\/eng\/wp-json\/wp\/v2\/pages\/1164\/revisions"}],"predecessor-version":[{"id":1165,"href":"https:\/\/www.videospotting.org\/eng\/wp-json\/wp\/v2\/pages\/1164\/revisions\/1165"}],"wp:attachment":[{"href":"https:\/\/www.videospotting.org\/eng\/wp-json\/wp\/v2\/media?parent=1164"}],"curies":[{"name":"wp","href":"https:\/\/api.w.org\/{rel}","templated":true}]}}