{"id":12,"date":"2009-04-03T16:10:37","date_gmt":"2009-04-03T14:10:37","guid":{"rendered":"http:\/\/www.videospotting.org\/eng\/?page_id=12"},"modified":"2023-02-09T16:22:23","modified_gmt":"2023-02-09T14:22:23","slug":"curators","status":"publish","type":"page","link":"https:\/\/www.videospotting.org\/eng\/curators","title":{"rendered":"Curators"},"content":{"rendered":"<p><strong>Zemira Alajbegovi\u0107<\/strong><\/p>\n<ul>\n<li><a href=\"http:\/\/www.videospotting.org\/dotik_udine\">Dotik_Udine (2004)<\/a><\/li>\n<li><a href=\"http:\/\/www.videospotting.org\/eng\/recent-video-works-2000\">Recent Video Works (2000)<\/a><\/li>\n<li><a href=\"http:\/\/www.videospotting.org\/eng\/from-alternative-scene-to-art-video-1994\">From Alternative Scene to Art Video (1994)<\/a><\/li>\n<\/ul>\n<div class=\"crta\"><\/div>\n<p><strong>Barbara Bor\u010di\u0107<\/strong><\/p>\n<ul>\n<li><a href=\"http:\/\/www.videospotting.org\/eng\/welcome-to-the-8-minute-autumnal-picnic-in-the-past-2019\">Welcome to the 8 minute Autumnal Picnic in the Past (2019)<\/a><\/li>\n<li><a href=\"http:\/\/www.videospotting.org\/eng\/video-discipline-dreams-2019\">Video Discipline &amp; Dreams (2019)<\/a><\/li>\n<li><a href=\"http:\/\/www.videospotting.org\/eng\/diva-station-presents-iv-2017\">DIVA Station Presents IV (2017)<\/a><\/li>\n<li><a href=\"http:\/\/www.videospotting.org\/eng\/diva-station-presents-iii-2016\">DIVA Station Presents III (2016)<\/a><\/li>\n<li><a href=\"http:\/\/www.videospotting.org\/eng\/race-with-time-performance-in-a-rear-view-mirror-2014\">Race with Time. Performance in a Rear-view Mirror (2014)<\/a><\/li>\n<li><a href=\"http:\/\/www.videospotting.org\/eng\/diva-station-presents-ii-2010\">DIVA Station Presents II (2010)<\/a><\/li>\n<li><a href=\"http:\/\/www.videospotting.org\/eng\/diva-station_presents-2009\">DIVA Station_Presents (2009)<\/a><\/li>\n<li><a href=\"http:\/\/www.videospotting.org\/vs_bergen\">VS_Bergen (2008)<\/a><\/li>\n<li><a href=\"http:\/\/www.videospotting.org\/eng\/videodance_6-2008\">Videodance_6 (2008)<\/a><\/li>\n<li><a href=\"http:\/\/www.videospotting.org\/eng\/one-minute_sao-paolo-2007\">One minute_S\u00e3o Paolo (2007)<\/a><\/li>\n<li><a href=\"http:\/\/www.videospotting.org\/eng\/one-minute_2006-2007-2008\">One Minute_2006-2007<\/a><\/li>\n<li><a href=\"http:\/\/www.videospotting.org\/eng\/videodokument_presents-2006\">Videodokument_presents (2006)<\/a><\/li>\n<li><a href=\"http:\/\/www.videospotting.org\/dogodek-v-projektni-sobi\">Dogodek v Projektni sobi (2005)<\/a><\/li>\n<li><a href=\"http:\/\/www.videospotting.org\/eng\/private-public-2005\">Private-Public (2005)<\/a><\/li>\n<li><a href=\"http:\/\/www.videospotting.org\/dotik_udine\">Dotik_Udine (2004)<\/a><\/li>\n<li><a href=\"http:\/\/www.videospotting.org\/eng\/new-new-video-2004\">New New Video (2004)<\/a><\/li>\n<li><a href=\"http:\/\/www.videospotting.org\/eng\/creatures_2-2003\">Creatures_2 (2004)<\/a><\/li>\n<li><a href=\"http:\/\/www.videospotting.org\/utopia-travel_ljubljana\">Utopia Travel_Ljubljana (2002)<\/a><\/li>\n<li><a href=\"http:\/\/www.videospotting.org\/eng\/videodokument-presents_1-2000\">Videodokument Presents_1 (2000)<\/a><\/li>\n<li><a href=\"http:\/\/www.videospotting.org\/eng\/bodyspotting-1997-2\">Videodokument Presents_2 (2000)<\/a><\/li>\n<li><a href=\"http:\/\/www.videospotting.org\/eng\/recent-video-works-2000\">Recent Video Works (2000)<\/a><\/li>\n<li><a href=\"http:\/\/www.videospotting.org\/eng\/memories-1997\">Memories (1997)<\/a><\/li>\n<li><a href=\"http:\/\/www.videospotting.org\/eng\/intolerance-1997\">Intolerance (1997)<\/a><\/li>\n<li><a href=\"http:\/\/www.videospotting.org\/eng\/creatures-1997\">Creatures (1997)<\/a><\/li>\n<li><a href=\"http:\/\/www.videospotting.org\/eng\/docuart-1997\">Docuart (1997)<\/a><\/li>\n<li><a href=\"http:\/\/www.videospotting.org\/eng\/dancemania-1997\">Dancemania (1997)<\/a><\/li>\n<li><a href=\"http:\/\/www.videospotting.org\/eng\/bodyspotting-1997\">Bodyspotting (1997)<\/a><\/li>\n<li><a href=\"http:\/\/www.videospotting.org\/eng\/from-alternative-scene-to-art-video-1994\">From Alternative Scene to Art Video (1994)<\/a><\/li>\n<\/ul>\n<div class=\"crta\"><\/div>\n<p><strong>Irena Bori\u0107<\/strong><\/p>\n<ul>\n<li><a href=\"http:\/\/www.videospotting.org\/eng\/kiblix-from-the-archives-of-the-diva-station-2021\">Kiblix: From the Archives of the DIVA Station (2021)<\/a><\/li>\n<\/ul>\n<div class=\"crta\"><\/div>\n<p><strong>Sixtine Rose Boyer<\/strong><\/p>\n<ul>\n<li><a href=\"http:\/\/www.videospotting.org\/eng\/the-dark-alter-2012\">The Dark Alter (2012)<\/a><\/li>\n<\/ul>\n<div class=\"crta\"><\/div>\n<p><strong>Anita Budimir<\/strong><\/p>\n<ul>\n<li><a href=\"http:\/\/www.videospotting.org\/eng\/the-world-is-obliged-to-live-you-2017\">The world is obliged to live you (2017)<\/a><\/li>\n<li><a href=\"http:\/\/www.videospotting.org\/eng\/awaiting-the-future-2017\">Awaiting the Future (2017)<\/a><\/li>\n<\/ul>\n<div class=\"crta\"><\/div>\n<p><strong>Vesna Bukovec<\/strong><\/p>\n<ul>\n<li><a href=\"http:\/\/www.videospotting.org\/eng\/downhill-new-acquisitions-of-diva-station-2021\">Downhill. New acquisitions of DIVA Station (2021)<\/a><\/li>\n<li><a href=\"http:\/\/www.videospotting.org\/eng\/selection-from-the-diva-station-archive-an-escape-into-experiment-2021\">Selection from the DIVA Station Archive: An Escape into Experiment (2021)<\/a><\/li>\n<li><a href=\"http:\/\/www.videospotting.org\/eng\/kiblix-from-the-archives-of-the-diva-station-2021\">Kiblix: From the Archives of the DIVA Station (2021)<\/a><\/li>\n<li><a href=\"http:\/\/www.videospotting.org\/eng\/beyond-the-visible-new-acquisitions-of-diva-station-2020\">Beyond the Visible. New acquisitions of DIVA Station (2020)<\/a><\/li>\n<li><a href=\"http:\/\/www.videospotting.org\/eng\/fresh-perspective-2016\">Fresh Perspective (2016)<\/a><\/li>\n<\/ul>\n<div class=\"crta\"><\/div>\n<p><strong>Peter Cerov\u0161ek<\/strong><\/p>\n<ul>\n<li><a href=\"http:\/\/www.videospotting.org\/eng\/looking-to-the-bright-future-2022\">Looking to the bright future! (2022)<\/a><\/li>\n<li><a href=\"http:\/\/www.videospotting.org\/eng\/selection-from-the-diva-station-archive-an-escape-into-experiment-2021\">Selection from the DIVA Station Archive: An Escape into Experiment (2021)<\/a><\/li>\n<li><a href=\"http:\/\/www.videospotting.org\/eng\/beyond-the-visible-new-acquisitions-of-diva-station-2020\">Beyond the Visible. New acquisitions of DIVA Station (2020)<\/a><\/li>\n<li><a href=\"http:\/\/www.videospotting.org\/eng\/welcome-to-the-8-minute-autumnal-picnic-in-the-past-2019\">Welcome to the 8 minute Autumnal Picnic in the Past (2019)<\/a><\/li>\n<li><a href=\"http:\/\/www.videospotting.org\/eng\/at-some-point-in-some-place-2017\">At some point, in some place (2017)<\/a><\/li>\n<\/ul>\n<div class=\"crta\"><\/div>\n<p><strong>Miha Colner<\/strong><\/p>\n<ul>\n<li><a href=\"http:\/\/www.videospotting.org\/eng\/industrial-landscape-2011\">Industrial Landscape (2011)<\/a><\/li>\n<li><a href=\"http:\/\/www.videospotting.org\/eng\/diva-station-presents-ii-2010\">DIVA Station Presents II (2010)<\/a><\/li>\n<li><a href=\"http:\/\/www.videospotting.org\/eng\/diva-station_presents-2009\">DIVA Station_Presents (2009)<\/a><\/li>\n<\/ul>\n<div class=\"crta\"><\/div>\n<p><strong>Du\u0161an Dov\u010d<\/strong><\/p>\n<ul>\n<li><a href=\"http:\/\/www.videospotting.org\/eng\/correspondences-2018\">Correspondences (2018)<\/a><\/li>\n<li><a href=\"http:\/\/www.videospotting.org\/eng\/concrete_recollected_constructed-2008\">Concrete_Recollected_Constructed (2008)<\/a><\/li>\n<li><a href=\"http:\/\/www.videospotting.org\/eng\/one-minute_2006-2007-2008\">One Minute_2006-2007 (2008)<\/a><\/li>\n<li><a href=\"http:\/\/www.videospotting.org\/eng\/one-minute_sao-paolo-2007\">One minute_S\u00e3o Paolo (2007)<\/a><\/li>\n<li><a href=\"http:\/\/www.videospotting.org\/dogodek-v-projektni-sobi\">Dogodek v Projektni sobi (2005)<\/a><\/li>\n<li><a href=\"http:\/\/www.videospotting.org\/eng\/new-new-video-2004\">New New Video (2004)<\/a><\/li>\n<\/ul>\n<div class=\"crta\"><\/div>\n<p><strong>Ne\u017ea Grum<\/strong><\/p>\n<ul>\n<li><a href=\"http:\/\/www.videospotting.org\/eng\/thank-you-for-your-attention-2016\">Thank you for your attention! (2016)<\/a><\/li>\n<\/ul>\n<div class=\"crta\"><\/div>\n<p><strong>Ida Hir\u0161enfelder<\/strong><\/p>\n<ul>\n<li><a href=\"http:\/\/www.videospotting.org\/eng\/feedback-loop-ii-2016\">Feedback Loop II (2016)<\/a><\/li>\n<li><a href=\"http:\/\/www.videospotting.org\/eng\/feedback-loop-2013\">Feedback Loop (2013)<\/a><\/li>\n<li><a href=\"http:\/\/www.videospotting.org\/eng\/keyword-food-11-2011\">Keyword: Food [11] (2011)<\/a><\/li>\n<li><a href=\"http:\/\/www.videospotting.org\/eng\/intimising-dance-2011\">Intimising Dance (2011)<\/a><\/li>\n<li><a href=\"http:\/\/www.videospotting.org\/eng\/diva-station-presents-ii-2010\">DIVA Station Presents II (2010)<\/a><\/li>\n<li><a href=\"http:\/\/www.videospotting.org\/eng\/diva-station_presents-2009\">DIVA Station_Presents (2009)<\/a><\/li>\n<li><a href=\"http:\/\/www.videospotting.org\/eng\/transient-bodies-2007\">Transient bodies (2007)<\/a><\/li>\n<\/ul>\n<div class=\"crta\"><\/div>\n<p><strong>Ester Ivaki\u010d<\/strong><\/p>\n<ul>\n<li><a href=\"http:\/\/www.videospotting.org\/eng\/back2back-ester-ivakic-2022\">Back2Back: Ester Ivaki\u010d (2022)<\/a><\/li>\n<\/ul>\n<div class=\"crta\"><\/div>\n<p><strong>Matev\u017e Jerman<\/strong><\/p>\n<ul>\n<li><a href=\"http:\/\/www.videospotting.org\/eng\/back2back-matevz-jerman-2022\">Back2Back: Matev\u017e Jerman (2022)<\/a><\/li>\n<\/ul>\n<div class=\"crta\"><\/div>\n<p><strong>Jasna Jernej\u0161ek<\/strong><\/p>\n<ul>\n<li><a href=\"http:\/\/www.videospotting.org\/eng\/let-the-dead-sleep-2014\">\u2018Let the Dead Sleep\u2019 (2014)<\/a><\/li>\n<\/ul>\n<div class=\"crta\"><\/div>\n<p><strong>Miha Kelemina<\/strong><\/p>\n<ul>\n<li><a href=\"http:\/\/www.videospotting.org\/eng\/with-every-minute-more-time-2015\">With every minute more time (2015)<\/a><\/li>\n<\/ul>\n<div class=\"crta\"><\/div>\n<p><strong>Tatiana Kocmur<\/strong><\/p>\n<ul>\n<li><a href=\"http:\/\/www.videospotting.org\/eng\/back2back-tatiana-kocmur-2023\">Back2Back: Tatiana Kocmur (2023)<\/a><\/li>\n<\/ul>\n<div class=\"crta\"><\/div>\n<p><strong>Nerina Kocjan\u010di\u010d<\/strong><\/p>\n<ul>\n<li><a href=\"http:\/\/www.videospotting.org\/eng\/bodyspotting-1997\">Bodyspotting (1997)<\/a><\/li>\n<li><a href=\"http:\/\/www.videospotting.org\/eng\/creatures-1997\">Creatures (1997)<\/a><\/li>\n<li><a href=\"http:\/\/www.videospotting.org\/eng\/dancemania-1997\">Dancemania (1997)<\/a><\/li>\n<li><a href=\"http:\/\/www.videospotting.org\/eng\/docuart-1997\">Docuart (1997)<\/a><\/li>\n<li><a href=\"http:\/\/www.videospotting.org\/eng\/intolerance-1997\">Intolerance (1997)<\/a><\/li>\n<li><a href=\"http:\/\/www.videospotting.org\/eng\/memories-1997\">Memories (1997)<\/a><\/li>\n<\/ul>\n<div class=\"crta\"><\/div>\n<p><strong>Damijan Kracina<\/strong><\/p>\n<ul>\n<li><a href=\"http:\/\/www.videospotting.org\/eng\/new-new-video-2004\">New New Video (2004)<\/a><\/li>\n<\/ul>\n<div class=\"crta\"><\/div>\n<p><strong>Christopher Krause<\/strong><\/p>\n<ul>\n<li><a href=\"http:\/\/www.videospotting.org\/eng\/faces-and-structures-2018\">Faces and Structures (2018)<\/a><\/li>\n<\/ul>\n<div class=\"crta\"><\/div>\n<p><strong>Ana Likar<\/strong><\/p>\n<ul>\n<li><a href=\"http:\/\/www.videospotting.org\/eng\/when-i-wake-up-i-am-going-to-make-something-2022\">When I wake up, I am going to make something (2022)<\/a><\/li>\n<\/ul>\n<div class=\"crta\"><\/div>\n<p><strong>Tev\u017e Logar<\/strong><\/p>\n<ul>\n<li><a href=\"http:\/\/www.videospotting.org\/eng\/eyedentify-yourself-2006\">Eyedentify yourself (2006)<\/a><\/li>\n<\/ul>\n<div class=\"crta\"><\/div>\n<p><strong>Alice Militello<\/strong><\/p>\n<ul>\n<li><a href=\"http:\/\/www.videospotting.org\/eng\/video-in-public-art-2012\">Video in Public Art (2012)<\/a><\/li>\n<\/ul>\n<div class=\"crta\"><\/div>\n<p><strong>Mila Per\u0161in<\/strong><\/p>\n<ul>\n<li><a href=\"http:\/\/www.videospotting.org\/eng\/back2back-mila-persin-2021\">Back2Back: Mila Per\u0161in (2021)<\/a><\/li>\n<\/ul>\n<div class=\"crta\"><\/div>\n<p><strong>Andrej Pezelj<\/strong><\/p>\n<ul>\n<li><a href=\"http:\/\/www.videospotting.org\/eng\/constants-and-continuities-2013\">Constants and Continuities (2013)<\/a><\/li>\n<li><a href=\"http:\/\/www.videospotting.org\/eng\/random-tape-destruction-2010\">Random Tape Destruction (2010)<\/a><\/li>\n<\/ul>\n<div class=\"crta\"><\/div>\n<p><strong>Lara Plav\u010dak<\/strong><\/p>\n<ul>\n<li><a href=\"http:\/\/www.videospotting.org\/eng\/when-i-wake-up-i-am-going-to-make-something-2022\">When I wake up, I am going to make something (2022)<\/a><\/li>\n<li><a href=\"http:\/\/www.videospotting.org\/eng\/stay-at-home-diva-2020\">Stay at Home, DIVA! (2020)<\/a><\/li>\n<\/ul>\n<div class=\"crta\"><\/div>\n<p><strong>Toni Poljanec<\/strong><\/p>\n<ul>\n<li><a href=\"http:\/\/www.videospotting.org\/eng\/recordings-of-reality-subjectivization-of-objectivity-2018\">Recordings of Reality \u2013 Subjectivization of Objectivity (2018)<\/a><\/li>\n<\/ul>\n<div class=\"crta\"><\/div>\n<p><strong>Luka Polutnik<\/strong><\/p>\n<ul>\n<li><a href=\"http:\/\/www.videospotting.org\/eng\/thank-you-for-your-attention-2016\">Thank you for your attention! (2016)<\/a><\/li>\n<\/ul>\n<div class=\"crta\"><\/div>\n<p><strong>Lawinia Rate<\/strong><\/p>\n<ul>\n<li><a href=\"http:\/\/www.videospotting.org\/eng\/in-praise-of-dreams-video-art-from-the-90s-2019\">In Praise of Dreams. Video-art from the 90s (2019)<\/a><\/li>\n<\/ul>\n<div class=\"crta\"><\/div>\n<p><strong>Eva Rohrman<\/strong><\/p>\n<ul>\n<li><a href=\"http:\/\/www.videospotting.org\/eng\/from-alternative-scene-to-art-video-1994\">From Alternative Scene to Art Video (1994)<\/a><\/li>\n<\/ul>\n<div class=\"crta\"><\/div>\n<p><strong>Mateja Rot<\/strong><\/p>\n<ul>\n<li><a href=\"http:\/\/www.videospotting.org\/eng\/the-meaning-of-time-2009\">The Meaning of Time (2009)<\/a><\/li>\n<li><a href=\"http:\/\/www.videospotting.org\/eng\/trace-2007\">Trace (2007)<\/a><\/li>\n<\/ul>\n<div class=\"crta\"><\/div>\n<p><strong>Laura Spolaore<\/strong><\/p>\n<ul>\n<li><a href=\"http:\/\/www.videospotting.org\/eng\/man-and-environment-2010\">Man and Environment (2010)<\/a><\/li>\n<\/ul>\n<div class=\"crta\"><\/div>\n<p><strong>Igor \u0160panjol<\/strong><\/p>\n<ul>\n<li><a href=\"http:\/\/www.videospotting.org\/eng\/videodokument-presents_1-2000\">Videodokument Presents_1 (2000)<\/a><\/li>\n<li><a href=\"http:\/\/www.videospotting.org\/eng\/bodyspotting-1997-2\">Videodokument Presents_2 (2000)<\/a><\/li>\n<li><a href=\"http:\/\/www.videospotting.org\/eng\/recent-video-works-2000\">Recent Video Works (2000)<\/a><\/li>\n<\/ul>\n<div class=\"crta\"><\/div>\n<p><strong>Anne Tassel<\/strong><\/p>\n<ul>\n<li><a href=\"http:\/\/www.videospotting.org\/eng\/all-paths-lead-to-dreams-2021\">All paths lead to dreams (2021)<\/a><\/li>\n<\/ul>\n<div class=\"crta\"><\/div>\n<p><strong>Jake Yuzna<\/strong><\/p>\n<ul>\n<li><a href=\"http:\/\/www.videospotting.org\/eng\/back2back-jake-yuzna-2021\">Back2Back: Jake Yuzna (2021)<\/a><\/li>\n<\/ul>\n<p>&nbsp;<\/p>\n","protected":false},"excerpt":{"rendered":"<p>Zemira Alajbegovi\u0107 Dotik_Udine (2004) Recent Video Works (2000) From Alternative Scene to Art Video (1994) Barbara Bor\u010di\u0107 Welcome to the 8 minute Autumnal Picnic in the Past (2019) Video Discipline &amp; Dreams (2019) DIVA Station Presents IV (2017) DIVA Station Presents III (2016) Race with Time. Performance in a Rear-view Mirror (2014) DIVA Station Presents [&hellip;]<\/p>\n","protected":false},"author":1,"featured_media":0,"parent":0,"menu_order":4,"comment_status":"closed","ping_status":"closed","template":"","meta":{"footnotes":""},"class_list":["post-12","page","type-page","status-publish","hentry"],"_links":{"self":[{"href":"https:\/\/www.videospotting.org\/eng\/wp-json\/wp\/v2\/pages\/12","targetHints":{"allow":["GET"]}}],"collection":[{"href":"https:\/\/www.videospotting.org\/eng\/wp-json\/wp\/v2\/pages"}],"about":[{"href":"https:\/\/www.videospotting.org\/eng\/wp-json\/wp\/v2\/types\/page"}],"author":[{"embeddable":true,"href":"https:\/\/www.videospotting.org\/eng\/wp-json\/wp\/v2\/users\/1"}],"replies":[{"embeddable":true,"href":"https:\/\/www.videospotting.org\/eng\/wp-json\/wp\/v2\/comments?post=12"}],"version-history":[{"count":61,"href":"https:\/\/www.videospotting.org\/eng\/wp-json\/wp\/v2\/pages\/12\/revisions"}],"predecessor-version":[{"id":1226,"href":"https:\/\/www.videospotting.org\/eng\/wp-json\/wp\/v2\/pages\/12\/revisions\/1226"}],"wp:attachment":[{"href":"https:\/\/www.videospotting.org\/eng\/wp-json\/wp\/v2\/media?parent=12"}],"curies":[{"name":"wp","href":"https:\/\/api.w.org\/{rel}","templated":true}]}}