{"id":228,"date":"2009-05-04T23:36:51","date_gmt":"2009-05-04T21:36:51","guid":{"rendered":"http:\/\/www.videospotting.org\/eng\/?page_id=228"},"modified":"2009-06-12T16:17:49","modified_gmt":"2009-06-12T14:17:49","slug":"dotik_udine","status":"publish","type":"page","link":"https:\/\/www.videospotting.org\/eng\/exhibitions\/dotik_udine","title":{"rendered":"Dotik_Udine"},"content":{"rendered":"<p><img decoding=\"async\" src=\"http:\/\/www.videospotting.org\/wp-content\/uploads\/razstave\/dotik-vabilo.jpg\" alt=\"Dotik_Udine\" \/><\/p>\n<p><strong>Exhibition<\/strong><br \/>\nCurators: <strong>Zemira Alajbegovi\u0107<\/strong> and <strong>Barbara Bor\u010di\u0107<\/strong><br \/>\nInstallation: <strong>Damijan Kracina<\/strong><br \/>\nArtists:  <strong>Vuk \u0106osi\u0107, Jasna Hribernik, Marko Kova\u010di\u010d, Damijan Kracina, Andrej Lupinc, Mirko Simi\u0107, Miha Vipotnik, ZANK<\/strong> (<strong>Zemira Alajbegovi\u0107 <\/strong>and<strong> Neven Korda<\/strong>)<br \/>\nProduction: <strong>SCCA-Ljubljana<\/strong><\/p>\n<p>The exhibition of Slovene video  art (Videospotting) with a lecture by Barbara Bor\u010di\u0107<br \/>\n(<a href=\"http:\/\/www.videodokument.org\/\" target=\"_blank\">Videodokument<\/a>) as a part of the Dotik (The Touch) Festival in Udine, Italy.<br \/>\nMay 13, 2004 <\/p>\n<ul>\n<li>lecture: Casa della Confraternita at 6 pm<\/li>\n<li>exhibition opening: Old Shelter on the Square of the First of May at 8 pm<\/li>\n<\/ul>\n<div style=\"height:10px\">&nbsp;<\/div>\n<p><img decoding=\"async\" class=\"slikap\" src=\"http:\/\/www.videospotting.org\/wp-content\/uploads\/razstave\/dotik\/predavanjeBB.jpg\" alt=\"Lecture of Barbara Bor\u010di\u0107 in Casa della Confraternita\" \/><\/p>\n<div class=\"podpis\">Lecture of Barbara Bor\u010di\u0107 in Casa della Confraternita<\/div>\n<p>The exhibition <strong>Videospotting<\/strong> and the presentation of research, documentary  and archival project <strong><a href=\"http:\/\/www.videodokument.org\/\" target=\"_blank\">Videodokument<\/a><\/strong> organized by SCCA-Ljubljana was the  first conceptual and complete presentation of Slovene video art in Italy. <\/p>\n<p>The  selection included a wide range of works showing shifts in understanding and  usage of video as a media of artistic expression from its beginning in 1969 up  until 2004. The works were selected specifically for the ambience of the old  shelter in Udine: from first experimental works and technological researches, documentary on  multimedia alternative scene in the 80\u2019s to different video genres and new  media works.<\/p>\n<p><img decoding=\"async\" class=\"slika\" src=\"http:\/\/www.videospotting.org\/wp-content\/uploads\/razstave\/dotik\/bunker1.jpg\" alt=\"Razstava v Bunkerju na Trgu prvega maja\" \/><\/p>\n<p><img decoding=\"async\" class=\"slika\" src=\"http:\/\/www.videospotting.org\/wp-content\/uploads\/razstave\/dotik\/bunker2.jpg\" alt=\"Razstava v Bunkerju na Trgu prvega maja\" \/><\/p>\n<p><img decoding=\"async\" class=\"slika\" src=\"http:\/\/www.videospotting.org\/wp-content\/uploads\/razstave\/dotik\/bunker3.jpg\" alt=\"Razstava v Bunkerju na Trgu prvega maja\" \/><br \/>\n<img decoding=\"async\" class=\"slikap\" src=\"http:\/\/www.videospotting.org\/wp-content\/uploads\/razstave\/dotik\/bunker4.jpg\" alt=\"Razstava v Bunkerju na Trgu prvega maja\" \/><\/p>\n<div class=\"podpis\">Exhibition in Old Shelter on the Square of the First of May<\/div>\n<p>The exhibition and lecture was  a part of the festival <em>Dotik Festival: Arte e cultura slovena (The Touch:  Slovene Art and Culture<\/em><em>)<\/em> in Udine (Italy) that also presented also film  screenings, music and literary events, dance performances, exhibition by Slovene  architect <strong>Vojteh Ravnikar<\/strong> and discussions on urban culture.<br \/>\n  We were glad to see that  our program met with a great interest and good response, the lecture was well  attended and the exhibition was crowded by active public that vividly commented  on its content.\u00a0 \u00a0<br \/>\n  In Italy, the Slovene video  art has been presented on festivals and exhibitions quite regularly since the  70s, among them at: <em>Contemporanea <\/em><em>in Rome<\/em> (1974), <em>Cult video: Visioni  margandali<\/em> in Bari (1985), <em>Biennale della cultura giovanile  mediterranea<\/em>, Bologna (1986), <em>Hicetnunc<\/em>, San Vito al Tagliamento,  Pordenone (1997), <em>Video Film Festival<\/em>, Udine (1997), <em>Campo video<\/em>,  Venice (1999) and on festivals <em>Film video monitor<\/em> in Gorizia and <em>Alpe  Adria Cinema<\/em> in Trieste.<\/p>\n<p class =\"crta\">A more complex presentation  of Slovene video art was shown in Udine  in 1994 in  frame of <em>Videokids 94: Nuove tendenze dell\u2019immagande elettronica<\/em> presenting the program <a href=\"http:\/\/www.videospotting.org\/eng\/from-alternative-scene-to-art-video-1994\">From  Alternative Scene to Art Video (1992-1994)<\/a> produced by SCCA-Ljubljana.<\/p>\n<h4>Works at exhibition<\/h4>\n<p><strong>Miha Vipotnik, Videogram 4<\/strong>, 28&#8242;<br \/>\nRTV Ljubljana, 1976\/79<br \/>\n<img decoding=\"async\" class=\"slika\" src=\"http:\/\/www.videospotting.org\/wp-content\/uploads\/video-img\/vipotnik\/vipotnik-videogram.jpg\" alt=\"Miha Vipotnik, Videogram 4\" \/><\/p>\n<p><strong>Marko A. Kova\u010di\u010d, Song of Flesh and Image Was Made Body<\/strong>, 16&#8242;<br \/>\n\u0160KUC-Forum, Ljubljana 1985<br \/>\n<img decoding=\"async\" class=\"slika\" src=\"http:\/\/www.videospotting.org\/wp-content\/uploads\/video-img\/kovacic\/kovacic-pesem.jpg\" alt=\"Marko A. Kova\u010di\u010d, Song of Flesh and Image Was Made Body\" \/><\/p>\n<p><strong>Mirko Simi\u010d, Do You Hear the Sound of Silence<\/strong>, 2\u2032 22\u201d<br \/>\nBris &amp; Forum Ljubljana, 1992<br \/>\n<img decoding=\"async\" class=\"slika\" src=\"http:\/\/www.videospotting.org\/wp-content\/uploads\/video-img\/simic\/simic-do-you-hear.jpg\" alt=\"Mirko Simi\u0107, Do You Hear the Sound of Silence\" \/><\/p>\n<p><strong>ZANK (Zemira Alajbegovi\u0107 in Neven Korda), The Old and the New<\/strong>, 66&#8242;<br \/>\nV.S. Video\/Forum Ljubljana, VPK &amp; TV Slovenija, Ljubljana 1997<br \/>\n<img decoding=\"async\" class=\"slika\" src=\"http:\/\/www.videospotting.org\/wp-content\/uploads\/video-img\/zank\/zank-staro-novo.jpg\" alt=\"ZANK (Zemira Alajbegovi\u0107 in Neven Korda), The Old and the New\" \/><\/p>\n<p><strong>Jasna Hribernik, Ballabende<\/strong>, 21&#8242; 47&#8221;<br \/>\nTV Slovenija, 1996<br \/>\n<img decoding=\"async\" class=\"slika\" src=\"http:\/\/www.videospotting.org\/wp-content\/uploads\/video-img\/hribernik\/hribernik-ballabende.jpg\" alt=\"Jasna Hribernik, Ballabende\" \/><\/p>\n<p><strong>Damijan Kracina, Nails<\/strong>, 6&#8242;<br \/>\nD. K., 1995\u20132000<br \/>\n<img decoding=\"async\" class=\"slika\" src=\"http:\/\/www.videospotting.org\/wp-content\/uploads\/video-img\/kracina\/kracina-zeblji.jpg\" alt=\"Damijan Kracina, Nails\" \/><\/p>\n<p><strong>Andrej Lupinc \u2013 Lupo, In Eight Minutes Around the World<\/strong>, 8&#8242; 20&#8221;<br \/>\nTV Slovenija &amp; A. L., 1990-2000<br \/>\n<img decoding=\"async\" class=\"slika\" src=\"http:\/\/www.videospotting.org\/wp-content\/uploads\/video-img\/lupinc\/lupo-osem.jpg\" alt=\"Andrej Lupinc \u2013 Lupo, In Eight Minutes Around the World\" \/><\/p>\n<p><strong>Vuk \u0106osi\u0107, Deep Ascii,<\/strong>, 55&#8242;<br \/>\nV.\u0106., 1998<br \/>\n<img decoding=\"async\" class=\"slika\" src=\"http:\/\/www.videospotting.org\/wp-content\/uploads\/video-img\/cosic\/cosic-deep-ascii.jpg\" alt=\"Vuk \u0106osi\u0107, Deep Ascii\" \/><\/p>\n<div style=\"height:15px\">&nbsp;<\/div>\n","protected":false},"excerpt":{"rendered":"<p>Exhibition Curators: Zemira Alajbegovi\u0107 and Barbara Bor\u010di\u0107 Installation: Damijan Kracina Artists: Vuk \u0106osi\u0107, Jasna Hribernik, Marko Kova\u010di\u010d, Damijan Kracina, Andrej Lupinc, Mirko Simi\u0107, Miha Vipotnik, ZANK (Zemira Alajbegovi\u0107 and Neven Korda) Production: SCCA-Ljubljana The exhibition of Slovene video art (Videospotting) with a lecture by Barbara Bor\u010di\u0107 (Videodokument) as a part of the Dotik (The Touch) [&hellip;]<\/p>\n","protected":false},"author":1,"featured_media":0,"parent":14,"menu_order":0,"comment_status":"closed","ping_status":"closed","template":"","meta":{"footnotes":""},"class_list":["post-228","page","type-page","status-publish","hentry"],"_links":{"self":[{"href":"https:\/\/www.videospotting.org\/eng\/wp-json\/wp\/v2\/pages\/228","targetHints":{"allow":["GET"]}}],"collection":[{"href":"https:\/\/www.videospotting.org\/eng\/wp-json\/wp\/v2\/pages"}],"about":[{"href":"https:\/\/www.videospotting.org\/eng\/wp-json\/wp\/v2\/types\/page"}],"author":[{"embeddable":true,"href":"https:\/\/www.videospotting.org\/eng\/wp-json\/wp\/v2\/users\/1"}],"replies":[{"embeddable":true,"href":"https:\/\/www.videospotting.org\/eng\/wp-json\/wp\/v2\/comments?post=228"}],"version-history":[{"count":8,"href":"https:\/\/www.videospotting.org\/eng\/wp-json\/wp\/v2\/pages\/228\/revisions"}],"predecessor-version":[{"id":261,"href":"https:\/\/www.videospotting.org\/eng\/wp-json\/wp\/v2\/pages\/228\/revisions\/261"}],"up":[{"embeddable":true,"href":"https:\/\/www.videospotting.org\/eng\/wp-json\/wp\/v2\/pages\/14"}],"wp:attachment":[{"href":"https:\/\/www.videospotting.org\/eng\/wp-json\/wp\/v2\/media?parent=228"}],"curies":[{"name":"wp","href":"https:\/\/api.w.org\/{rel}","templated":true}]}}