{"id":268,"date":"2009-09-11T15:35:48","date_gmt":"2009-09-11T13:35:48","guid":{"rendered":"http:\/\/www.videospotting.org\/eng\/?page_id=268"},"modified":"2017-03-03T13:27:47","modified_gmt":"2017-03-03T11:27:47","slug":"diva-station_presents-2009","status":"publish","type":"page","link":"https:\/\/www.videospotting.org\/eng\/diva-station_presents-2009","title":{"rendered":"DIVA Station_Presents (2009)"},"content":{"rendered":"<p class=\"crta\"><strong>Curated by: Barbara Bor\u010di\u0107, Miha Colner and Ida Hir\u0161enfelder<\/strong><br \/>\n<strong>Production:<\/strong> SCCA-Ljubljana 2009<br \/>\n<strong>Duration:<\/strong> 1 02&#8242; 13&#8243;<\/p>\n<p class=\"crta\">Fifteen selected video works show specific artistic approaches to technological, medial and content usage of video as an expressive tool and present important shifts in the understanding of video art in a chronological manner between 1983 and 2007.<\/p>\n<p><strong>Zemira Alajbegovi\u0107, Vortex<\/strong>, 4&#8242; 5&#8221;<br \/>\nTV Slovenija, 2000<br \/>\n<img decoding=\"async\" class=\"slika\" src=\"http:\/\/www.videospotting.org\/wp-content\/uploads\/video-img\/alajbegovic\/alajbegovic-vortex.jpg\" alt=\"Zemira Alajbegovi\u0107, Vortex\" \/><\/p>\n<p><strong>Vesna Bukovec, Important News<\/strong>, 1&#8242;<br \/>\nV. B., 2003<br \/>\n<img decoding=\"async\" class=\"slika\" src=\"http:\/\/www.videospotting.org\/wp-content\/uploads\/video-img\/bukovec\/bukovec-important-news.jpg\" alt=\"Vesna Bukovec, Important News\" \/><\/p>\n<p><strong>Neven A. Korda, Gagarin<\/strong>, 2&#8242; 30&#8221;<br \/>\nNeven A. Korda, Ljubljana 2003<br \/>\n<img decoding=\"async\" class=\"slika\" src=\"http:\/\/www.videospotting.org\/wp-content\/uploads\/video-img\/korda\/korda-gagarin.jpg\" alt=\"Neven A. Korda, Gagarin\" \/><\/p>\n<p><strong>Marko A. Kova\u010di\u010d, American Dream<\/strong>, 6&#8242;<br \/>\nBrut, 1986<br \/>\n<img decoding=\"async\" class=\"slika\" src=\"http:\/\/www.videospotting.org\/wp-content\/uploads\/video-img\/kovacic\/kovacic-american-dream.jpg\" alt=\"Marko A. Kova\u010di\u010d, American Dream\" \/><\/p>\n<p><strong>Ema Kugler, Taiga<\/strong>, 8&#8242; 23&#8221;<br \/>\nForum Ljubljana &amp; VPK, 1996<br \/>\n<img decoding=\"async\" class=\"slika\" src=\"http:\/\/www.videospotting.org\/wp-content\/uploads\/video-img\/kugler\/kugler-tajga.jpg\" alt=\"Ema Kugler, Taiga\" \/><\/p>\n<p><strong>Andrej Lupinc \u2013 Lupo, In Eight Minutes Around the World<\/strong>, 8&#8242; 20&#8221;<br \/>\nTV Slovenija &amp; A. L., 1990\u20132000<br \/>\n<img decoding=\"async\" class=\"slika\" src=\"http:\/\/www.videospotting.org\/wp-content\/uploads\/video-img\/lupinc\/lupo-osem.jpg\" alt=\"Andrej Lupinc \u2013 Lupo, In Eight Minutes Around the World\" \/><\/p>\n<p><strong>Marijan Osole-Max, Avtop<\/strong>, 4&#8242; 50&#8221;<br \/>\n\u0160KD Forum, Ljubljana 1983<br \/>\n<img decoding=\"async\" class=\"slika\" src=\"http:\/\/www.videospotting.org\/wp-content\/uploads\/video-img\/osole\/osole-avtop.jpg\" alt=\"Marijan Osole-Max, Avtop\" \/><\/p>\n<p><strong>Sa\u0161o Podgor\u0161ek, England<\/strong>, 3&#8242; 51&#8221;<br \/>\n2006<br \/>\n<img decoding=\"async\" class=\"slika\" src=\"http:\/\/www.videospotting.org\/wp-content\/uploads\/video-img\/podgorsek\/podgorsek-anglija.jpg\" alt=\"Sa\u0161o Podgor\u0161ek, England\" \/><\/p>\n<p><strong>Zvonka Sim\u010di\u010d, Broken h-h-ha\u2026egg<\/strong>, 1&#8242;<br \/>\nZ. S., 2000<br \/>\n<img decoding=\"async\" class=\"slika\" src=\"http:\/\/www.videospotting.org\/wp-content\/uploads\/video-img\/simcic\/simcic-broken-egg.jpg\" alt=\"Zvonka Sim\u010di\u010d, Broken h-h-ha\u2026egg\" \/><\/p>\n<p><strong>Mirko Simi\u0107, Do You Hear the Sound of Silence<\/strong>, 2&#8242; 22&#8221;<br \/>\nBRIS &amp; V.S. Video \u2013 Forum, 1992<br \/>\n<img decoding=\"async\" class=\"slika\" src=\"http:\/\/www.videospotting.org\/wp-content\/uploads\/video-img\/simic\/simic-do-you-hear.jpg\" alt=\"Mirko Simi\u0107, Do You Hear the Sound of Silence\" \/><\/p>\n<p><strong>Robertina \u0160ebjani\u010d, Bubble<\/strong>, 1&#8242;<br \/>\nR. \u0160., 2007<br \/>\n<img decoding=\"async\" class=\"slika\" src=\"http:\/\/www.videospotting.org\/wp-content\/uploads\/video-img\/sebjanic\/sebjanic-bubble1.jpg\" alt=\"Robertina \u0160ebjani\u010d, Bubble\" \/><\/p>\n<p><strong>Nika \u0160pan, How to Socialise the Blues?<\/strong>, 1&#8242; 58&#8243;<br \/>\n2007<br \/>\n<img decoding=\"async\" class=\"slika\" src=\"http:\/\/www.videospotting.org\/wp-content\/uploads\/video-img\/span\/span_how-to-socialise-the-blues.jpg\" alt=\"Nika \u0160pan, How to Socialise the Blues?\" \/><\/p>\n<p><strong>Miha Vipotnik, Don&#8217;t Panic<\/strong>, 7&#8242;<br \/>\nTV Koper &amp; Obalne galerije Piran, 1984<br \/>\n<img decoding=\"async\" class=\"slika\" src=\"http:\/\/www.videospotting.org\/wp-content\/uploads\/video-img\/vipotnik\/vipotnik-dont-panic.jpg\" alt=\"Miha Vipotnik, Don't Panic\" \/><\/p>\n<p><strong>Tanja Vujinovi\u0107, Extagram-ST807<\/strong>, 1&#8242;<br \/>\nT. V., 2007<br \/>\n<img decoding=\"async\" class=\"slika\" src=\"http:\/\/www.videospotting.org\/wp-content\/uploads\/video-img\/vujinovic\/vujinovic-extagram.jpg\" alt=\"Tanja Vujinovi\u0107, Extagram-ST807\" \/><\/p>\n<p><strong>Zemira Alajbegovi\u0107 in Neven Korda (ZANK), So Young \/ So Young (Borghesia)<\/strong>, 5&#8242; 30&#8221;<br \/>\nFV Video \/ \u0160KD Forum, Ljubljana 1984<br \/>\n<img decoding=\"async\" class=\"slika\" src=\"http:\/\/www.videospotting.org\/wp-content\/uploads\/video-img\/zank\/zank-discipline.jpg\" alt=\"Zemira Alajbegovi\u0107 in Neven Korda (ZANK), Discipline \/ The Triumph of Desire (Borghesia)\" \/><\/p>\n","protected":false},"excerpt":{"rendered":"<p>Curated by: Barbara Bor\u010di\u0107, Miha Colner and Ida Hir\u0161enfelder Production: SCCA-Ljubljana 2009 Duration: 1 02&#8242; 13&#8243; Fifteen selected video works show specific artistic approaches to technological, medial and content usage of video as an expressive tool and present important shifts in the understanding of video art in a chronological manner between 1983 and 2007. Zemira [&hellip;]<\/p>\n","protected":false},"author":1,"featured_media":0,"parent":0,"menu_order":27,"comment_status":"closed","ping_status":"closed","template":"","meta":{"footnotes":""},"class_list":["post-268","page","type-page","status-publish","hentry"],"_links":{"self":[{"href":"https:\/\/www.videospotting.org\/eng\/wp-json\/wp\/v2\/pages\/268","targetHints":{"allow":["GET"]}}],"collection":[{"href":"https:\/\/www.videospotting.org\/eng\/wp-json\/wp\/v2\/pages"}],"about":[{"href":"https:\/\/www.videospotting.org\/eng\/wp-json\/wp\/v2\/types\/page"}],"author":[{"embeddable":true,"href":"https:\/\/www.videospotting.org\/eng\/wp-json\/wp\/v2\/users\/1"}],"replies":[{"embeddable":true,"href":"https:\/\/www.videospotting.org\/eng\/wp-json\/wp\/v2\/comments?post=268"}],"version-history":[{"count":10,"href":"https:\/\/www.videospotting.org\/eng\/wp-json\/wp\/v2\/pages\/268\/revisions"}],"predecessor-version":[{"id":713,"href":"https:\/\/www.videospotting.org\/eng\/wp-json\/wp\/v2\/pages\/268\/revisions\/713"}],"wp:attachment":[{"href":"https:\/\/www.videospotting.org\/eng\/wp-json\/wp\/v2\/media?parent=268"}],"curies":[{"name":"wp","href":"https:\/\/api.w.org\/{rel}","templated":true}]}}