{"id":27,"date":"2009-04-10T12:12:01","date_gmt":"2009-04-10T10:12:01","guid":{"rendered":"http:\/\/www.videospotting.org\/eng\/?page_id=27"},"modified":"2012-09-12T17:18:09","modified_gmt":"2012-09-12T15:18:09","slug":"from-alternative-scene-to-art-video-1994","status":"publish","type":"page","link":"https:\/\/www.videospotting.org\/eng\/from-alternative-scene-to-art-video-1994","title":{"rendered":"From Alternative Scene to Art Video (1994)"},"content":{"rendered":"<p class=\"crta\"><strong>Curated by:<\/strong> <strong>Zemira Alajbegovi\u0107<\/strong>, <strong>Barbara Bor\u010di\u0107<\/strong> and <strong>Eva Rohrman<\/strong><br \/>\n<strong>Production:<\/strong> SCCA-Ljubljana and \u0160kuc Gallery, 1994<br \/>\n<strong>Duration:<\/strong> 102 minutes<br \/>\n<strong>Tekst:<\/strong> <a href=\"http:\/\/www.videospotting.org\/eng\/from-alternative-scene-to-art-video\">Barbara Bor\u010di\u0107<\/a>, <a href=\"http:\/\/www.videospotting.org\/eng\/slovenian-video-program\">Nancy Buchanan<\/a><\/p>\n<p>A collaborative project of Soros Center for Contemporary Arts-Ljubljana and \u0160kuc Gallery presented Slovene video production from 1992 and 1994. <\/p>\n<p class=\"crta\">Divided into three sections (art video, music clips and video dance) the program presented thirteen video works.<\/p>\n<h4>Art Video (35 minutes)<\/h4>\n<p><strong>Nata\u0161a Prosenc, Tango for Fish<\/strong>, 4&#8242; 28&#8221;<br \/>\nTV Slovenija, 1992<br \/>\n<img decoding=\"async\" class=\"slika\" src=\"http:\/\/www.videospotting.org\/wp-content\/uploads\/video-img\/prosenc\/prosenc-tango-za-ribe.jpg\" alt=\"Nata\u0161a Prosenc, Tango for Fish\" \/><\/p>\n<p><strong>Mirko Simi\u0107, Do You Hear the Sound of Silence<\/strong>, 2&#8242; 22&#8221;<br \/>\nBRIS &amp; V.S. Video \u2013 Forum, 1992<br \/>\n<img decoding=\"async\" class=\"slika\" src=\"http:\/\/www.videospotting.org\/wp-content\/uploads\/video-img\/simic\/simic-do-you-hear.jpg\" alt=\"Mirko Simi\u0107, Do You Hear the Sound of Silence\" \/><\/p>\n<p><strong>Zemira Alajbegovi\u0107 in Neven Korda (ZANK), Autobus<\/strong>, 11&#8242;<br \/>\nTV Slovenija, 1993<br \/>\n<img decoding=\"async\" class=\"slika\" src=\"http:\/\/www.videospotting.org\/wp-content\/uploads\/video-img\/zank\/zank-autobus.jpg\" alt=\"Zank, Autobus\" \/><\/p>\n<p><strong>Marko A. Kova\u010di\u010d, No More Heroes Any More<\/strong>, 18&#8242;<br \/>\nV.S. Video \u2013 Forum, 1992<br \/>\n<img decoding=\"async\" class=\"slika\" src=\"http:\/\/www.videospotting.org\/wp-content\/uploads\/video-img\/kovacic\/kovacic-no-more-heroes.jpg\" alt=\"Marko A. Kova\u010di\u010d, No More Heroes Any More\" \/><\/p>\n<h4>Music Clips (23 minutes)<\/h4>\n<p><strong>Peter Vezjak, Wirtschaft ist Tot (Laibach)<\/strong>, 3&#8242; 45&#8221;<br \/>\nMute Film London &amp; TV Slovenija, 1993<br \/>\n<img decoding=\"async\" class=\"slika\" src=\"http:\/\/www.videospotting.org\/wp-content\/uploads\/video-img\/vezjak\/vezjak-wirtschaft.jpg\" alt=\"Peter Vezjak, Wirtschaft ist Tot\" \/><\/p>\n<p><strong>Marko A. Kova\u010di\u010d, I&#8217;ve Seen That&#8230;Like It Is (2227)<\/strong>, 5&#8242; 40&#8221;<br \/>\nV.S. Video &amp; Strip Core, Forum, 1993<br \/>\n<img decoding=\"async\" class=\"slika\" src=\"http:\/\/www.videospotting.org\/wp-content\/uploads\/video-img\/kovacic\/kovacic-ive-seen.jpg\" alt=\"Marko A. Kova\u010di\u010d, I've Seen That...Like It Is (2227)\" \/><\/p>\n<p><strong>Sa\u0161o Podgor\u0161ek, Cry Baby (Demolition Group)<\/strong>, 3&#8242; 26&#8221;<br \/>\nNord Cross Production, 1993<br \/>\n<img decoding=\"async\" class=\"slika\" src=\"http:\/\/www.videospotting.org\/wp-content\/uploads\/video-img\/podgorsek\/podgorsek-cry-baby.jpg\" alt=\"Sa\u0161o Podgor\u0161ek, Cry Baby\" \/><\/p>\n<p><strong>Zemira Alajbegovi\u0107 in Neven Korda (ZANK), 400 (Borghesia)<\/strong>, 4&#8242;<br \/>\nTV Slovenija, 1992<br \/>\n<img decoding=\"async\" class=\"slika\" src=\"http:\/\/www.videospotting.org\/wp-content\/uploads\/video-img\/zank\/zank-borghesia.jpg\" alt=\"Zemira Alajbegovi\u0107 in Neven Korda (ZANK), 400 (Borghesia)\" \/><\/p>\n<p><strong>Mateja Klari\u010d, Snip Snap (Videosex)<\/strong>, 3&#8242; 30&#8221;<br \/>\nCultura Europaea, 1993<br \/>\n<img decoding=\"async\" class=\"slika\" src=\"http:\/\/www.videospotting.org\/wp-content\/uploads\/video-img\/klaric\/klaric-snip-snap.jpg\" alt=\"Mateja Klari\u010d, Snip Snap (Videosex)\" \/><\/p>\n<p><strong>Mirko Simi\u010d, Small Terrace (U redu)<\/strong>, 3&#8242; 20&#8221;<br \/>\nBRIS &amp; Studio Ljubljana, 1992<br \/>\n<img decoding=\"async\" class=\"slika\" src=\"http:\/\/www.videospotting.org\/wp-content\/uploads\/video-img\/simic\/simic-mala-terasa.jpg\" alt=\"Mirko Simi\u0107, Small Terrace\" \/><\/p>\n<h4>Video Dance (44 minutes)<\/h4>\n<p><strong>Sa\u0161o Podgor\u0161ek, Path<\/strong>, 12&#8242;<br \/>\nPTL, 1993<br \/>\n<img decoding=\"async\" class=\"slika\" src=\"http:\/\/www.videospotting.org\/wp-content\/uploads\/video-img\/podgorsek\/podgorsek-pot.jpg\" alt=\"Sa\u0161o Podgor\u0161ek, Path\" \/><\/p>\n<p><strong>Jasna Hribernik, Staircase<\/strong>, 16&#8242; 03&#8221;<br \/>\nVPK &amp; Studio Ljubljana, 1992<br \/>\n<img decoding=\"async\" class=\"slika\" src=\"http:\/\/www.videospotting.org\/wp-content\/uploads\/video-img\/hribernik\/hribernik-stopnisce.jpg\" alt=\"Jasna Hribernik, Staircase\" \/><\/p>\n<p><strong>Ema Kugler, Hydra<\/strong>, 15&#8242; 40&#8221;<br \/>\nV.S. Video \u2013 Forum &amp; VPK, 1993<br \/>\n<img decoding=\"async\" class=\"slika\" src=\"http:\/\/www.videospotting.org\/wp-content\/uploads\/video-img\/kugler\/kugler-hydra.jpg\" alt=\"Ema Kugler, Hydra\" \/><\/p>\n<div style=\"height:20px\"> <\/div>\n","protected":false},"excerpt":{"rendered":"<p>Curated by: Zemira Alajbegovi\u0107, Barbara Bor\u010di\u0107 and Eva Rohrman Production: SCCA-Ljubljana and \u0160kuc Gallery, 1994 Duration: 102 minutes Tekst: Barbara Bor\u010di\u0107, Nancy Buchanan A collaborative project of Soros Center for Contemporary Arts-Ljubljana and \u0160kuc Gallery presented Slovene video production from 1992 and 1994. Divided into three sections (art video, music clips and video dance) the [&hellip;]<\/p>\n","protected":false},"author":1,"featured_media":0,"parent":0,"menu_order":50,"comment_status":"closed","ping_status":"closed","template":"","meta":{"footnotes":""},"class_list":["post-27","page","type-page","status-publish","hentry"],"_links":{"self":[{"href":"https:\/\/www.videospotting.org\/eng\/wp-json\/wp\/v2\/pages\/27","targetHints":{"allow":["GET"]}}],"collection":[{"href":"https:\/\/www.videospotting.org\/eng\/wp-json\/wp\/v2\/pages"}],"about":[{"href":"https:\/\/www.videospotting.org\/eng\/wp-json\/wp\/v2\/types\/page"}],"author":[{"embeddable":true,"href":"https:\/\/www.videospotting.org\/eng\/wp-json\/wp\/v2\/users\/1"}],"replies":[{"embeddable":true,"href":"https:\/\/www.videospotting.org\/eng\/wp-json\/wp\/v2\/comments?post=27"}],"version-history":[{"count":10,"href":"https:\/\/www.videospotting.org\/eng\/wp-json\/wp\/v2\/pages\/27\/revisions"}],"predecessor-version":[{"id":447,"href":"https:\/\/www.videospotting.org\/eng\/wp-json\/wp\/v2\/pages\/27\/revisions\/447"}],"wp:attachment":[{"href":"https:\/\/www.videospotting.org\/eng\/wp-json\/wp\/v2\/media?parent=27"}],"curies":[{"name":"wp","href":"https:\/\/api.w.org\/{rel}","templated":true}]}}