{"id":29,"date":"2009-04-10T12:12:32","date_gmt":"2009-04-10T10:12:32","guid":{"rendered":"http:\/\/www.videospotting.org\/eng\/?page_id=29"},"modified":"2012-09-12T17:18:26","modified_gmt":"2012-09-12T15:18:26","slug":"memories-1997","status":"publish","type":"page","link":"https:\/\/www.videospotting.org\/eng\/memories-1997","title":{"rendered":"Memories (1997)"},"content":{"rendered":"<p class=\"crta\"><strong>Curated by:<\/strong> <strong>Barbara Bor\u010di\u0107<\/strong> and <strong>Nerina Kocjan\u010di\u010d<\/strong><br \/>\n<strong>Production:<\/strong> SCCA-Ljubljana, 1997<br \/>\n<strong>Duration:<\/strong> 54 minutes<\/p>\n<p>Seven video works in the selection are concerned with the question of private and collective memory and history.<\/p>\n<p class=\"crta\">The program consists of a series of six thematic one-hour programs (<strong><a href=\"http:\/\/www.videospotting.org\/eng\/bodyspotting-1997\">Bodyspotting<\/a><\/strong>, <strong><a href=\"http:\/\/www.videospotting.org\/eng\/creatures-1997\">Creatures<\/a><\/strong>, <strong><a href=\"http:\/\/www.videospotting.org\/eng\/docuart-1997\">Docuart<\/a><\/strong>, <strong><a href=\"http:\/\/www.videospotting.org\/eng\/intolerance-1997\">Intolerance<\/a><\/strong>, <strong><a href=\"http:\/\/www.videospotting.org\/eng\/dancemania-1997\">Dancemania<\/a><\/strong> in <strong><a href=\"http:\/\/www.videospotting.org\/eng\/memories-1997\">Memories<\/a><\/strong>) featuring selected Slovene video productions from the period of five years (1992-1997) was presented in the form of thematic evening events. The programs are related to music video clips, art video, video dance and documentary videos. These are projects which are usually restricted to an electronic life of their own even though the video artists have frequently worked on more than one genre.<\/p>\n<p><strong>Jasna Hribernik, Ballabende<\/strong>, 21&#8242; 47&#8221;<br \/>\nTV Slovenija, 1996<br \/>\n<img decoding=\"async\" class=\"slika\" src=\"http:\/\/www.videospotting.org\/wp-content\/uploads\/video-img\/hribernik\/hribernik-ballabende.jpg\" alt=\"Jasna Hribernik, Ballabende\" \/><\/p>\n<p><strong>Mirko Simi\u010d, Mala terasa \/ Small Terrace (U redu)<\/strong>, 3&#8242; 20&#8221;<br \/>\nBRIS &#038; Studio Ljubljana, 1992<br \/>\n<img decoding=\"async\" class=\"slika\" src=\"http:\/\/www.videospotting.org\/wp-content\/uploads\/video-img\/simic\/simic-mala-terasa.jpg\" alt=\"Mirko Simi\u0107, Mala terasa \/ Small Terrace\" \/><\/p>\n<p><strong>Zemira Alajbegovi\u0107 in Neven Korda (ZANK), Sand Collectors<\/strong>, 12&#8242;<br \/>\nForum Ljubljana &#038; TV Slovenija, 1995<br \/>\n<img decoding=\"async\" class=\"slika\" src=\"http:\/\/www.videospotting.org\/wp-content\/uploads\/video-img\/zank\/zank-zbiralci-peska.jpg\" alt=\"Zemira Alajbegovi\u0107 in Neven Korda (ZANK), Sand Collectors\" \/><\/p>\n<p><strong>Peter Vezjak, Radioactivity (April Nine)<\/strong>, 3&#8242; 45&#8221;<br \/>\nMute Film London, 1994<br \/>\n<img decoding=\"async\" class=\"slika\" src=\"http:\/\/www.videospotting.org\/wp-content\/uploads\/video-img\/vezjak\/vezjak-radioactivity.jpg\" alt=\"Peter Vezjak, Radioactivity (April Nine)\" \/><\/p>\n<p><strong>Nata\u0161a Prosenc, Tango for Fish<\/strong>, 4&#8242; 28&#8221;<br \/>\nTV Slovenija, 1992<br \/>\n<img decoding=\"async\" class=\"slika\" src=\"http:\/\/www.videospotting.org\/wp-content\/uploads\/video-img\/prosenc\/prosenc-tango-za-ribe.jpg\" alt=\"Nata\u0161a Prosenc, Tango for Fish\" \/><\/p>\n<p><strong>Mirko Simi\u010d, Out of Memory<\/strong>, 5&#8242;<br \/>\nKUD Naprej Idrija &#038; BRIS, 1994<br \/>\n<img decoding=\"async\" class=\"slika\" src=\"http:\/\/www.videospotting.org\/wp-content\/uploads\/video-img\/simic\/simic-out-of-memory.jpg\" alt=\"Mirko Simi\u010d, Out of Memory\" \/><\/p>\n<p><strong>Sa\u0161o Podgor\u0161ek, Jou\u017eek (Vlado Kreslin)<\/strong>, 4&#8242; 06&#8221;<br \/>\nTV Slovenija, 1995<br \/>\n<img decoding=\"async\" class=\"slika\" src=\"http:\/\/www.videospotting.org\/wp-content\/uploads\/video-img\/podgorsek\/podgorsek-jouzek.jpg\" alt=\"Sa\u0161o Podgor\u0161ek, Jou\u017eek (Vlado Kreslin)\" \/><\/p>\n","protected":false},"excerpt":{"rendered":"<p>Curated by: Barbara Bor\u010di\u0107 and Nerina Kocjan\u010di\u010d Production: SCCA-Ljubljana, 1997 Duration: 54 minutes Seven video works in the selection are concerned with the question of private and collective memory and history. The program consists of a series of six thematic one-hour programs (Bodyspotting, Creatures, Docuart, Intolerance, Dancemania in Memories) featuring selected Slovene video productions from [&hellip;]<\/p>\n","protected":false},"author":1,"featured_media":0,"parent":0,"menu_order":49,"comment_status":"closed","ping_status":"closed","template":"","meta":{"footnotes":""},"class_list":["post-29","page","type-page","status-publish","hentry"],"_links":{"self":[{"href":"https:\/\/www.videospotting.org\/eng\/wp-json\/wp\/v2\/pages\/29","targetHints":{"allow":["GET"]}}],"collection":[{"href":"https:\/\/www.videospotting.org\/eng\/wp-json\/wp\/v2\/pages"}],"about":[{"href":"https:\/\/www.videospotting.org\/eng\/wp-json\/wp\/v2\/types\/page"}],"author":[{"embeddable":true,"href":"https:\/\/www.videospotting.org\/eng\/wp-json\/wp\/v2\/users\/1"}],"replies":[{"embeddable":true,"href":"https:\/\/www.videospotting.org\/eng\/wp-json\/wp\/v2\/comments?post=29"}],"version-history":[{"count":8,"href":"https:\/\/www.videospotting.org\/eng\/wp-json\/wp\/v2\/pages\/29\/revisions"}],"predecessor-version":[{"id":448,"href":"https:\/\/www.videospotting.org\/eng\/wp-json\/wp\/v2\/pages\/29\/revisions\/448"}],"wp:attachment":[{"href":"https:\/\/www.videospotting.org\/eng\/wp-json\/wp\/v2\/media?parent=29"}],"curies":[{"name":"wp","href":"https:\/\/api.w.org\/{rel}","templated":true}]}}