{"id":293,"date":"2010-11-05T13:29:25","date_gmt":"2010-11-05T11:29:25","guid":{"rendered":"http:\/\/www.videospotting.org\/eng\/?page_id=293"},"modified":"2012-09-12T17:28:43","modified_gmt":"2012-09-12T15:28:43","slug":"random-tape-destruction-2010","status":"publish","type":"page","link":"https:\/\/www.videospotting.org\/eng\/random-tape-destruction-2010","title":{"rendered":"Random Tape Destruction (2010)"},"content":{"rendered":"<p>Random selection from DIVA Station<\/p>\n<p class=\"crta\"><strong>Concept and method: Andrej Pezelj<\/strong><br \/>\n<strong>Production:<\/strong> SCCA-Ljubljana 2010<br \/>\n<strong>Duration:<\/strong> 73:34<\/p>\n<p>Unbiased selection from DIVA Station archive was made with random footages of videos longer than five and shorter than twenty minutes. The index numbers of the preview DVD covers were shot with a video camera on miniDV that was later randomly mechanically damaged. The deformation of the tape marked the work that was selected. Density of information and non-transparent magnetic tape prevented any bias choice.<\/p>\n<p class=\"crta\">(Program was first shown on 15. 10.2010, as a part of the seminar <a href=\"http:\/\/www.scca-ljubljana.si\/news-en_10-41.htm\" target=\"_blank\">How to connect contents of AV archives?<\/a> at the V\u017eigalica. Gallery in Ljubljana.)<\/p>\n<p><strong>Rok Sieberer \u2013 Kuri, Too blind to see<\/strong>, 6&#8242;<br \/>\nMedia Teror, 2000<br \/>\n<img decoding=\"async\" class=\"slika\" src=\"http:\/\/www.videospotting.org\/wp-content\/uploads\/video-img\/kuri\/kuri-prevec-slepi.jpg\" alt=\"Rok Sieberer \u2013 Kuri, Too blind to see\" \/>  <\/p>\n<p><strong>Bo\u0161tjan Kav\u010di\u010d, Let&#8217;s garden!<\/strong>, 8&#8242; 58&#8221;<br \/>\nBo\u0161tjan Kav\u010di\u010d, 2004<br \/>\n<img decoding=\"async\" class=\"slika\" src=\"http:\/\/www.videospotting.org\/wp-content\/uploads\/video-img\/kavcic\/kavcic-vrtnarimo.jpg\" alt=\"Bo\u0161tjan Kav\u010di\u010d, Let's garden!\" \/> <\/p>\n<p><strong>Zvonko \u010coh, Milan Eri\u010d, Cigar for a Prince<\/strong>, part of the animation <em>Socialisation of the bull<\/em>, 11&#8242; 09\u2019\u2019<br \/>\nEmotion Film in TV Slovenija, 1995<br \/>\n<img decoding=\"async\" class=\"slika\" src=\"http:\/\/www.videospotting.org\/wp-content\/uploads\/video-img\/coh-eric\/coh-eric-cigar-for-a-prince.jpg\" alt=\"Zvonko \u010coh, Milan Eri\u010d, Cigar for a Prince\" \/> <\/p>\n<p><strong>Nora de Saint Picman, Orpheus<\/strong>, 14&#8242; 31&#8221;<br \/>\nNora de Saint Picman, 1997<br \/>\n<img decoding=\"async\" class=\"slika\" src=\"http:\/\/www.videospotting.org\/wp-content\/uploads\/video-img\/picman\/picman-orpheus.jpg\" alt=\"Nora de Saint Picman, Orpheus\" \/><\/p>\n<p><strong>Jasna Hribernik in Zmago Len\u00e1rdi\u010d, Elsa and Lohengrin<\/strong>, 3&#8242;<br \/>\nVPK, 1997<br \/>\n<img decoding=\"async\" class=\"slika\" src=\"http:\/\/www.videospotting.org\/wp-content\/uploads\/video-img\/hribernik\/hribernik-lenardic-elsa.jpg\" alt=\"Jasna Hribernik in Zmago Lenardi\u010d, Elsa and Lohengrin\" \/><\/p>\n<p><strong>Jasna Hribernik, Carte Postale<\/strong>, 6&#8242; 18&#8221;<br \/>\nVPK, 1997<br \/>\n<img decoding=\"async\" class=\"slika\" src=\"http:\/\/www.videospotting.org\/wp-content\/uploads\/video-img\/hribernik\/hribernik-carte-postale.jpg\" alt=\"Jasna Hribernik, Carte Postale\" \/><\/p>\n<p><strong>Apolonija \u0160u\u0161ter\u0161i\u010d, Kees van Zelst, Entrance de Singel<\/strong>, 5&#8242; 50&#8221;<br \/>\nApolonija \u0160u\u0161ter\u0161i\u010d, Kees van Zelst, 1997<br \/>\n<img decoding=\"async\" class=\"slika\" src=\"http:\/\/www.videospotting.org\/wp-content\/uploads\/video-img\/sustersic\/sustersic-zelst-entrance.jpg\" alt=\"Apolonija \u0160u\u0161ter\u0161i\u010d, Kees van Zelst, Entrance de Singel\" \/><\/p>\n<p><strong>Apolonija \u0160u\u0161ter\u0161i\u010d, Kees van Zelst, Studio 016<\/strong>, 2&#8242; 11&#8221;<br \/>\nApolonija \u0160u\u0161ter\u0161i\u010d, Kees van Zelst, 1995<br \/>\n<img decoding=\"async\" class=\"slika\" src=\"http:\/\/www.videospotting.org\/wp-content\/uploads\/video-img\/sustersic\/sustersic-zelst-studio.jpg\" alt=\"Apolonija \u0160u\u0161ter\u0161i\u010d, Kees van Zelst, Studio 016\" \/><\/p>\n<p><strong>Mirko Simi\u0107, Anti Nazy Mix<\/strong>, 9&#8242; 11&#8221;<br \/>\nMirko Simi\u0107, 1993<br \/>\n<img decoding=\"async\" class=\"slika\" src=\"http:\/\/www.videospotting.org\/wp-content\/uploads\/video-img\/simic\/simic_antiNazy.jpg\" alt=\"Mirko Simi\u0107, Anti Nazy Mix\" \/><\/p>\n<p><strong>Ur\u0161ula Berlot, Installations 2004-2007<\/strong>, 5&#8242; 14&#8221;<br \/>\nUr\u0161ula Berlot, 2007<br \/>\n<img decoding=\"async\" class=\"slika\" src=\"http:\/\/www.videospotting.org\/wp-content\/uploads\/video-img\/berlot\/berlot-installations.jpg\" alt=\"Ur\u0161ula Berlot, Installations\" \/><\/p>\n","protected":false},"excerpt":{"rendered":"<p>Random selection from DIVA Station Concept and method: Andrej Pezelj Production: SCCA-Ljubljana 2010 Duration: 73:34 Unbiased selection from DIVA Station archive was made with random footages of videos longer than five and shorter than twenty minutes. The index numbers of the preview DVD covers were shot with a video camera on miniDV that was later [&hellip;]<\/p>\n","protected":false},"author":1,"featured_media":0,"parent":0,"menu_order":26,"comment_status":"closed","ping_status":"closed","template":"","meta":{"footnotes":""},"class_list":["post-293","page","type-page","status-publish","hentry"],"_links":{"self":[{"href":"https:\/\/www.videospotting.org\/eng\/wp-json\/wp\/v2\/pages\/293","targetHints":{"allow":["GET"]}}],"collection":[{"href":"https:\/\/www.videospotting.org\/eng\/wp-json\/wp\/v2\/pages"}],"about":[{"href":"https:\/\/www.videospotting.org\/eng\/wp-json\/wp\/v2\/types\/page"}],"author":[{"embeddable":true,"href":"https:\/\/www.videospotting.org\/eng\/wp-json\/wp\/v2\/users\/1"}],"replies":[{"embeddable":true,"href":"https:\/\/www.videospotting.org\/eng\/wp-json\/wp\/v2\/comments?post=293"}],"version-history":[{"count":5,"href":"https:\/\/www.videospotting.org\/eng\/wp-json\/wp\/v2\/pages\/293\/revisions"}],"predecessor-version":[{"id":475,"href":"https:\/\/www.videospotting.org\/eng\/wp-json\/wp\/v2\/pages\/293\/revisions\/475"}],"wp:attachment":[{"href":"https:\/\/www.videospotting.org\/eng\/wp-json\/wp\/v2\/media?parent=293"}],"curies":[{"name":"wp","href":"https:\/\/api.w.org\/{rel}","templated":true}]}}