{"id":306,"date":"2010-12-03T20:02:13","date_gmt":"2010-12-03T18:02:13","guid":{"rendered":"http:\/\/www.videospotting.org\/eng\/?page_id=306"},"modified":"2012-09-12T17:30:39","modified_gmt":"2012-09-12T15:30:39","slug":"diva-station-presents-ii-2010","status":"publish","type":"page","link":"https:\/\/www.videospotting.org\/eng\/diva-station-presents-ii-2010","title":{"rendered":"DIVA Station Presents II (2010)"},"content":{"rendered":"<p>Landmarks of video language<\/p>\n<p class=\"crta\"><strong>Concept: Barbara Bor\u010di\u0107, Miha Colner, Ida Hir\u0161enfelder<\/strong><br \/>\n<strong>Production:<\/strong> SCCA-Ljubljana, 2010<br \/>\n<strong>Duration:<\/strong> 84&#8242; 46&#8221;<\/p>\n<p>The purpose of the second review selection of video works from digital, material and internet archiv <em>DIVA Station<\/em> is to represent so-called landmarks of video language, to contain most various approaches to the usage of video language in the past thirty years. Some of the most important genres of video art are included in this overall selection, clearly showing qualitive works of documentary, narrative, experimental, video performance, video as a part of VJ performance, video dance and animated (stop-motion) video.  <\/p>\n<p class=\"crta\">Program was first shown on 4th November 2010 at Arsenal Municipal Gallery, Poznan, Poland.<\/p>\n<p><strong>Andrej Lupinc \u2013 Lupo, In Eight Days Around the World<\/strong>, 8&#8242; 20&#8221;<br \/>\nTV Slovenia, Film Laboratory, 1999-2000<br \/>\n<img decoding=\"async\" class=\"slika\" src=\"http:\/\/www.videospotting.org\/wp-content\/uploads\/video-img\/lupinc\/lupo-osem.jpg\" alt=\"Andrej Lupinc \u2013 Lupo, In Eight Days Around the World\" \/> <\/p>\n<p><strong>Polonca Lov\u0161in, Street: Always Better<\/strong>, 1&#8217;25&#8221;<br \/>\nP. L., 2002<br \/>\nSound: tosca\/Suzuki<br \/>\n<img decoding=\"async\" class=\"slika\" src=\"http:\/\/www.videospotting.org\/wp-content\/uploads\/video-img\/lovsin\/lovsin-vedno-boljsa.jpg\" alt=\"Polonca Lov\u0161in, Always Better\" \/><\/p>\n<p><strong>Zemira Alajbegovi\u0107 &#038; Neven Korda (ZANK), Autobus<\/strong>, 11&#8242;<br \/>\nTV Slovenia, 1993<br \/>\n<img decoding=\"async\" class=\"slika\" src=\"http:\/\/www.videospotting.org\/wp-content\/uploads\/video-img\/zank\/zank-autobus.jpg\" alt=\"Zank, Autobus\" \/><\/p>\n<p><strong>Toma\u017e Furlan, Wear III<\/strong>, 2\u201917\u2019\u2019<br \/>\nT. F., 2005-2008<br \/>\n<img decoding=\"async\" class=\"slika\" src=\"http:\/\/www.videospotting.org\/wp-content\/uploads\/video-img\/furlan\/furlan-wear.jpg\" alt=\"Toma\u017e Furlan, Wear\" \/> <\/p>\n<p><strong>Toma\u017e Furlan, Wear VII<\/strong>, 3\u201930\u2019\u2019<br \/>\nT. F., 2005-2008<br \/>\n<img decoding=\"async\" class=\"slika\" src=\"http:\/\/www.videospotting.org\/wp-content\/uploads\/video-img\/furlan\/furlan-wear-vii.jpg\" alt=\"Toma\u017e Furlan, Wear VII\" \/> <\/p>\n<p><strong>Maja Smrekar, The Mechanism<\/strong>, 1\u201915\u2019\u2019<br \/>\nM. S., 2009<br \/>\n<img decoding=\"async\" class=\"slika\" src=\"http:\/\/www.videospotting.org\/wp-content\/uploads\/video-img\/smrekar\/smrekar-mechanism.jpg\" alt=\"Maja Smrekar, The Mechanism\" \/> <\/p>\n<p><strong>Marko A. Kova\u010di\u010d, Song of Flesh and Image Was Made Body<\/strong>, 16&#8242;<br \/>\n\u0160KUC-Forum \/ coproduction Marijan Osole &#8211; Max, Ljubljana 1985<br \/>\n<img decoding=\"async\" class=\"slika\" src=\"http:\/\/www.videospotting.org\/wp-content\/uploads\/video-img\/kovacic\/kovacic-pesem.jpg\" alt=\"Marko A. Kova\u010di\u010d, Song of Flesh and Image Was Made Body\" \/><\/p>\n<p><strong>Zoran Srdi\u0107, Scribbling on Words<\/strong>, 5\u201905\u2019\u2019<br \/>\nZ. S., 2005<br \/>\n<img decoding=\"async\" class=\"slika\" src=\"http:\/\/www.videospotting.org\/wp-content\/uploads\/video-img\/srdic\/srdic-poceckane-besede.jpg\" alt=\"Zoran Srdi\u0107, Scribbling on Words\" \/><\/p>\n<p><strong>Sa\u0161o Podgor\u0161ek &#038;  Iztok Kova\u010d, Vertigo Bird<\/strong>, 33&#8242;<br \/>\nEn-Knap &#038; TV Slovenia, 1996<br \/>\n<img decoding=\"async\" class=\"slika\" src=\"http:\/\/www.videospotting.org\/wp-content\/uploads\/video-img\/podgorsek\/podgorsek-vrtoglavi-ptic.jpg\" alt=\"Sa\u0161o Podgor\u0161ek &#038;  Iztok Kova\u010d, Vertigo Bird\" \/><\/p>\n","protected":false},"excerpt":{"rendered":"<p>Landmarks of video language Concept: Barbara Bor\u010di\u0107, Miha Colner, Ida Hir\u0161enfelder Production: SCCA-Ljubljana, 2010 Duration: 84&#8242; 46&#8221; The purpose of the second review selection of video works from digital, material and internet archiv DIVA Station is to represent so-called landmarks of video language, to contain most various approaches to the usage of video language in [&hellip;]<\/p>\n","protected":false},"author":1,"featured_media":0,"parent":0,"menu_order":24,"comment_status":"closed","ping_status":"closed","template":"","meta":{"footnotes":""},"class_list":["post-306","page","type-page","status-publish","hentry"],"_links":{"self":[{"href":"https:\/\/www.videospotting.org\/eng\/wp-json\/wp\/v2\/pages\/306","targetHints":{"allow":["GET"]}}],"collection":[{"href":"https:\/\/www.videospotting.org\/eng\/wp-json\/wp\/v2\/pages"}],"about":[{"href":"https:\/\/www.videospotting.org\/eng\/wp-json\/wp\/v2\/types\/page"}],"author":[{"embeddable":true,"href":"https:\/\/www.videospotting.org\/eng\/wp-json\/wp\/v2\/users\/1"}],"replies":[{"embeddable":true,"href":"https:\/\/www.videospotting.org\/eng\/wp-json\/wp\/v2\/comments?post=306"}],"version-history":[{"count":4,"href":"https:\/\/www.videospotting.org\/eng\/wp-json\/wp\/v2\/pages\/306\/revisions"}],"predecessor-version":[{"id":477,"href":"https:\/\/www.videospotting.org\/eng\/wp-json\/wp\/v2\/pages\/306\/revisions\/477"}],"wp:attachment":[{"href":"https:\/\/www.videospotting.org\/eng\/wp-json\/wp\/v2\/media?parent=306"}],"curies":[{"name":"wp","href":"https:\/\/api.w.org\/{rel}","templated":true}]}}