{"id":31,"date":"2009-04-10T12:12:54","date_gmt":"2009-04-10T10:12:54","guid":{"rendered":"http:\/\/www.videospotting.org\/eng\/?page_id=31"},"modified":"2016-04-14T17:51:04","modified_gmt":"2016-04-14T15:51:04","slug":"intolerance-1997","status":"publish","type":"page","link":"https:\/\/www.videospotting.org\/eng\/intolerance-1997","title":{"rendered":"Intolerance (1997)"},"content":{"rendered":"<p class=\"crta\"><strong>Curated by:<\/strong> <strong>Barbara Bor\u010di\u0107<\/strong> and <strong>Nerina Kocjan\u010di\u010d<\/strong><br \/>\n<strong>Produced:<\/strong> SCCA-Ljubljana, 1997<br \/>\n<strong>Duration:<\/strong> 60 minutes<\/p>\n<p>Six video works in the selection are concerned with various forms of control, persecution, discipline, intolerance and revolt through history and take a stance towards them here and now.<\/p>\n<p class=\"crta\">The program consists of a series of six thematic one-hour programs (<strong><a href=\"http:\/\/www.videospotting.org\/eng\/bodyspotting-1997\">Bodyspotting<\/a><\/strong>, <strong><a href=\"http:\/\/www.videospotting.org\/eng\/creatures-1997\">Creatures<\/a><\/strong>, <strong><a href=\"http:\/\/www.videospotting.org\/eng\/docuart-1997\">Docuart<\/a><\/strong>, <strong><a href=\"http:\/\/www.videospotting.org\/eng\/intolerance-1997\">Intolerance<\/a><\/strong>, <strong><a href=\"http:\/\/www.videospotting.org\/eng\/dancemania-1997\">Dancemania<\/a><\/strong> and <strong><a href=\"http:\/\/www.videospotting.org\/eng\/memories-1997\">Memories<\/a><\/strong>)  featuring selected Slovene video productions from the period of five years (1992-1997) was presented in the form of thematic evening events. The programs are related to music video clips, art video, video dance and documentary videos. These are projects which are usually restricted to an electronic life of their own even though the video artists have frequently worked on more than one genre.<\/p>\n<p><strong>Marko A. Kova\u010di\u010d, No More Heroes Any More<\/strong>, 18&#8242;<br \/>\nV.S. VIDEO, Forum, 1992<br \/>\n<img decoding=\"async\" class=\"slika\" src=\"http:\/\/www.videospotting.org\/wp-content\/uploads\/video-img\/kovacic\/kovacic-no-more-heroes.jpg\" alt=\"Marko A. Kova\u010di\u010d, No More Heroes Any More\" \/><\/p>\n<p><strong>Mirko Simi\u010d, Ausl\u00e4nder (Magnifico)<\/strong>, 3&#8242; 52&#8221;<br \/>\nMagnifico &#038; VPK, 1995<br \/>\n<img decoding=\"async\" class=\"slika\" src=\"http:\/\/www.videospotting.org\/wp-content\/uploads\/video-img\/simic\/simic-auslander.jpg\" alt=\"Mirko Simi\u010d, Auslander (Magnifico)\" \/>                                     <\/p>\n<p><strong>Zemira Alajbegovi\u0107 in Neven Korda (ZANK), Autobus<\/strong>, 11&#8242;<br \/>\nTV Slovenija, 1993<br \/>\n<img decoding=\"async\" class=\"slika\" src=\"http:\/\/www.videospotting.org\/wp-content\/uploads\/video-img\/zank\/zank-autobus.jpg\" alt=\"Zank, Autobus\" \/><\/p>\n<p><strong>Mirko Simi\u0107, Scream (Borghesia)<\/strong>, 3&#8242; 52&#8221;<br \/>\nBris &#038;VPK, 1995<br \/>\n<img decoding=\"async\" class=\"slika\" src=\"http:\/\/www.videospotting.org\/wp-content\/uploads\/video-img\/simic\/simic-scream.jpg\" alt=\"Mirko Simi\u0107, Scream (Borghesia)\" \/>                                        <\/p>\n<p><strong>Jasna Hribernik, Lok telesa \/ The Body Bow<\/strong>, 18&#8242; 21&#8221;<br \/>\nArsmedia, 1996<br \/>\n<img decoding=\"async\" class=\"slika\" src=\"http:\/\/www.videospotting.org\/wp-content\/uploads\/video-img\/hribernik\/hribernik-lok.jpg\" alt=\"Jasna Hribernik, Lok telesa \/ The Body Bow\" \/>                                           <\/p>\n<p><strong>Sa\u0161o Podgor\u0161ek, God Is God (Laibach)<\/strong>, 3&#8242; 41&#8221;<br \/>\nMute Film London, 1996<br \/>\n<img decoding=\"async\" class=\"slika\" src=\"http:\/\/www.videospotting.org\/wp-content\/uploads\/video-img\/podgorsek\/podgorsek-god.jpg\" alt=\"Sa\u0161o Podgor\u0161ek, God Is God (Laibach)\" \/> <\/p>\n","protected":false},"excerpt":{"rendered":"<p>Curated by: Barbara Bor\u010di\u0107 and Nerina Kocjan\u010di\u010d Produced: SCCA-Ljubljana, 1997 Duration: 60 minutes Six video works in the selection are concerned with various forms of control, persecution, discipline, intolerance and revolt through history and take a stance towards them here and now. The program consists of a series of six thematic one-hour programs (Bodyspotting, Creatures, [&hellip;]<\/p>\n","protected":false},"author":1,"featured_media":0,"parent":0,"menu_order":48,"comment_status":"closed","ping_status":"closed","template":"","meta":{"footnotes":""},"class_list":["post-31","page","type-page","status-publish","hentry"],"_links":{"self":[{"href":"https:\/\/www.videospotting.org\/eng\/wp-json\/wp\/v2\/pages\/31","targetHints":{"allow":["GET"]}}],"collection":[{"href":"https:\/\/www.videospotting.org\/eng\/wp-json\/wp\/v2\/pages"}],"about":[{"href":"https:\/\/www.videospotting.org\/eng\/wp-json\/wp\/v2\/types\/page"}],"author":[{"embeddable":true,"href":"https:\/\/www.videospotting.org\/eng\/wp-json\/wp\/v2\/users\/1"}],"replies":[{"embeddable":true,"href":"https:\/\/www.videospotting.org\/eng\/wp-json\/wp\/v2\/comments?post=31"}],"version-history":[{"count":8,"href":"https:\/\/www.videospotting.org\/eng\/wp-json\/wp\/v2\/pages\/31\/revisions"}],"predecessor-version":[{"id":616,"href":"https:\/\/www.videospotting.org\/eng\/wp-json\/wp\/v2\/pages\/31\/revisions\/616"}],"wp:attachment":[{"href":"https:\/\/www.videospotting.org\/eng\/wp-json\/wp\/v2\/media?parent=31"}],"curies":[{"name":"wp","href":"https:\/\/api.w.org\/{rel}","templated":true}]}}