{"id":33,"date":"2009-04-10T12:13:11","date_gmt":"2009-04-10T10:13:11","guid":{"rendered":"http:\/\/www.videospotting.org\/eng\/?page_id=33"},"modified":"2012-09-12T17:19:54","modified_gmt":"2012-09-12T15:19:54","slug":"creatures-1997","status":"publish","type":"page","link":"https:\/\/www.videospotting.org\/eng\/creatures-1997","title":{"rendered":"Creatures (1997)"},"content":{"rendered":"<p class=\"crta\"><strong>Curated by:<\/strong> <strong>Barbara Bor\u010di\u0107<\/strong> and <strong>Nerina Kocjan\u010di\u010d<\/strong><br \/>\n<strong>Production:<\/strong> SCCA-Ljubljana, 1997<br \/>\n<strong>Duration:<\/strong> 55 minutes<br \/>\n<strong>Tekst:<\/strong> <a href=\"http:\/\/www.videospotting.org\/eng\/b-borcic-creatures\">Barbara Bor\u010di\u0107<\/a><\/p>\n<p>Six video works in the selection are concerned with the concept of time and the concept of creatures by which they question and expose our relation to the Unknown, the Different, the Other.<\/p>\n<p class=\"crta\">The program consists of a series of six thematic one-hour programs (<strong><a href=\"http:\/\/www.videospotting.org\/eng\/bodyspotting-1997\">Bodyspotting<\/a><\/strong>, <strong><a href=\"http:\/\/www.videospotting.org\/eng\/creatures-1997\">Creatures<\/a><\/strong>, <strong><a href=\"http:\/\/www.videospotting.org\/eng\/docuart-1997\">Docuart<\/a><\/strong>, <strong><a href=\"http:\/\/www.videospotting.org\/eng\/intolerance-1997\">Intolerance<\/a><\/strong>, <strong><a href=\"http:\/\/www.videospotting.org\/eng\/dancemania-1997\">Dancemania<\/a><\/strong> and <strong><a href=\"http:\/\/www.videospotting.org\/eng\/memories-1997\">Memories<\/a><\/strong>) featuring selected Slovene video productions from the period of five years (1992-1997) was presented in the form of thematic evening events. The programs are related to music video clips, art video, video dance and documentary videos. These are projects which are usually restricted to an electronic life of their own even though the video artists have frequently worked on more than one genre.<\/p>\n<p><strong>Marko A. Kova\u010di\u010d, Forth into the Past<\/strong>, 10&#8242;<br \/>\nForum Ljubljana &#038; VPK, 1995<br \/>\n<img decoding=\"async\" class=\"slika\" src=\"http:\/\/www.videospotting.org\/wp-content\/uploads\/video-img\/kovacic\/kovacic-naprej.jpg\" alt=\"Marko A. Kova\u010di\u010d, Forth into the Past\" \/><\/p>\n<p><strong>Peter Vezjak, Wirtschaft ist tot (Laibach)<\/strong>, 3&#8242; 45&#8221;<br \/>\nMute Film London &#038; TV Slovenija, 1993<br \/>\n<img decoding=\"async\" class=\"slika\" src=\"http:\/\/www.videospotting.org\/wp-content\/uploads\/video-img\/vezjak\/vezjak-wirtschaft.jpg\" alt=\"Peter Vezjak, Wirtschaft ist Tot\" \/>           <\/p>\n<p><strong>Marko Peljhan\/Projekt Atol, LADOMIR &phi;AKT&gamma;PA: First Surface-MIKROLAB<\/strong>, 17&#8221;<br \/>\nProject Atol &#038; Aster, 1994<br \/>\n<img decoding=\"async\" class=\"slika\" src=\"http:\/\/www.videospotting.org\/wp-content\/uploads\/video-img\/peljhan\/peljhan-ladomir.jpg\" alt=\"Marko Peljhan\/Projekt Atol, LADOMIR &phi;AKT&gamma;PA: First Surface-MIKROLAB\" \/>   <\/p>\n<p><strong>Sa\u0161o Podgor\u0161ek, Model (Demolition Group)<\/strong>, 4&#8242; 57&#8221;<br \/>\nNord Cross Production, Mute film &#038; TV Slovenija, Ljubljana, 1994<br \/>\n<img decoding=\"async\" class=\"slika\" src=\"http:\/\/www.videospotting.org\/wp-content\/uploads\/video-img\/podgorsek\/podgorsek-model.jpg\" alt=\"Sa\u0161o Podgor\u0161ek, Model (Demolition Group)\" \/> <\/p>\n<p><strong>Ema Kugler, Hydra<\/strong>, 15&#8242; 40&#8221;<br \/>\nForum Ljubljana &#038; VPK, 1993<br \/>\n<img decoding=\"async\" class=\"slika\" src=\"http:\/\/www.videospotting.org\/wp-content\/uploads\/video-img\/kugler\/kugler-hydra.jpg\" alt=\"Ema Kugler, Hydra\" \/><\/p>\n<p><strong>Peter Vezjak, Venite Lucifer (Paracelsus &#038; 300.000 V.K.)<\/strong>, 3&#8242; 30&#8221;<br \/>\nMute Film &#038; TV Slovenija, 1995<br \/>\n<img decoding=\"async\" class=\"slika\" src=\"http:\/\/www.videospotting.org\/wp-content\/uploads\/video-img\/vezjak\/vezjak-venite.jpg\" alt=\"Peter Vezjak, Venite Lucifer (Paracelsus &#038; 300.000 V.K.)\" \/><\/p>\n","protected":false},"excerpt":{"rendered":"<p>Curated by: Barbara Bor\u010di\u0107 and Nerina Kocjan\u010di\u010d Production: SCCA-Ljubljana, 1997 Duration: 55 minutes Tekst: Barbara Bor\u010di\u0107 Six video works in the selection are concerned with the concept of time and the concept of creatures by which they question and expose our relation to the Unknown, the Different, the Other. The program consists of a series [&hellip;]<\/p>\n","protected":false},"author":1,"featured_media":0,"parent":0,"menu_order":45,"comment_status":"closed","ping_status":"closed","template":"","meta":{"footnotes":""},"class_list":["post-33","page","type-page","status-publish","hentry"],"_links":{"self":[{"href":"https:\/\/www.videospotting.org\/eng\/wp-json\/wp\/v2\/pages\/33","targetHints":{"allow":["GET"]}}],"collection":[{"href":"https:\/\/www.videospotting.org\/eng\/wp-json\/wp\/v2\/pages"}],"about":[{"href":"https:\/\/www.videospotting.org\/eng\/wp-json\/wp\/v2\/types\/page"}],"author":[{"embeddable":true,"href":"https:\/\/www.videospotting.org\/eng\/wp-json\/wp\/v2\/users\/1"}],"replies":[{"embeddable":true,"href":"https:\/\/www.videospotting.org\/eng\/wp-json\/wp\/v2\/comments?post=33"}],"version-history":[{"count":6,"href":"https:\/\/www.videospotting.org\/eng\/wp-json\/wp\/v2\/pages\/33\/revisions"}],"predecessor-version":[{"id":452,"href":"https:\/\/www.videospotting.org\/eng\/wp-json\/wp\/v2\/pages\/33\/revisions\/452"}],"wp:attachment":[{"href":"https:\/\/www.videospotting.org\/eng\/wp-json\/wp\/v2\/media?parent=33"}],"curies":[{"name":"wp","href":"https:\/\/api.w.org\/{rel}","templated":true}]}}