{"id":341,"date":"2011-12-30T15:36:33","date_gmt":"2011-12-30T13:36:33","guid":{"rendered":"http:\/\/www.videospotting.org\/eng\/?page_id=341"},"modified":"2012-09-12T17:42:19","modified_gmt":"2012-09-12T15:42:19","slug":"keyword-food-11-2011","status":"publish","type":"page","link":"https:\/\/www.videospotting.org\/eng\/keyword-food-11-2011","title":{"rendered":"Keyword: Food [11] (2011)"},"content":{"rendered":"<p class=\"crta\"><strong>Concept: Ida Hir\u0161enfelder<\/strong><br \/>\n<strong>Production:<\/strong> SCCA-Ljubljana, 2011<br \/>\n<strong>Duration:<\/strong> 2 21&#8242; 35&#8221;<\/p>\n<p class=\"crta\"><em>Keyword: Food [11]<\/em> selection was prepared for <em>Video Diners<\/em> organised by Cultural Incubator \u2013 MKC Maribor to present guest artists and organisations which would prepare thematic video projections spiced up by culinary goods and non-formal conversation of the participants. For the occasion, we were at first led by the idea to examine the functionality of tagging at <a href=\"http:\/\/www.e-arhiv.org\/diva\" target=\"_blank\">www.e-arhiv.org\/diva<\/a> web site that is navigating the users through extensive video materials of the physical video archive DIVA Station. The number of the works on the screening is identical to the number of videos connected with the keyword &#8220;Food&#8221;. The word &#8220;food&#8221; was selected also to dedicate this <em>Video Diner<\/em> to the question of the role of the sense of smell and taste in the field of visual arts that is connecting them more with catering and less with aesthetic experience. We have set ourselves a very literal task to dedicate a social event to tickling of the taste buds and to filling up the space with the smell and the taste.<\/p>\n<p><strong>Zemira Alajbegovi\u0107, P.O.R., Burn out #9<\/strong>, 29&#8242;<br \/>\nZANK, 2003<br \/>\n<img decoding=\"async\" class=\"slika\" src=\"http:\/\/www.videospotting.org\/wp-content\/uploads\/video-img\/alajbegovic\/alajbegovic-p.o.r.burn-out9.jpg\" alt=\"Zemira Alajbegovi\u0107, P.O.R., Burn out #9\" \/><\/p>\n<p><strong>Apolonija \u0160u\u0161ter\u0161i\u010d, How To Make Orange Juice I<\/strong>, 2&#8242; 8&#8243;<br \/>\nA. P., 1998<br \/>\n<img decoding=\"async\" class=\"slika\" src=\"http:\/\/www.videospotting.org\/wp-content\/uploads\/video-img\/sustersic\/sustersic-orange-juice1.jpg\" alt=\"Apolonija \u0160u\u0161ter\u0161i\u010d, How To Make Orange Juice I\" \/><\/p>\n<p><strong>Damijan Kracina &#038; Katarina Toman Kracina, Marmelade<\/strong>, 4&#8242;<br \/>\nD. K., 2004<br \/>\n<img decoding=\"async\" class=\"slika\" src=\"http:\/\/www.videospotting.org\/wp-content\/uploads\/video-img\/kracina\/kracina-toman-marmelada.jpg\" alt=\"Damijan Kracina &#038; Katarina Toman Kracina, Marmelada\" \/>  <\/p>\n<p><strong>Alenka Pirman in Maja \u0160ubic: Ajiaco<\/strong>, 5&#8217;15&#8221;<br \/>\nA. P. in M. \u0160., 1998<br \/>\n<img decoding=\"async\" class=\"slika\" src=\"http:\/\/www.videospotting.org\/wp-content\/uploads\/video-img\/pirman\/pirman-subic-ajiaco.jpg\" alt=\"Alenka Pirman in Maja \u0160ubic: Ajiaco\" \/>  <\/p>\n<p><strong>Duba Sambolec, Collectors #3<\/strong>, 30&#8217;41&#8221;<br \/>\nKIT, Trondheim, Norway, 2002<br \/>\nPerformers: Nata\u0161a Sku\u0161ek, Duba Sambolec<br \/>\nEditor: \u00d8yvind Rune St\u00e5len<br \/>\n<img decoding=\"async\" class=\"slika\" src=\"http:\/\/www.videospotting.org\/wp-content\/uploads\/video-img\/sambolec\/sambolec-collectors.jpg\" alt=\"Duba Sambolec, Collectors #3\" \/><\/p>\n<p><strong>Jasna Hribernik, House of Contrasts<\/strong>, 26\u2019<br \/>\nTV Slovenija, 1998<br \/>\n<img decoding=\"async\" class=\"slika\" src=\"http:\/\/www.videospotting.org\/wp-content\/uploads\/video-img\/hribernik\/hribernik-hisa-nasprotij.jpg\" alt=\"Jasna Hribernik, Hi\u0161a nasprotij\" \/> <\/p>\n<p><strong>Sa\u0161o Sedla\u010dek, Picnic on a Dump<\/strong>, 8&#8242; 57&#8221;<br \/>\nS. S., 2004<br \/>\n<img decoding=\"async\" class=\"slika\" src=\"http:\/\/www.videospotting.org\/wp-content\/uploads\/video-img\/sedlacek\/sedlacek-piknik.jpg\" alt=\"Sa\u0161o Sedla\u010dek, Piknik na deponiji\" \/>  <\/p>\n<p><strong>Zemira Alajbegovi\u0107, Quick Slow<\/strong>, 11&#8242; 47&#8221;<br \/>\nZANK, 2004<br \/>\n<img decoding=\"async\" class=\"slika\" src=\"http:\/\/www.videospotting.org\/wp-content\/uploads\/video-img\/alajbegovic\/alajbegovic-hitro-pocasi.jpg\" alt=\"Zemira Alajbegovi\u0107, Hitro po\u010dasi\" \/>  <\/p>\n<p><strong>Pila Rusjan: Re-Turn<\/strong>, 18&#8217;19&#8221;<br \/>\n<img decoding=\"async\" class=\"slika\" src=\"http:\/\/www.videospotting.org\/wp-content\/uploads\/video-img\/rusjan-pila\/rusjan-povracanje.jpg\" alt=\"Pila Rusjan: Po-vra\u010danje\" \/><br \/>\nP. R., 2010<\/p>\n<p><strong>Zoran Srdi\u0107 Jane\u017ei\u010d: Bobby goes to Zlaty Milos<\/strong>, 1&#8217;13&#8221;<br \/>\n<img decoding=\"async\" class=\"slika\" src=\"http:\/\/www.videospotting.org\/wp-content\/uploads\/video-img\/srdic\/srdic-janezic_bobby-gre.jpg\" alt=\"Zoran Srdi\u0107 Jane\u017ei\u010d: Bobby gre v Zlaty Milos\" \/><br \/>\nZ. S. J., 2009<\/p>\n<p><strong>Rok Sieberer Kuri: Silence Please, We&#8217;re Watching<\/strong>, 9&#8217;58&#8221;<br \/>\n<img decoding=\"async\" class=\"slika\" src=\"http:\/\/www.videospotting.org\/wp-content\/uploads\/video-img\/kuri\/sieberer-kuri_tisina-prosim-gledamo.jpg\" alt=\"Rok Sieberer Kuri: Ti\u0161ina prosim, gledamo\" \/><br \/>\nR. S. K., 2001<\/p>\n","protected":false},"excerpt":{"rendered":"<p>Concept: Ida Hir\u0161enfelder Production: SCCA-Ljubljana, 2011 Duration: 2 21&#8242; 35&#8221; Keyword: Food [11] selection was prepared for Video Diners organised by Cultural Incubator \u2013 MKC Maribor to present guest artists and organisations which would prepare thematic video projections spiced up by culinary goods and non-formal conversation of the participants. For the occasion, we were at [&hellip;]<\/p>\n","protected":false},"author":1,"featured_media":0,"parent":0,"menu_order":23,"comment_status":"closed","ping_status":"closed","template":"","meta":{"footnotes":""},"class_list":["post-341","page","type-page","status-publish","hentry"],"_links":{"self":[{"href":"https:\/\/www.videospotting.org\/eng\/wp-json\/wp\/v2\/pages\/341","targetHints":{"allow":["GET"]}}],"collection":[{"href":"https:\/\/www.videospotting.org\/eng\/wp-json\/wp\/v2\/pages"}],"about":[{"href":"https:\/\/www.videospotting.org\/eng\/wp-json\/wp\/v2\/types\/page"}],"author":[{"embeddable":true,"href":"https:\/\/www.videospotting.org\/eng\/wp-json\/wp\/v2\/users\/1"}],"replies":[{"embeddable":true,"href":"https:\/\/www.videospotting.org\/eng\/wp-json\/wp\/v2\/comments?post=341"}],"version-history":[{"count":7,"href":"https:\/\/www.videospotting.org\/eng\/wp-json\/wp\/v2\/pages\/341\/revisions"}],"predecessor-version":[{"id":491,"href":"https:\/\/www.videospotting.org\/eng\/wp-json\/wp\/v2\/pages\/341\/revisions\/491"}],"wp:attachment":[{"href":"https:\/\/www.videospotting.org\/eng\/wp-json\/wp\/v2\/media?parent=341"}],"curies":[{"name":"wp","href":"https:\/\/api.w.org\/{rel}","templated":true}]}}