{"id":35,"date":"2009-04-10T12:13:27","date_gmt":"2009-04-10T10:13:27","guid":{"rendered":"http:\/\/www.videospotting.org\/eng\/?page_id=35"},"modified":"2012-09-12T17:19:07","modified_gmt":"2012-09-12T15:19:07","slug":"docuart-1997","status":"publish","type":"page","link":"https:\/\/www.videospotting.org\/eng\/docuart-1997","title":{"rendered":"Docuart (1997)"},"content":{"rendered":"<p class=\"crta\"><strong>Curated by:<\/strong> <strong>Barbara Bor\u010di\u0107<\/strong> and <strong>Nerina Kocjan\u010di\u010d<\/strong><br \/>\n<strong>Production:<\/strong> SCCA-Ljubljana, 1997<br \/>\n<strong>Duration:<\/strong> 60 minutes<\/p>\n<p>Five video works that could be equally perceived as a fiction and a document.<\/p>\n<p class=\"crta\">The program consists of a series of six thematic one-hour programs (<strong><a href=\"http:\/\/www.videospotting.org\/eng\/bodyspotting-1997\">Bodyspotting<\/a><\/strong>, <strong><a href=\"http:\/\/www.videospotting.org\/eng\/creatures-1997\">Creatures<\/a><\/strong>, <strong><a href=\"http:\/\/www.videospotting.org\/eng\/docuart-1997\">Docuart<\/a><\/strong>, <strong><a href=\"http:\/\/www.videospotting.org\/eng\/intolerance-1997\">Intolerance<\/a><\/strong>, <strong><a href=\"http:\/\/www.videospotting.org\/eng\/dancemania-1997\">Dancemania<\/a><\/strong> and <strong><a href=\"http:\/\/www.videospotting.org\/eng\/memories-1997\">Memories<\/a><\/strong>) featuring selected Slovene video productions from the period of five years (1992-1997) was presented in the form of thematic evening events. The programs are related to music video clips, art video, video dance and documentary videos. These are projects which are usually restricted to an electronic life of their own even though the video artists have frequently worked on more than one genre.<\/p>\n<p><strong>Marija Mojca Punger\u010dar, Portable Home<\/strong>, 8&#8242; 42&#8221;<br \/>\nM. M. P., 1996<\/p>\n<p><img decoding=\"async\" class=\"slika\" src=\"http:\/\/www.videospotting.org\/wp-content\/uploads\/video-img\/pungercar\/pungercar-portable-home.jpg\" alt=\"Marija Mojca Punger\u010dar, Portable Home\" \/><\/p>\n<p><strong>Sa\u0161o Podgor\u0161ek, U tvojim o\u010dima \/ In Your Eyes (Demolition Group)<\/strong>, 4&#8242; 41&#8221;<br \/>\nJump Cut, 1995<br \/>\n<img decoding=\"async\" class=\"slika\" src=\"http:\/\/www.videospotting.org\/wp-content\/uploads\/video-img\/podgorsek\/podgorsek-tvojim-ocima.jpg\" alt=\"Sa\u0161o Podgor\u0161ek, U tvojim o\u010dima \/ In Your Eyes (Demolition Group)\" \/><\/p>\n<p><strong>Damjan Kozole, House<\/strong>, 7&#8242;<br \/>\nE-Motion Film, 1996<br \/>\n<img decoding=\"async\" class=\"slika\" src=\"http:\/\/www.videospotting.org\/wp-content\/uploads\/video-img\/kozole\/kozole-hisa.jpg\" alt=\"Damjan Kozole, House\" \/><\/p>\n<p><strong>Mirko Simi\u010d, Dakaka<\/strong>, 6&#8242;<br \/>\nVPK &#038; BRIS, 1997<br \/>\n<img decoding=\"async\" class=\"slika\" src=\"http:\/\/www.videospotting.org\/wp-content\/uploads\/video-img\/simic\/simic-dakaka.jpg\" alt=\"Mirko Simi\u010d, Dakaka\" \/><\/p>\n<p><strong>Sa\u0161o Podgor\u0161ek &#038; Iztok Kova\u010d, Vertigo Bird<\/strong>, 33&#8242;<br \/>\nEn-Knap &#038; TV Slovenija, 1996<br \/>\n<img decoding=\"async\" class=\"slika\" src=\"http:\/\/www.videospotting.org\/wp-content\/uploads\/video-img\/podgorsek\/podgorsek-vrtoglavi-ptic.jpg\" alt=\"Sa\u0161o Podgor\u0161ek &#038; Iztok Kova\u010d, Vertigo Bird\" \/><\/p>\n","protected":false},"excerpt":{"rendered":"<p>Curated by: Barbara Bor\u010di\u0107 and Nerina Kocjan\u010di\u010d Production: SCCA-Ljubljana, 1997 Duration: 60 minutes Five video works that could be equally perceived as a fiction and a document. The program consists of a series of six thematic one-hour programs (Bodyspotting, Creatures, Docuart, Intolerance, Dancemania and Memories) featuring selected Slovene video productions from the period of five [&hellip;]<\/p>\n","protected":false},"author":1,"featured_media":0,"parent":0,"menu_order":47,"comment_status":"closed","ping_status":"closed","template":"","meta":{"footnotes":""},"class_list":["post-35","page","type-page","status-publish","hentry"],"_links":{"self":[{"href":"https:\/\/www.videospotting.org\/eng\/wp-json\/wp\/v2\/pages\/35","targetHints":{"allow":["GET"]}}],"collection":[{"href":"https:\/\/www.videospotting.org\/eng\/wp-json\/wp\/v2\/pages"}],"about":[{"href":"https:\/\/www.videospotting.org\/eng\/wp-json\/wp\/v2\/types\/page"}],"author":[{"embeddable":true,"href":"https:\/\/www.videospotting.org\/eng\/wp-json\/wp\/v2\/users\/1"}],"replies":[{"embeddable":true,"href":"https:\/\/www.videospotting.org\/eng\/wp-json\/wp\/v2\/comments?post=35"}],"version-history":[{"count":7,"href":"https:\/\/www.videospotting.org\/eng\/wp-json\/wp\/v2\/pages\/35\/revisions"}],"predecessor-version":[{"id":450,"href":"https:\/\/www.videospotting.org\/eng\/wp-json\/wp\/v2\/pages\/35\/revisions\/450"}],"wp:attachment":[{"href":"https:\/\/www.videospotting.org\/eng\/wp-json\/wp\/v2\/media?parent=35"}],"curies":[{"name":"wp","href":"https:\/\/api.w.org\/{rel}","templated":true}]}}