{"id":354,"date":"2012-01-20T15:13:59","date_gmt":"2012-01-20T13:13:59","guid":{"rendered":"http:\/\/www.videospotting.org\/eng\/?page_id=354"},"modified":"2014-10-10T09:00:19","modified_gmt":"2014-10-10T07:00:19","slug":"industrial-landscape-2011","status":"publish","type":"page","link":"https:\/\/www.videospotting.org\/eng\/industrial-landscape-2011","title":{"rendered":"Industrial Landscape (2011)"},"content":{"rendered":"<p class=\"crta\"><strong>Curator: Miha Colner<\/strong><br \/>\n<strong>Production:<\/strong> SCCA-Ljubljana, 2011<br \/>\n<strong>Duration:<\/strong> 65&#8242; 50&#8221;<\/p>\n<p>The socialist system which reigned in Eastern Europe a considerable part of the 20th Century seeded a notable fear in the e.g. western democracies on the basis of the enforced propaganda that had created numerous stereotypes about that geopolitical area. Totalitarian organisation of everyday life, poverty, repression, lawlessness, specific collective urbanisation and aggressive industrialisation are probably some of the most common misconceptions about the \u201cwild east\u201d before (and after) the fall of the Berlin Wall. That kind of discourse had vehemently found its way also into the context of fine arts that considers eastern part of the old continent as a morbid and dark place, marked by gloominess, remnants of architectural projects and decaying industrial objects.<br \/>\nThe selection of five works displays different genres of works and generations of artists from Slovenia that refer to such dark motives of decaying industrial spaces. However, in these works the industrial heritage is interpreted in a more undogmatic and ambivalent ways that have not necessarily negative connotations.<\/p>\n<p>In her video entitled <em>Away<\/em> <strong>Ana Sluga (2006)<\/strong> presents a painful demolition of an old building that is symbolising the end of a certain period in time on the very personal as well as on broader public level. The capitalist system has become a global dogma that shows no respect to the past or responsibility to the future. On the contrary, it aims at reshaping and homogenising all the people and places of the entire Earth. In music video spot <em>It Rains<\/em> by hard-core group To\u017eibabe [Kiss and Tell] <strong>Zemira Alajbegovi\u0107 &amp; Neven Korda (1986)<\/strong> present a dark picture of the urban centre, their marginal and industrial structures that reflect rebellious spirit of Yugoslav hard-core movement in the 80s. In acted video performance <em>Song of Flesh and Image Was Made Body<\/em> <strong>Marko Kova\u010di\u010d (1985)<\/strong> uses stage scenery of heavy industry production hall for a subtle portray of interplay between fiction and reality. It is based on seeing the already seen and recycling the scenes of the past in an entirely new context. In computer animated video <em>Zone D<\/em> <strong>TEMP Group<\/strong> or a part of the group <strong>(Robertina \u0160ebjani\u010d, Peter Ko\u0161ir, Luka Prin\u010di\u010d) (2005)<\/strong> presented the possibilities of changing the purpose of degenerated, mostly, industrial districts in Ljubljana and juxtaposed them to the living urban spaces. <em>Zone D<\/em> was a part of a wider project by TEMP Group that had in 2006 squatted abandoned Rog Factory in the centre of the capital city for cultural purposes and other public interests. In cooperation with the dance group En Knap <strong>Sa\u0161o Podgor\u0161ek (1996)<\/strong> created dance video work <em>Vertigo Bird<\/em>. He used elements of performing arts and contemporary dance to present a personal relationship of choreographer Iztok Kova\u010d to his home town filled with industrial remains and abandoned mine shafts.<\/p>\n<p class=\"crta\"><strong><\/strong><\/p>\n<p><strong>Ana Sluga, Away<\/strong>, 1&#8242;<br \/>\nAna Sluga, 2006<br \/>\n<img decoding=\"async\" class=\"slika\" src=\"http:\/\/www.videospotting.org\/wp-content\/uploads\/video-img\/sluga\/sluga-away.jpg\" alt=\"Ana Sluga, Away\" \/><\/p>\n<p><strong>Alajbegovi\u0107 Zemira &amp; Neven Korda, It Rains<\/strong>, 2&#8242; 29&#8221;<br \/>\nAlajbegovi\u0107 Zemira &amp; Neven Korda, 1986<br \/>\n<img decoding=\"async\" class=\"slika\" src=\"http:\/\/www.videospotting.org\/wp-content\/uploads\/video-img\/zank\/zank-dezuje.jpg\" alt=\"Alajbegovi\u0107 Zemira &amp; Neven Korda, It Rains\" \/><\/p>\n<p><strong>Marko A. Kova\u010di\u010d, Song of Flesh and Image Was Made Body<\/strong>, 16\u2032 25&#8221;<br \/>\n\u0160KUC-Forum, Ljubljana 1985<br \/>\n<img decoding=\"async\" class=\"slika\" src=\"http:\/\/www.videospotting.org\/wp-content\/uploads\/video-img\/kovacic\/kovacic-pesem.jpg\" alt=\"Marko A. Kova\u010di\u010d, Song of Flesh and Image Was Made Body\" \/><\/p>\n<p><strong>TEMP Group (Robertina \u0160ebjani\u010d, Peter Ko\u0161ir, Luka Prin\u010di\u010d), Zone D<\/strong>, 11&#8242; 59&#8221;<br \/>\nRobertina \u0160ebjani\u010d, 2005<br \/>\n<img decoding=\"async\" class=\"slika\" src=\"http:\/\/www.videospotting.org\/wp-content\/uploads\/video-img\/temp\/temp-cona-d.jpg\" alt=\"Skupina TEMP (Robertina \u0160ebjani\u010d, Peter Ko\u0161ir, Luka Prin\u010di\u010d), Zone D\" \/><\/p>\n<p><strong>Sa\u0161o Podgor\u0161ek, Vertigo Bird<\/strong>, 33&#8242;<br \/>\nEn-Knap &amp; TV Slovenia, 1996<br \/>\n<img decoding=\"async\" class=\"slika\" src=\"http:\/\/www.videospotting.org\/wp-content\/uploads\/video-img\/podgorsek\/podgorsek-vrtoglavi-ptic.jpg\" alt=\"Sa\u0161o Podgor\u0161ek &amp;  Iztok Kova\u010d, Vertigo Bird\" \/><\/p>\n","protected":false},"excerpt":{"rendered":"<p>Curator: Miha Colner Production: SCCA-Ljubljana, 2011 Duration: 65&#8242; 50&#8221; The socialist system which reigned in Eastern Europe a considerable part of the 20th Century seeded a notable fear in the e.g. western democracies on the basis of the enforced propaganda that had created numerous stereotypes about that geopolitical area. Totalitarian organisation of everyday life, poverty, [&hellip;]<\/p>\n","protected":false},"author":1,"featured_media":0,"parent":0,"menu_order":21,"comment_status":"closed","ping_status":"closed","template":"","meta":{"footnotes":""},"class_list":["post-354","page","type-page","status-publish","hentry"],"_links":{"self":[{"href":"https:\/\/www.videospotting.org\/eng\/wp-json\/wp\/v2\/pages\/354","targetHints":{"allow":["GET"]}}],"collection":[{"href":"https:\/\/www.videospotting.org\/eng\/wp-json\/wp\/v2\/pages"}],"about":[{"href":"https:\/\/www.videospotting.org\/eng\/wp-json\/wp\/v2\/types\/page"}],"author":[{"embeddable":true,"href":"https:\/\/www.videospotting.org\/eng\/wp-json\/wp\/v2\/users\/1"}],"replies":[{"embeddable":true,"href":"https:\/\/www.videospotting.org\/eng\/wp-json\/wp\/v2\/comments?post=354"}],"version-history":[{"count":8,"href":"https:\/\/www.videospotting.org\/eng\/wp-json\/wp\/v2\/pages\/354\/revisions"}],"predecessor-version":[{"id":569,"href":"https:\/\/www.videospotting.org\/eng\/wp-json\/wp\/v2\/pages\/354\/revisions\/569"}],"wp:attachment":[{"href":"https:\/\/www.videospotting.org\/eng\/wp-json\/wp\/v2\/media?parent=354"}],"curies":[{"name":"wp","href":"https:\/\/api.w.org\/{rel}","templated":true}]}}