{"id":37,"date":"2009-04-10T12:13:46","date_gmt":"2009-04-10T10:13:46","guid":{"rendered":"http:\/\/www.videospotting.org\/eng\/?page_id=37"},"modified":"2022-02-09T13:53:22","modified_gmt":"2022-02-09T11:53:22","slug":"dancemania-1997","status":"publish","type":"page","link":"https:\/\/www.videospotting.org\/eng\/dancemania-1997","title":{"rendered":"Dancemania (1997)"},"content":{"rendered":"<p class=\"crta\"><strong>Curated by:<\/strong> <strong>Barbara Bor\u010di\u0107<\/strong> in <strong>Nerina Kocjan\u010di\u010d<\/strong><br \/>\n<strong>Production:<\/strong> SCCA-Ljubljana, 1997<br \/>\n<strong>Duration:<\/strong> 55 minut<\/p>\n<p>Six video works of the selection are related to Video Dance genre and display the relation between dance, music and images. <\/p>\n<p class=\"crta\">The program consists of a series of six thematic one-hour programs (<strong><a href=\"http:\/\/www.videospotting.org\/eng\/bodyspotting-1997\">Bodyspotting<\/a><\/strong>, <strong><a href=\"http:\/\/www.videospotting.org\/eng\/creatures-1997\">Creatures<\/a><\/strong>, <strong><a href=\"http:\/\/www.videospotting.org\/eng\/docuart-1997\">Docuart<\/a><\/strong>, <strong><a href=\"http:\/\/www.videospotting.org\/eng\/intolerance-1997\">Intolerance<\/a><\/strong>, <strong><a href=\"http:\/\/www.videospotting.org\/eng\/dancemania-1997\">Dancemania<\/a><\/strong> and <strong><a href=\"http:\/\/www.videospotting.org\/eng\/memories-1997\">Memories<\/a><\/strong>) featuring selected Slovene video productions from the period of five years (1992-1997) was presented in the form of thematic evening events. The programs are related to music video clips, art video, video dance and documentary videos. These are projects which are usually restricted to an electronic life of their own even though the video artists have frequently worked on more than one genre.<\/p>\n<p><strong>Ur\u0161ka \u017dnidar\u0161i\u010d, Povodni mo\u017e \/ The Underwater Man<\/strong>, 10&#8242;<br \/>\nAGRFT &#038; TV Slovenija, 1995<\/p>\n<p><img decoding=\"async\" class=\"slika\" src=\"http:\/\/www.videospotting.org\/wp-content\/uploads\/video-img\/znidarsic\/znidarsic-povodni-moz.jpg\" alt=\"Ur\u0161ka \u017dnidar\u0161i\u010d, Povodni mo\u017e \/ The Underwater Man\" \/><\/p>\n<p><strong>Mirko Simi\u010d, No Brains No Tumors (2227)<\/strong>, 3&#8242; 25&#8221;<br \/>\nStrip Core &#038; VPK,1995<br \/>\n<img decoding=\"async\" class=\"slika\" src=\"http:\/\/www.videospotting.org\/wp-content\/uploads\/video-img\/simic\/simic-no-brains.jpg\" alt=\"Mirko Simi\u010d, No Brains No Tumors (2227)\" \/><\/p>\n<p><strong>Iztok Kova\u010d &#038; Patrick Olten, Narava beso<\/strong>, 18&#8242; 42&#8221;<br \/>\nEn-Knap &#038; BRTN &#038; TV Slovenija, 1995<br \/>\n<img decoding=\"async\" class=\"slika\" src=\"http:\/\/www.videospotting.org\/wp-content\/uploads\/video-img\/kovac\/kovac-olten-narava-beso.jpg\" alt=\"Iztok Kova\u010d &#038; Patrick Olten, Narava beso\" \/><\/p>\n<p><strong>Peter Vezjak, Double Edge (Coptic Rain)<\/strong>, 4&#8242; 15&#8221;<br \/>\nModern Music Berlin &#038; TV Slovenija,1995<br \/>\n<img decoding=\"async\" class=\"slika\" src=\"http:\/\/www.videospotting.org\/wp-content\/uploads\/video-img\/vezjak\/vezjak-coptic-rain.jpg\" alt=\"Peter Vezjak, Double Edge (Coptic Rain)\" \/><\/p>\n<p><strong>Jan Zakonj\u0161ek, Kako sem ujel sokola \/ How I Caught the Falcon<\/strong>, 10&#8242;<br \/>\nTV Slovenija, 1993<br \/>\n<img decoding=\"async\" class=\"slika\" src=\"http:\/\/www.videospotting.org\/wp-content\/uploads\/video-img\/zakonsek\/zakonsek-kako-sem.jpg  \" alt=\"Jan Zakon\u0161ek, Kako sem ujel sokola \/ How I Caught the Falcon\" \/>                      <\/p>\n<p><strong>Ema Kugler, Taiga<\/strong>, 8&#8242; 23&#8221;<br \/>\nForum Ljubljana &#038; VPK, 1996<br \/>\n<img decoding=\"async\" class=\"slika\" src=\"http:\/\/www.videospotting.org\/wp-content\/uploads\/video-img\/kugler\/kugler-tajga.jpg\" alt=\"Ema Kugler, Taiga\" \/><\/p>\n","protected":false},"excerpt":{"rendered":"<p>Curated by: Barbara Bor\u010di\u0107 in Nerina Kocjan\u010di\u010d Production: SCCA-Ljubljana, 1997 Duration: 55 minut Six video works of the selection are related to Video Dance genre and display the relation between dance, music and images. The program consists of a series of six thematic one-hour programs (Bodyspotting, Creatures, Docuart, Intolerance, Dancemania and Memories) featuring selected Slovene [&hellip;]<\/p>\n","protected":false},"author":1,"featured_media":0,"parent":0,"menu_order":46,"comment_status":"closed","ping_status":"closed","template":"","meta":{"footnotes":""},"class_list":["post-37","page","type-page","status-publish","hentry"],"_links":{"self":[{"href":"https:\/\/www.videospotting.org\/eng\/wp-json\/wp\/v2\/pages\/37","targetHints":{"allow":["GET"]}}],"collection":[{"href":"https:\/\/www.videospotting.org\/eng\/wp-json\/wp\/v2\/pages"}],"about":[{"href":"https:\/\/www.videospotting.org\/eng\/wp-json\/wp\/v2\/types\/page"}],"author":[{"embeddable":true,"href":"https:\/\/www.videospotting.org\/eng\/wp-json\/wp\/v2\/users\/1"}],"replies":[{"embeddable":true,"href":"https:\/\/www.videospotting.org\/eng\/wp-json\/wp\/v2\/comments?post=37"}],"version-history":[{"count":6,"href":"https:\/\/www.videospotting.org\/eng\/wp-json\/wp\/v2\/pages\/37\/revisions"}],"predecessor-version":[{"id":1117,"href":"https:\/\/www.videospotting.org\/eng\/wp-json\/wp\/v2\/pages\/37\/revisions\/1117"}],"wp:attachment":[{"href":"https:\/\/www.videospotting.org\/eng\/wp-json\/wp\/v2\/media?parent=37"}],"curies":[{"name":"wp","href":"https:\/\/api.w.org\/{rel}","templated":true}]}}