{"id":39,"date":"2009-04-10T12:14:14","date_gmt":"2009-04-10T10:14:14","guid":{"rendered":"http:\/\/www.videospotting.org\/eng\/?page_id=39"},"modified":"2022-02-09T13:53:40","modified_gmt":"2022-02-09T11:53:40","slug":"bodyspotting-1997","status":"publish","type":"page","link":"https:\/\/www.videospotting.org\/eng\/bodyspotting-1997","title":{"rendered":"Bodyspotting (1997)"},"content":{"rendered":"<p class=\"crta\"><strong>Curated by:<\/strong> <strong>Barbara Bor\u010di\u0107<\/strong> and <strong>Nerina Kocjan\u010di\u010d<\/strong><br \/>\n<strong>Production: <\/strong>SCCA-Ljubljana, 1997<br \/>\n<strong>Duration:<\/strong> 62 minutes<\/p>\n<p>Ten video works of the selection are made in various genres and deal with the representation of the body in a broad range of media and technological approaches. <\/p>\n<p class=\"crta\">The program consists of a series of six thematic one-hour programs (<strong><a href=\"http:\/\/www.videospotting.org\/eng\/bodyspotting-1997\">Bodyspotting<\/a><\/strong>, <strong><a href=\"http:\/\/www.videospotting.org\/eng\/creatures-1997\">Creatures<\/a><\/strong>, <strong><a href=\"http:\/\/www.videospotting.org\/eng\/docuart-1997\">Docuart<\/a><\/strong>, <strong><a href=\"http:\/\/www.videospotting.org\/eng\/intolerance-1997\">Intolerance<\/a><\/strong>, <strong><a href=\"http:\/\/www.videospotting.org\/eng\/dancemania-1997\">Dancemania<\/a><\/strong> and <strong><a href=\"http:\/\/www.videospotting.org\/eng\/memories-1997\">Memories<\/a><\/strong>) featuring selected Slovene video productions from the period of five years (1992-1997) was presented in the form of thematic evening events. The programs are related to music video clips, art video, video dance and documentary videos. These are projects which are usually restricted to an electronic life of their own even though the video artists have frequently worked on more than one genre.<\/p>\n<p><strong>Mirko Simi\u010d, Do You Hear the Sound of Silence<\/strong>, 2\u2032 22\u201d<br \/>\nBris &#038; Forum Ljubljana, 1992<\/p>\n<p><img decoding=\"async\" class=\"slika\" src=\"http:\/\/www.videospotting.org\/wp-content\/uploads\/video-img\/simic\/simic-do-you-hear.jpg\" alt=\"Mirko Simi\u0107, Do You Hear the Sound of Silence\" \/><\/p>\n<p><strong>Sa\u0161o Podgor\u0161ek, Jou\u017eek (Vlado Kreslin)<\/strong>, 4\u2032 06\u201d<br \/>\nTV Slovenija &#038; Jump Cut, 1995<br \/>\n<img decoding=\"async\" class=\"slika\" src=\"http:\/\/www.videospotting.org\/wp-content\/uploads\/video-img\/podgorsek\/podgorsek-jouzek.jpg\" alt=\"Sa\u0161o Podgor\u0161ek, Jou\u017eek (Vlado Kreslin)\" \/><\/p>\n<p><strong>Ema Kugler, Taiga<\/strong>, 8&#8242;<br \/>\nForum Ljubljana &amp; VPK, 1996<br \/>\n<img decoding=\"async\" class=\"slika\" src=\"http:\/\/www.videospotting.org\/wp-content\/uploads\/video-img\/kugler\/kugler-tajga.jpg\" alt=\"Ema Kugler, Taiga\" \/><\/p>\n<p><strong>Marko A. Kova\u010di\u010d, I\u2019ve seen that like it is (2227)<\/strong>, 5&#8242; 40&#8221;<br \/>\nForum Ljubljana &amp; VPK, 1993<br \/>\n<img decoding=\"async\" class=\"slika\" src=\"http:\/\/www.videospotting.org\/wp-content\/uploads\/video-img\/kovacic\/kovacic-ive-seen.jpg\" alt=\"Marko A. Kova\u010di\u010d, I've Seen That...Like It Is (2227)\" \/><\/p>\n<p><strong>Sa\u0161o Podgor\u0161ek, Path<\/strong>, 12&#8242;<br \/>\nPTL, 1993<br \/>\n<img decoding=\"async\" class=\"slika\" src=\"http:\/\/www.videospotting.org\/wp-content\/uploads\/video-img\/podgorsek\/podgorsek-pot.jpg\" alt=\"Sa\u0161o Podgor\u0161ek, Path\" \/><\/p>\n<p><strong>Sa\u0161o Podgor\u0161ek, Cry Baby (Demolition Group)<\/strong>, 3&#8242; 26&#8221;<br \/>\nDemolition Production, 1993<br \/>\n<img decoding=\"async\" class=\"slika\" src=\"http:\/\/www.videospotting.org\/wp-content\/uploads\/video-img\/podgorsek\/podgorsek-cry-baby.jpg\" alt=\"Sa\u0161o Podgor\u0161ek, Cry Baby\" \/><\/p>\n<p><strong>Nata\u0161a Prosenc, One Way<\/strong>, 5&#8242; 32&#8221;<br \/>\nTV Slovenija, 1996<br \/>\n<img decoding=\"async\" class=\"slika\" src=\"http:\/\/www.videospotting.org\/wp-content\/uploads\/video-img\/prosenc\/prosenc-one-way.jpg\" alt=\"Nata\u0161a Prosenc, One Way\" \/><\/p>\n<p><strong>Jan Zakonj\u0161ek, Kako sem ujel sokola \/ How I Caught the Falcon<\/strong>, 10&#8242;<br \/>\nTV Slovenija, 1993<br \/>\n<img decoding=\"async\" class=\"slika\" src=\"http:\/\/www.videospotting.org\/wp-content\/uploads\/video-img\/zakonsek\/zakonsek-kako-sem.jpg\" alt=\"Jan Zakon\u0161ek, Kako sem ujel sokola \/ How I Caught the Falcon\" \/><\/p>\n<p><strong>Sa\u0161o Podgor\u0161ek, You never cry (Demolition Group)<\/strong>, 3&#8242; 45&#8221;<br \/>\nJump Cut, 1995<br \/>\n<img decoding=\"async\" class=\"slika\" src=\"http:\/\/www.videospotting.org\/wp-content\/uploads\/video-img\/podgorsek\/podgorsek-you-never-cry.jpg\" alt=\"Sa\u0161o Podgor\u0161ek, You never cry (Demolition Group)\" \/><\/p>\n<p><strong>Darij Kreuh, Bli\u017eina \/ Closeness<\/strong>, 6&#8242; 50&#8221;<br \/>\nD. K., 1995<br \/>\n<img decoding=\"async\" class=\"slika\" src=\"http:\/\/www.videospotting.org\/wp-content\/uploads\/video-img\/kreuh\/kreuh-blizina.jpg\" alt=\"Darij Kreuh, Bli\u017eina \/ Closeness\" \/><\/p>\n","protected":false},"excerpt":{"rendered":"<p>Curated by: Barbara Bor\u010di\u0107 and Nerina Kocjan\u010di\u010d Production: SCCA-Ljubljana, 1997 Duration: 62 minutes Ten video works of the selection are made in various genres and deal with the representation of the body in a broad range of media and technological approaches. The program consists of a series of six thematic one-hour programs (Bodyspotting, Creatures, Docuart, [&hellip;]<\/p>\n","protected":false},"author":1,"featured_media":0,"parent":0,"menu_order":44,"comment_status":"closed","ping_status":"closed","template":"","meta":{"footnotes":""},"class_list":["post-39","page","type-page","status-publish","hentry"],"_links":{"self":[{"href":"https:\/\/www.videospotting.org\/eng\/wp-json\/wp\/v2\/pages\/39","targetHints":{"allow":["GET"]}}],"collection":[{"href":"https:\/\/www.videospotting.org\/eng\/wp-json\/wp\/v2\/pages"}],"about":[{"href":"https:\/\/www.videospotting.org\/eng\/wp-json\/wp\/v2\/types\/page"}],"author":[{"embeddable":true,"href":"https:\/\/www.videospotting.org\/eng\/wp-json\/wp\/v2\/users\/1"}],"replies":[{"embeddable":true,"href":"https:\/\/www.videospotting.org\/eng\/wp-json\/wp\/v2\/comments?post=39"}],"version-history":[{"count":6,"href":"https:\/\/www.videospotting.org\/eng\/wp-json\/wp\/v2\/pages\/39\/revisions"}],"predecessor-version":[{"id":1118,"href":"https:\/\/www.videospotting.org\/eng\/wp-json\/wp\/v2\/pages\/39\/revisions\/1118"}],"wp:attachment":[{"href":"https:\/\/www.videospotting.org\/eng\/wp-json\/wp\/v2\/media?parent=39"}],"curies":[{"name":"wp","href":"https:\/\/api.w.org\/{rel}","templated":true}]}}