{"id":446,"date":"2012-09-12T17:27:11","date_gmt":"2012-09-12T15:27:11","guid":{"rendered":"http:\/\/www.videospotting.org\/eng\/?page_id=446"},"modified":"2017-09-21T14:45:22","modified_gmt":"2017-09-21T12:45:22","slug":"video-in-public-art-2012","status":"publish","type":"page","link":"https:\/\/www.videospotting.org\/eng\/video-in-public-art-2012","title":{"rendered":"Video in Public Art (2012)"},"content":{"rendered":"<p class=\"crta\">Selection from DIVA video archive<\/p>\n<p><strong>Curated by: Alice Militello<\/strong><br \/>\n<strong>Production:<\/strong> SCCA-Ljubljana, 2011<br \/>\n<strong>Duration:<\/strong> 1 25&#8242; 26&#8243;<br \/>\n<strong>Text:<\/strong> <a href=\"http:\/\/www.videospotting.org\/eng\/texts\/video-in-public-art\">Alice Militello<\/a><\/p>\n<p class=\"crta\">The selection thematises the role and the function of video in the context of public art. It poses the question how can the use of technology be integrated in the experiences that are specific for a very wide range of artistic practices that we consider public art.<\/p>\n<p><strong>Apolonija \u0160u\u0161ter\u0161i\u010d, Bonnevoie by day &#038; night<\/strong>, 7&#8242; 45&#8243;<br \/>\nA. \u0160., 1998<br \/>\n<img decoding=\"async\" class=\"slika\" src=\"http:\/\/www.videospotting.org\/wp-content\/uploads\/video-img\/sustersic\/sustersic-bonnevoie.jpg\" alt=\"Apolonija \u0160u\u0161ter\u0161i\u010d, Bonnevoie by day &#038; night\" \/><\/p>\n<p><strong>Ema Kugler, Phantom<\/strong>, 29&#8242; 13&#8243;<br \/>\nZavod ZANK \/ VPK, Cankarjev dom, RTV Slovenija, 2003<br \/>\n<img decoding=\"async\" class=\"slika\" src=\"http:\/\/www.videospotting.org\/wp-content\/uploads\/video-img\/kugler\/kugler-phantom.jpg\" alt=\"Ema Kugler, Phantom\" \/><\/p>\n<p><strong>Sa\u0161o Sedla\u010dek, Picnic on a Dump<\/strong>, 9&#8242; 06&#8243;<br \/>\nS. S., 2004<br \/>\n<img decoding=\"async\" class=\"slika\" src=\"http:\/\/www.videospotting.org\/wp-content\/uploads\/video-img\/sedlacek\/sedlacek-piknik.jpg\" alt=\"Sa\u0161o Sedla\u010dek, Picnic on a Dump\" \/><\/p>\n<p><strong>Sa\u0161o Sedla\u010dek, Just Do It!<\/strong>, 6&#8242; 20&#8243;<br \/>\nKapelica Gallery, 2003<br \/>\n<img decoding=\"async\" class=\"slika\" src=\"http:\/\/www.videospotting.org\/wp-content\/uploads\/video-img\/sedlacek\/sedlacek-just-do-it.jpg\" alt=\"Sa\u0161o Sedla\u010dek, Just Do It!\" \/><\/p>\n<p><strong>Nata\u0161a Prosenc, Connected<\/strong>, 8&#8242; 00&#8243;<br \/>\nKanalya Pictures, 2005<br \/>\n<img decoding=\"async\" class=\"slika\" src=\"http:\/\/www.videospotting.org\/wp-content\/uploads\/video-img\/prosenc\/prosenc-connected.jpg\" alt=\"Nata\u0161a Prosenc, Connected\" \/><\/p>\n<p><strong>Mirko Simi\u0107, Parfum de la terre<\/strong>, 26&#8242;<br \/>\nVPK &#038; M.S., Ljubljana 1997-2002, 26\u2019<br \/>\n<img decoding=\"async\" class=\"slika\" src=\"http:\/\/www.videospotting.org\/wp-content\/uploads\/video-img\/simic\/simic-parfum-de-la-terre.jpg\" alt=\"Mirko Simi\u0107, Parfum de la terre\" \/><\/p>\n","protected":false},"excerpt":{"rendered":"<p>Selection from DIVA video archive Curated by: Alice Militello Production: SCCA-Ljubljana, 2011 Duration: 1 25&#8242; 26&#8243; Text: Alice Militello The selection thematises the role and the function of video in the context of public art. It poses the question how can the use of technology be integrated in the experiences that are specific for a [&hellip;]<\/p>\n","protected":false},"author":1,"featured_media":0,"parent":0,"menu_order":20,"comment_status":"closed","ping_status":"closed","template":"","meta":{"footnotes":""},"class_list":["post-446","page","type-page","status-publish","hentry"],"_links":{"self":[{"href":"https:\/\/www.videospotting.org\/eng\/wp-json\/wp\/v2\/pages\/446","targetHints":{"allow":["GET"]}}],"collection":[{"href":"https:\/\/www.videospotting.org\/eng\/wp-json\/wp\/v2\/pages"}],"about":[{"href":"https:\/\/www.videospotting.org\/eng\/wp-json\/wp\/v2\/types\/page"}],"author":[{"embeddable":true,"href":"https:\/\/www.videospotting.org\/eng\/wp-json\/wp\/v2\/users\/1"}],"replies":[{"embeddable":true,"href":"https:\/\/www.videospotting.org\/eng\/wp-json\/wp\/v2\/comments?post=446"}],"version-history":[{"count":5,"href":"https:\/\/www.videospotting.org\/eng\/wp-json\/wp\/v2\/pages\/446\/revisions"}],"predecessor-version":[{"id":756,"href":"https:\/\/www.videospotting.org\/eng\/wp-json\/wp\/v2\/pages\/446\/revisions\/756"}],"wp:attachment":[{"href":"https:\/\/www.videospotting.org\/eng\/wp-json\/wp\/v2\/media?parent=446"}],"curies":[{"name":"wp","href":"https:\/\/api.w.org\/{rel}","templated":true}]}}