{"id":46,"date":"2009-04-10T12:15:52","date_gmt":"2009-04-10T10:15:52","guid":{"rendered":"http:\/\/www.videospotting.org\/eng\/?page_id=46"},"modified":"2012-09-12T17:21:04","modified_gmt":"2012-09-12T15:21:04","slug":"recent-video-works-2000","status":"publish","type":"page","link":"https:\/\/www.videospotting.org\/eng\/recent-video-works-2000","title":{"rendered":"Recent Video Works (2000)"},"content":{"rendered":"<p class=\"crta\"><strong>Curated by: Zemira Alajbegovi\u0107<\/strong>, <strong>Barbara Bor\u010di\u0107<\/strong> and <strong>Igor \u0160panjol<\/strong><br \/>\n<strong>Production:<\/strong> SCCA-Ljubljana 2001<br \/>\n<strong>Duration:<\/strong> 48 minutes<\/p>\n<p class=\"crta\">The selected six video works were screened on the occasion of its public presentation in Alkatraz Gallery, AKC Metelkova City, Ljubljana (June 20, 2000) after the conclusion of the Videodokument project.<\/p>\n<p><strong>Zemira Alajbegovi\u0107, Vortex<\/strong>, 4&#8242; 5&#8221;<br \/>\nTV Slovenija, 2000<br \/>\n<img decoding=\"async\" class=\"slika\" src=\"http:\/\/www.videospotting.org\/wp-content\/uploads\/video-img\/alajbegovic\/alajbegovic-vortex.jpg\" alt=\"Zemira Alajbegovi\u0107, Vortex\" \/>  <\/p>\n<p><strong>Marko A. Kova\u010di\u010d, \u017divel 1. maj \u2013 praznik dela \/ May Day Forever<\/strong>, 60&#8221;<br \/>\nM. A. K., 2000<br \/>\n<img decoding=\"async\" class=\"slika\" src=\"http:\/\/www.videospotting.org\/wp-content\/uploads\/video-img\/kovacic\/kovacic-zivel.jpg\" alt=\"Marko A. Kova\u010di\u010d, \u017divel 1. maj \u2013 praznik dela \/ May Day Forever\" \/>  <\/p>\n<p><strong>Ema Kugler, Menhir<\/strong>, 34&#8242;<br \/>\nForum Ljubljana &#038; VPK, TV Slovenija, 1999<br \/>\n<img decoding=\"async\" class=\"slika\" src=\"http:\/\/www.videospotting.org\/wp-content\/uploads\/video-img\/kugler\/kugler-menhir.jpg\" alt=\"Ema Kugler, Menhir\" \/>  <\/p>\n<p><strong>Rok Sieberer \u2013 Kuri, Too Blind to See<\/strong>, 6&#8242;<br \/>\nMedia Teror, 2000<br \/>\n<img decoding=\"async\" class=\"slika\" src=\"http:\/\/www.videospotting.org\/wp-content\/uploads\/video-img\/kuri\/kuri-prevec-slepi.jpg\" alt=\"Rok Sieberer \u2013 Too Blind to See\" \/>  <\/p>\n<p><strong>Mirko Simi\u010d, Psycho Smile (Hic et Nunc)<\/strong>, 3&#8242; 20&#8221;<br \/>\nFV Zalo\u017eba, 1999<\/p>\n","protected":false},"excerpt":{"rendered":"<p>Curated by: Zemira Alajbegovi\u0107, Barbara Bor\u010di\u0107 and Igor \u0160panjol Production: SCCA-Ljubljana 2001 Duration: 48 minutes The selected six video works were screened on the occasion of its public presentation in Alkatraz Gallery, AKC Metelkova City, Ljubljana (June 20, 2000) after the conclusion of the Videodokument project. Zemira Alajbegovi\u0107, Vortex, 4&#8242; 5&#8221; TV Slovenija, 2000 Marko [&hellip;]<\/p>\n","protected":false},"author":1,"featured_media":0,"parent":0,"menu_order":41,"comment_status":"closed","ping_status":"closed","template":"","meta":{"footnotes":""},"class_list":["post-46","page","type-page","status-publish","hentry"],"_links":{"self":[{"href":"https:\/\/www.videospotting.org\/eng\/wp-json\/wp\/v2\/pages\/46","targetHints":{"allow":["GET"]}}],"collection":[{"href":"https:\/\/www.videospotting.org\/eng\/wp-json\/wp\/v2\/pages"}],"about":[{"href":"https:\/\/www.videospotting.org\/eng\/wp-json\/wp\/v2\/types\/page"}],"author":[{"embeddable":true,"href":"https:\/\/www.videospotting.org\/eng\/wp-json\/wp\/v2\/users\/1"}],"replies":[{"embeddable":true,"href":"https:\/\/www.videospotting.org\/eng\/wp-json\/wp\/v2\/comments?post=46"}],"version-history":[{"count":4,"href":"https:\/\/www.videospotting.org\/eng\/wp-json\/wp\/v2\/pages\/46\/revisions"}],"predecessor-version":[{"id":456,"href":"https:\/\/www.videospotting.org\/eng\/wp-json\/wp\/v2\/pages\/46\/revisions\/456"}],"wp:attachment":[{"href":"https:\/\/www.videospotting.org\/eng\/wp-json\/wp\/v2\/media?parent=46"}],"curies":[{"name":"wp","href":"https:\/\/api.w.org\/{rel}","templated":true}]}}