{"id":50,"date":"2009-04-10T12:16:38","date_gmt":"2009-04-10T10:16:38","guid":{"rendered":"http:\/\/www.videospotting.org\/eng\/?page_id=50"},"modified":"2012-09-12T17:21:44","modified_gmt":"2012-09-12T15:21:44","slug":"new-new-video-2004","status":"publish","type":"page","link":"https:\/\/www.videospotting.org\/eng\/new-new-video-2004","title":{"rendered":"New New Video (2004)"},"content":{"rendered":"<p class=\"crta\"><strong>Curated by: Barbara Bor\u010di\u0107<\/strong>, <strong>Du\u0161an Dov\u010d<\/strong> and <strong>Damijan Kracina<\/strong><br \/>\n<strong>Prodution:<\/strong> SCCA-Ljubljana 2004<br \/>\n<strong>Duration:<\/strong> 37&#8242; 35&#8221;<\/p>\n<p class=\"crta\">The program featuring nine videos from 2000-2004 was curated for the Pristina International Festival of Video Art entitled <em>Marmelade<\/em> organised by the Centre for Contemporary Art in Pristina, Kosovo. It showed various video works connected to documentary, communicational, formal, experimental, media, narrative, music, research and reportage type. <\/p>\n<p><strong>Andrej Lupinc \u2013 Lupo, In Eight Minutes around the World<\/strong>, 8&#8242; 20&#8221;<br \/>\nTV Slovenija &#038; A. L., 1990\u20132000<br \/>\n<img decoding=\"async\" class=\"slika\" src=\"http:\/\/www.videospotting.org\/wp-content\/uploads\/video-img\/lupinc\/lupo-osem.jpg\" alt=\"Andrej Lupinc \u2013 Lupo, In Eight Minutes around the World\" \/>  <\/p>\n<p><strong>Davide Grassi, ID:00000000\/Our People<\/strong>, 3&#8242;<br \/>\nAksioma &#038; VPK production, Ljubljana 2001<br \/>\n<img decoding=\"async\" class=\"slika\" src=\"http:\/\/www.videospotting.org\/wp-content\/uploads\/video-img\/grassi\/grassi-id.jpg\" alt=\"Davide Grassi, ID:00000000\/Our People\" \/>  <\/p>\n<p><strong>Damijan Kracina &#038; Katarina Toman Kracina, Marmelade<\/strong>, 4&#8242;<br \/>\nD. K., 2004<br \/>\n<img decoding=\"async\" class=\"slika\" src=\"http:\/\/www.videospotting.org\/wp-content\/uploads\/video-img\/kracina\/kracina-toman-marmelada.jpg\" alt=\"Damijan Kracina &#038; Katarina Toman Kracina, Marmelade\" \/>  <\/p>\n<p><strong>Damijan Kracina &#038; Vladimir Leben, Ape Boy<\/strong>, 4&#8242;<br \/>\nD. K., V. L., Ljubljana 2004<br \/>\n<img decoding=\"async\" class=\"slika\" src=\"http:\/\/www.videospotting.org\/wp-content\/uploads\/video-img\/kracina\/kracina-leben-ape.jpg\" alt=\"Damijan Kracina &#038; Vladimir Leben, Ape Boy\" \/> <\/p>\n<p><strong>Neven A. Korda, The Automnal Still Life<\/strong>, 4&#8242; 5&#8221;<br \/>\nNeven A. Korda, Ljubljana 2001<br \/>\n<img decoding=\"async\" class=\"slika\" src=\"http:\/\/www.videospotting.org\/wp-content\/uploads\/video-img\/korda\/korda-automnal.jpg\" alt=\"Neven A. Korda, The Automnal Still Life\" \/> <\/p>\n<p><strong>Neven A. Korda, Nomad<\/strong>, 1&#8242;<br \/>\nNeven A. Korda, Ljubljana 2002<br \/>\n<img decoding=\"async\" class=\"slika\" src=\"http:\/\/www.videospotting.org\/wp-content\/uploads\/video-img\/korda\/korda-nomad.jpg\" alt=\"Neven A. Korda, Nomad\" \/> <\/p>\n<p><strong>Neven A. Korda, Gagarin<\/strong>, 2&#8242; 30&#8221;<br \/>\nNeven A. Korda, Ljubljana 2003<br \/>\n<img decoding=\"async\" class=\"slika\" src=\"http:\/\/www.videospotting.org\/wp-content\/uploads\/video-img\/korda\/korda-gagarin.jpg\" alt=\"Neven A. Korda, Gagarin\" \/> <\/p>\n<p><strong>Marko A. Kova\u010di\u010d &#038; Kolja Saksida, Lab Party<\/strong>, 4&#8242; 40&#8221;<br \/>\nForum Ljubljana &#038; Zwiks Production, 2003<br \/>\n<img decoding=\"async\" class=\"slika\" src=\"http:\/\/www.videospotting.org\/wp-content\/uploads\/video-img\/kovacic\/kovacic-saksida-lab.jpg\" alt=\"Marko A. Kova\u010di\u010d &#038; Kolja Saksida, Lab Party\" \/>  <\/p>\n<p><strong>Marko A. Kova\u010di\u010d &#038; Kolja Saksida, Bright Future<\/strong>, 6&#8242;<br \/>\nForum Ljubljana &#038; Zwiks Production, 2003<br \/>\n<img decoding=\"async\" class=\"slika\" src=\"http:\/\/www.videospotting.org\/wp-content\/uploads\/video-img\/kovacic\/kovacic-saksida-bright.jpg\" alt=\"Marko A. Kova\u010di\u010d &#038; Kolja Saksida, Bright Future\" \/> <\/p>\n","protected":false},"excerpt":{"rendered":"<p>Curated by: Barbara Bor\u010di\u0107, Du\u0161an Dov\u010d and Damijan Kracina Prodution: SCCA-Ljubljana 2004 Duration: 37&#8242; 35&#8221; The program featuring nine videos from 2000-2004 was curated for the Pristina International Festival of Video Art entitled Marmelade organised by the Centre for Contemporary Art in Pristina, Kosovo. It showed various video works connected to documentary, communicational, formal, experimental, [&hellip;]<\/p>\n","protected":false},"author":1,"featured_media":0,"parent":0,"menu_order":39,"comment_status":"closed","ping_status":"closed","template":"","meta":{"footnotes":""},"class_list":["post-50","page","type-page","status-publish","hentry"],"_links":{"self":[{"href":"https:\/\/www.videospotting.org\/eng\/wp-json\/wp\/v2\/pages\/50","targetHints":{"allow":["GET"]}}],"collection":[{"href":"https:\/\/www.videospotting.org\/eng\/wp-json\/wp\/v2\/pages"}],"about":[{"href":"https:\/\/www.videospotting.org\/eng\/wp-json\/wp\/v2\/types\/page"}],"author":[{"embeddable":true,"href":"https:\/\/www.videospotting.org\/eng\/wp-json\/wp\/v2\/users\/1"}],"replies":[{"embeddable":true,"href":"https:\/\/www.videospotting.org\/eng\/wp-json\/wp\/v2\/comments?post=50"}],"version-history":[{"count":5,"href":"https:\/\/www.videospotting.org\/eng\/wp-json\/wp\/v2\/pages\/50\/revisions"}],"predecessor-version":[{"id":459,"href":"https:\/\/www.videospotting.org\/eng\/wp-json\/wp\/v2\/pages\/50\/revisions\/459"}],"wp:attachment":[{"href":"https:\/\/www.videospotting.org\/eng\/wp-json\/wp\/v2\/media?parent=50"}],"curies":[{"name":"wp","href":"https:\/\/api.w.org\/{rel}","templated":true}]}}