{"id":558,"date":"2014-07-10T18:15:22","date_gmt":"2014-07-10T16:15:22","guid":{"rendered":"http:\/\/www.videospotting.org\/eng\/?page_id=558"},"modified":"2022-01-14T12:07:10","modified_gmt":"2022-01-14T10:07:10","slug":"race-with-time-performance-in-a-rear-view-mirror-2014","status":"publish","type":"page","link":"https:\/\/www.videospotting.org\/eng\/race-with-time-performance-in-a-rear-view-mirror-2014","title":{"rendered":"Race with Time. Performance and Video in a Rear-view Mirror (2014)"},"content":{"rendered":"<p class=\"crta\"><strong>Curator: Barbara Bor\u010di\u0107<\/strong><br \/>\n<strong>Production:<\/strong> SCCA-Ljubljana, 2014<br \/>\n<strong>Duration:<\/strong> 99&#8242;<br \/>\n<strong>Premiere:<\/strong> Slovenski gledali\u0161ki in\u0161titut (National Theatre Museum\/Institute), June 5\u201316, 2014<\/p>\n<p class=\"crta\">The relationship between performance art and video art could be schematically demonstrated by four modes: 1) video as a document of performance, 2) video as a part of performance \/ performance as a part of video, 3) (video) performance, staged only for the camera, and 4) performance made possible only through video, its expressive and technological possibilities for processing and editing.<\/p>\n<p><strong>Nu\u0161a and Sre\u010do Dragan, Video Painting (Masculin-feminin)<\/strong>, 10&#8242;<br \/>\nvideo action<br \/>\nTrigon, Graz, 1979<\/p>\n<p><img decoding=\"async\" class=\"slika\" src=\"http:\/\/www.videospotting.org\/wp-content\/uploads\/video-img\/dragan\/Dragan_Video-slikanje.jpg\" alt=\"Nu\u0161a in Sre\u010do Dragan, Video slikanje (Masculin-feminin)\" \/><\/p>\n<p><strong>Miha Vipotnik, Videogram 4<\/strong>, 29&#8242;<br \/>\nvideo tapes from studio recordings and art video<br \/>\nRTV Ljubljana, 1976\u201379<\/p>\n<p><img decoding=\"async\" class=\"slika\" src=\"http:\/\/www.videospotting.org\/wp-content\/uploads\/video-img\/vipotnik\/vipotnik-videogram.jpg\" alt=\"Miha Vipotnik, Videogram 4\" \/><\/p>\n<p><strong>Marko A. Kova\u010di\u010d, Casus belli<\/strong>, 5&#8242;<br \/>\nvideo performance<br \/>\n1983<\/p>\n<p><img decoding=\"async\" class=\"slika\" src=\"http:\/\/www.videospotting.org\/wp-content\/uploads\/video-img\/kovacic\/Kovacic_Casus-Belli.jpg\" alt=\"Marko A. Kova\u010di\u010d, Casus belli\" \/><\/p>\n<p><strong>Martina Bastarda, Mateja Ocepek, Nata\u0161a Sku\u0161ek, Pissing<\/strong>, 4&#8217;29&#8221;<br \/>\naction for camera (outdoors)<br \/>\n2002<\/p>\n<p><img decoding=\"async\" class=\"slika\" src=\"http:\/\/www.videospotting.org\/wp-content\/uploads\/video-img\/skusek\/Bastarda-Ocepek-Skusek_Pissing.jpg\" alt=\"Martina Bastarda, Mateja Ocepek, Nata\u0161a Sku\u0161ek, Pissing\" \/><\/p>\n<p><strong>Duba Sambolec, Collectors #3, *Settings*<\/strong>, 31&#8242;<br \/>\nvideo performance (a part of installation <em>Collectors #3<\/em>)<br \/>\nKIT Trondheim, 2002<\/p>\n<p><img decoding=\"async\" class=\"slika\" src=\"http:\/\/www.videospotting.org\/wp-content\/uploads\/video-img\/sambolec\/sambolec-collectors.jpg\" alt=\"Duba Sambolec, Collectors #3, *Settings*\" \/><\/p>\n<p><strong>Toma\u017e Furlan, Wear IV\u2013VI<\/strong>, 5&#8217;28&#8221;, 3&#8217;22&#8221;<br \/>\nperformances for camera (studio)<br \/>\n2005<\/p>\n<p><img decoding=\"async\" class=\"slika\" src=\"http:\/\/www.videospotting.org\/wp-content\/uploads\/video-img\/furlan\/Furlan_WearIV.jpg\" alt=\"Toma\u017e Furlan, Wear IV\u2013VI\" \/><\/p>\n<p><strong>Ana \u010cigon, One More Kick<\/strong>, 3&#8217;40&#8221;<br \/>\nperformance for camera (cadre)<br \/>\n2009<\/p>\n<p><img decoding=\"async\" class=\"slika\" src=\"http:\/\/www.videospotting.org\/wp-content\/uploads\/video-img\/cigon\/cigon-one-more-kick.jpg\" alt=\"Ana \u010cigon, One More Kick\" \/><\/p>\n<p><strong>Mateja Bu\u010dar (with Aja Zupanec, Martina Ruhsam, Ale\u0161 Zorec, Ivan Mija\u010devi\u010d, Maja Kalafati\u010d, Nina Pertot Weis), The Unnoticed<\/strong>, 7&#8242;<br \/>\nurban choreography<br \/>\nDUM, 2013\u20132014<\/p>\n<p><img decoding=\"async\" class=\"slika\" src=\"http:\/\/www.videospotting.org\/wp-content\/uploads\/video-img\/bucar\/Bucar_Unnoticed.jpg\" alt=\"Mateja Bu\u010dar, The Unnoticed\" \/><\/p>\n","protected":false},"excerpt":{"rendered":"<p>Curator: Barbara Bor\u010di\u0107 Production: SCCA-Ljubljana, 2014 Duration: 99&#8242; Premiere: Slovenski gledali\u0161ki in\u0161titut (National Theatre Museum\/Institute), June 5\u201316, 2014 The relationship between performance art and video art could be schematically demonstrated by four modes: 1) video as a document of performance, 2) video as a part of performance \/ performance as a part of video, 3) [&hellip;]<\/p>\n","protected":false},"author":1,"featured_media":0,"parent":0,"menu_order":15,"comment_status":"open","ping_status":"open","template":"","meta":{"footnotes":""},"class_list":["post-558","page","type-page","status-publish","hentry"],"_links":{"self":[{"href":"https:\/\/www.videospotting.org\/eng\/wp-json\/wp\/v2\/pages\/558","targetHints":{"allow":["GET"]}}],"collection":[{"href":"https:\/\/www.videospotting.org\/eng\/wp-json\/wp\/v2\/pages"}],"about":[{"href":"https:\/\/www.videospotting.org\/eng\/wp-json\/wp\/v2\/types\/page"}],"author":[{"embeddable":true,"href":"https:\/\/www.videospotting.org\/eng\/wp-json\/wp\/v2\/users\/1"}],"replies":[{"embeddable":true,"href":"https:\/\/www.videospotting.org\/eng\/wp-json\/wp\/v2\/comments?post=558"}],"version-history":[{"count":3,"href":"https:\/\/www.videospotting.org\/eng\/wp-json\/wp\/v2\/pages\/558\/revisions"}],"predecessor-version":[{"id":1025,"href":"https:\/\/www.videospotting.org\/eng\/wp-json\/wp\/v2\/pages\/558\/revisions\/1025"}],"wp:attachment":[{"href":"https:\/\/www.videospotting.org\/eng\/wp-json\/wp\/v2\/media?parent=558"}],"curies":[{"name":"wp","href":"https:\/\/api.w.org\/{rel}","templated":true}]}}