{"id":60,"date":"2009-04-10T12:18:20","date_gmt":"2009-04-10T10:18:20","guid":{"rendered":"http:\/\/www.videospotting.org\/eng\/?page_id=60"},"modified":"2012-09-12T17:23:08","modified_gmt":"2012-09-12T15:23:08","slug":"trace-2007","status":"publish","type":"page","link":"https:\/\/www.videospotting.org\/eng\/trace-2007","title":{"rendered":"Trace (2007)"},"content":{"rendered":"<p class=\"crta\"><strong>Curated by: Mateja Rot <\/strong><br \/>\n<strong>Production:<\/strong> SCCA-Ljubljana 2007<br \/>\n<strong>Duration:<\/strong> 41 minutes<\/p>\n<p>A selection of video works that explore the urban space. The trace is first inscribed in contemporary neighbourhood, proceeds to the streets of an ordinary day, circles into an interior of sound and airy architecture and concludes on the blurring and magic street of Venice. The image always mirrors the man\u2019s intervention into space and the forming of specific contexts of participation and it creates the impression of a special, unique space we have found ourselves in.<\/p>\n<p class=\"crta\">The program was presented as a part of the international seminar <a href=\"http:\/\/www.e-arhiv.org\/info-eng.html\" target=\"_blank\">What Is Going On Concerning Audiovisual Archives?<\/a> (Kapelica Gallery, November 2007). <\/p>\n<p><strong>Apolonija \u0160u\u0161ter\u0161i\u010d, Bonnevoie by Day &#038; Night<\/strong>, 8&#8242;<br \/>\nLuksemburg, 1998<br \/>\n<img decoding=\"async\" class=\"slika\" src=\"http:\/\/www.videospotting.org\/wp-content\/uploads\/video-img\/sustersic\/sustersic-bonnevoie.jpg\" alt=\"Apolonija \u0160u\u0161ter\u0161i\u010d, Bonnevoie by Day &#038; Night\" \/><\/p>\n<p><strong>Marija Mojca Punger\u010dar, Portable Home<\/strong>, 8&#8242; 42&#8221;<br \/>\nM. M. P., 1996<br \/>\n<img decoding=\"async\" class=\"slika\" src=\"http:\/\/www.videospotting.org\/wp-content\/uploads\/video-img\/pungercar\/pungercar-portable-home.jpg\" alt=\"Marija Mojca Punger\u010dar, Portable Home\" \/><\/p>\n<p><strong>Nata\u0161a Sku\u0161ek, Venezia<\/strong> 2, 12&#8242;<br \/>\nBenetke, 2003<br \/>\n<img decoding=\"async\" class=\"slika\" src=\"http:\/\/www.videospotting.org\/wp-content\/uploads\/video-img\/skusek\/skusek-venezia.jpg\" alt=\"Nata\u0161a Sku\u0161ek, Venezia\" \/><\/p>\n<p><strong>Duba Sambolec, Tour de place<\/strong>, 12&#8242;<br \/>\nArt Academy Trondheim, 2001<br \/>\n<img decoding=\"async\" class=\"slika\" src=\"http:\/\/www.videospotting.org\/wp-content\/uploads\/video-img\/sambolec\/sambolec-tour-de-place.jpg\" alt=\"Duba Sambolec, Tour de place\" \/><\/p>\n","protected":false},"excerpt":{"rendered":"<p>Curated by: Mateja Rot Production: SCCA-Ljubljana 2007 Duration: 41 minutes A selection of video works that explore the urban space. The trace is first inscribed in contemporary neighbourhood, proceeds to the streets of an ordinary day, circles into an interior of sound and airy architecture and concludes on the blurring and magic street of Venice. [&hellip;]<\/p>\n","protected":false},"author":1,"featured_media":0,"parent":0,"menu_order":34,"comment_status":"closed","ping_status":"closed","template":"","meta":{"footnotes":""},"class_list":["post-60","page","type-page","status-publish","hentry"],"_links":{"self":[{"href":"https:\/\/www.videospotting.org\/eng\/wp-json\/wp\/v2\/pages\/60","targetHints":{"allow":["GET"]}}],"collection":[{"href":"https:\/\/www.videospotting.org\/eng\/wp-json\/wp\/v2\/pages"}],"about":[{"href":"https:\/\/www.videospotting.org\/eng\/wp-json\/wp\/v2\/types\/page"}],"author":[{"embeddable":true,"href":"https:\/\/www.videospotting.org\/eng\/wp-json\/wp\/v2\/users\/1"}],"replies":[{"embeddable":true,"href":"https:\/\/www.videospotting.org\/eng\/wp-json\/wp\/v2\/comments?post=60"}],"version-history":[{"count":4,"href":"https:\/\/www.videospotting.org\/eng\/wp-json\/wp\/v2\/pages\/60\/revisions"}],"predecessor-version":[{"id":464,"href":"https:\/\/www.videospotting.org\/eng\/wp-json\/wp\/v2\/pages\/60\/revisions\/464"}],"wp:attachment":[{"href":"https:\/\/www.videospotting.org\/eng\/wp-json\/wp\/v2\/media?parent=60"}],"curies":[{"name":"wp","href":"https:\/\/api.w.org\/{rel}","templated":true}]}}