{"id":62,"date":"2009-04-10T12:18:37","date_gmt":"2009-04-10T10:18:37","guid":{"rendered":"http:\/\/www.videospotting.org\/eng\/?page_id=62"},"modified":"2012-09-12T17:23:26","modified_gmt":"2012-09-12T15:23:26","slug":"one-minute_sao-paolo-2007","status":"publish","type":"page","link":"https:\/\/www.videospotting.org\/eng\/one-minute_sao-paolo-2007","title":{"rendered":"One Minute_S\u00e3o Paolo (2007)"},"content":{"rendered":"<p class=\"crta\"><strong>Curated by: Barbara Bor\u010di\u0107<\/strong> and <strong>Du\u0161an Dov\u010d<\/strong><br \/>\n<strong>Production:<\/strong> SCCA-Ljubljana 2007<br \/>\n<strong>Duration:<\/strong> 30 minutes<\/p>\n<p class=\"crta\">The program was curated for the <em>Festival do Minuto<\/em> (December 2007) in Brazilian city of S\u00e3o Paulo and included 30 one-minute videos that were collected in 2006 and 2007 by SCCA-Ljubljana as a partner organisation of TOM Foundation from Amsterdam.<br \/>\nThe selection presented the variety in narration and expression of this short video form.\n<\/p>\n<h4>Part No. 1: 2007<\/h4>\n<p><strong>Miran Kre\u0161, D\u00e9j\u00e0 Vu<\/strong>, 1&#8242;<br \/>\nM. K. &#038; SCCA-Ljubljana, 2006<br \/>\n<img decoding=\"async\" class=\"slika\" src=\"http:\/\/www.videospotting.org\/wp-content\/uploads\/video-img\/1-min\/kres-deja-vu.jpg\" alt=\"Miran Kres, D\u00e9j\u00e0 Vu\" \/><\/p>\n<p><strong>Bojana Kri\u017eanec, Fit Day<\/strong>, 1&#8242;<br \/>\nB. K. &#038; SCCA-Ljubljana, 2006<br \/>\n<img decoding=\"async\" class=\"slika\" src=\"http:\/\/www.videospotting.org\/wp-content\/uploads\/video-img\/1-min\/krizanec-fit-day.jpg\" alt=\"Bojana Kri\u017eanec, Fit Day\" \/><\/p>\n<p><strong>Hana S. Vodeb, The End of Fear<\/strong>, 1&#8242;<br \/>\nH. S. V. &#038; SCCA-Ljubljana, 2006<br \/>\n<img decoding=\"async\" class=\"slika\" src=\"http:\/\/www.videospotting.org\/wp-content\/uploads\/video-img\/1-min\/vodeb-end-of-fear.jpg\" alt=\"Hana S. Vodeb, The End of Fear\" \/><\/p>\n<p><strong>Tanja Vujinovi\u0107, Extagram-ST807<\/strong>, 1&#8242;<br \/>\nT. V., 2007<br \/>\n<img decoding=\"async\" class=\"slika\" src=\"http:\/\/www.videospotting.org\/wp-content\/uploads\/video-img\/1-min\/vujinovic-extagram.jpg\" alt=\"Tanja Vujinovi\u0107, Extagram-ST807\" \/><\/p>\n<p><strong>Irena Kova\u010devi\u010d, Travel<\/strong>, 1&#8242;<br \/>\nI. K., 2007<br \/>\n<img decoding=\"async\" class=\"slika\" src=\"http:\/\/www.videospotting.org\/wp-content\/uploads\/video-img\/1-min\/kovacevic-travel.jpg\" alt=\"Irena Kova\u010devi\u010d, Travel\" \/><\/p>\n<p><strong>Robertina \u0160ebjani\u010d, Bubble<\/strong>, 1&#8242;<br \/>\nR. \u0160., 2007<br \/>\n<img decoding=\"async\" class=\"slika\" src=\"http:\/\/www.videospotting.org\/wp-content\/uploads\/video-img\/1-min\/sebjanic-bubble.jpg\" alt=\"Robertina \u0160ebjani\u010d, Bubble\" \/><\/p>\n<p><strong>Maja Smrekar, The Triple Jusight<\/strong>, 1&#8242;<br \/>\nM. S., 2007<br \/>\n<img decoding=\"async\" class=\"slika\" src=\"http:\/\/www.videospotting.org\/wp-content\/uploads\/video-img\/1-min\/smrekar-triple-jusight.jpg\" alt=\"Maja Smrekar, The Triple Jusight\" \/><\/p>\n<p><strong>Amir Muratovi\u0107, Tense in the Cabinet<\/strong>, 1&#8242;<br \/>\nA. M., 2007<br \/>\n<img decoding=\"async\" class=\"slika\" src=\"http:\/\/www.videospotting.org\/wp-content\/uploads\/video-img\/1-min\/muratovic-napeto.jpg\" alt=\"Amir Muratovi\u0107, Tense in the Cabinet\" \/><\/p>\n<p><strong>Zvonka Sim\u010di\u010d, Broken h-h-ha\u2026egg<\/strong>, 1&#8242;<br \/>\nZ. S., 2000<br \/>\n<img decoding=\"async\" class=\"slika\" src=\"http:\/\/www.videospotting.org\/wp-content\/uploads\/video-img\/1-min\/simcic-broken-egg.jpg\" alt=\"Zvonka Sim\u010di\u010d, Broken h-h-ha\u2026egg\" \/><\/p>\n<p><strong>Zvonka Sim\u010di\u010d, Every Day<\/strong>, 1&#8242;<br \/>\nZ. S., 2002<br \/>\n<img decoding=\"async\" class=\"slika\" src=\"http:\/\/www.videospotting.org\/wp-content\/uploads\/video-img\/1-min\/simcic-everyday.jpg\" alt=\"Zvonka Sim\u010di\u010d, Every Day\" \/><\/p>\n<p><strong>Robert Kulovec Mueller, Arrhythmia<\/strong>, 1&#8242;<br \/>\nR. K. M., 2007<br \/>\n<img decoding=\"async\" class=\"slika\" src=\"http:\/\/www.videospotting.org\/wp-content\/uploads\/video-img\/1-min\/kulovec-mueller-arrhythmia.jpg\" alt=\"Robert Kulovec Mueller, Arrhythmia\" \/><\/p>\n<p><strong>Anonimous, Circle.doc<\/strong>, 1&#8242;<br \/>\nAn., 2006\/2007<br \/>\n<img decoding=\"async\" class=\"slika\" src=\"http:\/\/www.videospotting.org\/wp-content\/uploads\/video-img\/1-min\/anonimno-circle.jpg\" alt=\"Anonimous, Circle.doc\" \/><\/p>\n<p><strong>Vesna Bukovec, Consumer Culture&#8230;<\/strong>, 1&#8242;<br \/>\nV. B., 2007<br \/>\n<img decoding=\"async\" class=\"slika\" src=\"http:\/\/www.videospotting.org\/wp-content\/uploads\/video-img\/1-min\/bukovec-consumer-culture.jpg\" alt=\"Vesna Bukovec, Consumer Culture...\" \/><\/p>\n<p><strong>Marko Kumer, Desiah<\/strong>, 1&#8242;<br \/>\nM. K., 2007<br \/>\n<img decoding=\"async\" class=\"slika\" src=\"http:\/\/www.videospotting.org\/wp-content\/uploads\/video-img\/1-min\/kumer-desiah.jpg\" alt=\"Marko Kumer, Desiah\" \/><\/p>\n<p><strong>Polona Kasal, Tenants<\/strong>, 1&#8242;<br \/>\nP. K., 2007<br \/>\n<img decoding=\"async\" class=\"slika\" src=\"http:\/\/www.videospotting.org\/wp-content\/uploads\/video-img\/1-min\/kasal-tenants.jpg\" alt=\"Polona Kasal, Tenants\" \/><\/p>\n<p><strong>Kolja Saksida, Koyaa &#8220;Broom&#8221;<\/strong>, 1&#8242;<br \/>\nK. S. &#038; Zviks, 2005<br \/>\n<img decoding=\"async\" class=\"slika\" src=\"http:\/\/www.videospotting.org\/wp-content\/uploads\/video-img\/1-min\/saksida-broom.jpg\" alt=\"Kolja Saksida, Koyaa \"Broom\"\" \/><\/p>\n<h4>Part No. 2: 2006<\/h4>\n<p><strong>Marko Kova\u010di\u010d, Katastropolis<\/strong>, 1&#8242;<br \/>\nM. A. K., 1997<br \/>\n<img decoding=\"async\" class=\"slika\" src=\"http:\/\/www.videospotting.org\/wp-content\/uploads\/video-img\/1-min-2006\/kovacic-katastropolis.jpg\" alt=\"Marko Kova\u010di\u010d, Katastropolis\" \/><\/p>\n<p><strong>Marko Kova\u010di\u010d, \u017divel 1. maj \/ May Day Forever<\/strong>, 1&#8242;<br \/>\nM. A. K., 2000<br \/>\n<img decoding=\"async\" class=\"slika\" src=\"http:\/\/www.videospotting.org\/wp-content\/uploads\/video-img\/1-min-2006\/kovacic-zivel1maj.jpg\" alt=\"Marko Kova\u010di\u010d, \u017divel 1. maj \/ May Day Forever \" \/><\/p>\n<p><strong>Damijan Kracina, Sa\u0161a Nabergoj, Toni Poljanec, On the Road<\/strong>, 1&#8242;<br \/>\nD. K., S. N., T. P. &#038; SCCA-Ljubljana, 2004<br \/>\n<img decoding=\"async\" class=\"slika\" src=\"http:\/\/www.videospotting.org\/wp-content\/uploads\/video-img\/1-min\/kracina-nabergoj-road.jpg\" alt=\"Damijan Kracina, Sa\u0161a Nabergoj, Toni Poljanec, On the Road\" \/><\/p>\n<p><strong>Nata\u0161a Sku\u0161ek, Wedding<\/strong>, 1&#8242;<br \/>\nN. S., 2004<br \/>\n<img decoding=\"async\" class=\"slika\" src=\"http:\/\/www.videospotting.org\/wp-content\/uploads\/video-img\/1-min-2006\/skusek-wedding.jpg\" alt=\"Nata\u0161a Sku\u0161ek, Wedding\" \/><\/p>\n<p><strong>Toma\u017e Furlan, Minuteman<\/strong>, 1&#8242;<br \/>\nT. F., 2006<br \/>\n<img decoding=\"async\" class=\"slika\" src=\"http:\/\/www.videospotting.org\/wp-content\/uploads\/video-img\/1-min-2006\/furlan-minuteman.jpg\" alt=\"Toma\u017e Furlan, Minuteman\" \/><\/p>\n<p><strong>Rene Rusjan, Zbudi me, \u010de zaspim \/ Wake Me Up if I Fall Asleep<\/strong>, 1&#8242;<br \/>\nR. R. 2006<br \/>\n<img decoding=\"async\" class=\"slika\" src=\"http:\/\/www.videospotting.org\/wp-content\/uploads\/video-img\/1-min-2006\/rusjan-zbudi-me.jpg\" alt=\"Rene Rusjan, Zbudi me, \u010de zaspim \/ Wake Me Up if I Fall Asleep\" \/><\/p>\n<p><strong>Bo\u0161tjan Potokar, Return \u2013 Topolo<\/strong>, 1&#8242;<br \/>\nB. P., 2004\u201306<br \/>\n<img decoding=\"async\" class=\"slika\" src=\"http:\/\/www.videospotting.org\/wp-content\/uploads\/video-img\/1-min-2006\/potokar-vrnitev-topolo.jpg\" alt=\"Bo\u0161tjan Potokar, Return \u2013 Topolo\" \/><\/p>\n<p><strong>Vesna Bukovec, Endless Game<\/strong>, 1&#8242;<br \/>\nV. B., 2006<br \/>\n<img decoding=\"async\" class=\"slika\" src=\"http:\/\/www.videospotting.org\/wp-content\/uploads\/video-img\/1-min\/bukovec-endless-game.jpg\" alt=\"Vesna Bukovec, Endless Game\" \/><\/p>\n<p><strong>Vesna Bukovec, Important News<\/strong>, 1&#8242;<br \/>\nV. B., 2003<br \/>\n<img decoding=\"async\" class=\"slika\" src=\"http:\/\/www.videospotting.org\/wp-content\/uploads\/video-img\/1-min\/bukovec-important-news.jpg\" alt=\"Vesna Bukovec, Important News\" \/><\/p>\n<p><strong>Nata\u0161a Berk, T\u00f6rpe<\/strong>, 1&#8242;<br \/>\nN. B., 2006<br \/>\n<img decoding=\"async\" class=\"slika\" src=\"http:\/\/www.videospotting.org\/wp-content\/uploads\/video-img\/1-min-2006\/berk-torpe.jpg\" alt=\"Nata\u0161a Berk, Torpe\" \/><\/p>\n<p><strong>Vesna \u010cade\u017e, Simply the Best, Driving in Ljubljana<\/strong>, 1&#8242;<br \/>\nV. \u010c., 2006<br \/>\n<img decoding=\"async\" class=\"slika\" src=\"http:\/\/www.videospotting.org\/wp-content\/uploads\/video-img\/1-min-2006\/cadez-simply-best.jpg\" alt=\"Vesna \u010cade\u017e, Simply the Best, Driving in Ljubljana\" \/><\/p>\n<p><strong>Jasna Hribernik &#038; Zmago Lenardi\u010d, Coming Back<\/strong>, 1&#8242;<br \/>\nJ. H. &#038; Z. L., 2004<br \/>\n<img decoding=\"async\" class=\"slika\" src=\"http:\/\/www.videospotting.org\/wp-content\/uploads\/video-img\/1-min-2006\/hribernik-lenardic-back.jpg\" alt=\"Jasna Hribernik &#038; Zmago Lenardi\u010d, Coming Back\" \/><\/p>\n<p><strong>Marija Mojca Punger\u010dar, Outside My Door: Good Fairy<\/strong>, 1&#8242;<br \/>\nM. M. P., 2004<br \/>\n<img decoding=\"async\" class=\"slika\" src=\"http:\/\/www.videospotting.org\/wp-content\/uploads\/video-img\/1-min-2006\/pungercar-domaci-prag.jpg\" alt=\"Marija Mojca Punger\u010dar, Outside My Door: Good Fairy\" \/><\/p>\n<p><strong>Miha Vipotnik, Iz de\u017eele Ki Jeni \/ From the Land Ki Jeni<\/strong>, 1&#8242;<br \/>\nM. V., 2006<br \/>\n<img decoding=\"async\" class=\"slika\" src=\"http:\/\/www.videospotting.org\/wp-content\/uploads\/video-img\/1-min-2006\/vipotnik-dezele-kijeni.jpg\" alt=\"Miha Vipotnik, Iz de\u017eele Ki Jeni \/ From the Land Ki Jeni\" \/><\/p>\n","protected":false},"excerpt":{"rendered":"<p>Curated by: Barbara Bor\u010di\u0107 and Du\u0161an Dov\u010d Production: SCCA-Ljubljana 2007 Duration: 30 minutes The program was curated for the Festival do Minuto (December 2007) in Brazilian city of S\u00e3o Paulo and included 30 one-minute videos that were collected in 2006 and 2007 by SCCA-Ljubljana as a partner organisation of TOM Foundation from Amsterdam. The selection [&hellip;]<\/p>\n","protected":false},"author":1,"featured_media":0,"parent":0,"menu_order":33,"comment_status":"closed","ping_status":"closed","template":"","meta":{"footnotes":""},"class_list":["post-62","page","type-page","status-publish","hentry"],"_links":{"self":[{"href":"https:\/\/www.videospotting.org\/eng\/wp-json\/wp\/v2\/pages\/62","targetHints":{"allow":["GET"]}}],"collection":[{"href":"https:\/\/www.videospotting.org\/eng\/wp-json\/wp\/v2\/pages"}],"about":[{"href":"https:\/\/www.videospotting.org\/eng\/wp-json\/wp\/v2\/types\/page"}],"author":[{"embeddable":true,"href":"https:\/\/www.videospotting.org\/eng\/wp-json\/wp\/v2\/users\/1"}],"replies":[{"embeddable":true,"href":"https:\/\/www.videospotting.org\/eng\/wp-json\/wp\/v2\/comments?post=62"}],"version-history":[{"count":6,"href":"https:\/\/www.videospotting.org\/eng\/wp-json\/wp\/v2\/pages\/62\/revisions"}],"predecessor-version":[{"id":465,"href":"https:\/\/www.videospotting.org\/eng\/wp-json\/wp\/v2\/pages\/62\/revisions\/465"}],"wp:attachment":[{"href":"https:\/\/www.videospotting.org\/eng\/wp-json\/wp\/v2\/media?parent=62"}],"curies":[{"name":"wp","href":"https:\/\/api.w.org\/{rel}","templated":true}]}}