{"id":64,"date":"2009-04-10T12:19:12","date_gmt":"2009-04-10T10:19:12","guid":{"rendered":"http:\/\/www.videospotting.org\/eng\/?page_id=64"},"modified":"2012-09-12T17:23:44","modified_gmt":"2012-09-12T15:23:44","slug":"videodance_6-2008","status":"publish","type":"page","link":"https:\/\/www.videospotting.org\/eng\/videodance_6-2008","title":{"rendered":"Videodance_6 (2008)"},"content":{"rendered":"<p class=\"crta\"><strong>Curated by: Barbara Bor\u010di\u0107<\/strong><br \/>\n<strong>Production:<\/strong> SCCA-Ljubljana 2008<br \/>\n<strong>Duration:<\/strong> 85 minutes<\/p>\n<p class=\"crta\">Six selected videos from the Video Dance genre. The program was curated for interdisciplinary <strong>TransDance Festival<\/strong> (an initiative of HaRaKa Dance Research and Adham Hafez) in Townhouse Gallery, Cairo.<\/p>\n<p><strong>Sa\u0161o Podgor\u0161ek, Path<\/strong>, 12&#8242;<br \/>\nPTL, 1993<br \/>\n<img decoding=\"async\" class=\"slika\" src=\"http:\/\/www.videospotting.org\/wp-content\/uploads\/video-img\/podgorsek\/podgorsek-pot.jpg\" alt=\"Sa\u0161o Podgor\u0161ek, Path\" \/><\/p>\n<p><strong>Zemira Alajbegovi\u0107 &#038; Neven Korda (ZANK), Icht<\/strong>, 24&#8242;<br \/>\nTV Slovenija, Ljubljana 1993<br \/>\n<img decoding=\"async\" class=\"slika\" src=\"http:\/\/www.videospotting.org\/wp-content\/uploads\/video-img\/zank\/zank-icht.jpg\" alt=\"Zemira Alajbegovi\u0107 in Neven Korda (ZANK), Icht\" \/><\/p>\n<p><strong>Sa\u0161o Podgor\u0161ek &#038;  Iztok Kova\u010d, Vertigo Bird<\/strong>, 33&#8242;<br \/>\nEn-Knap &#038; TV Slovenija, 1996<br \/>\n<img decoding=\"async\" class=\"slika\" src=\"http:\/\/www.videospotting.org\/wp-content\/uploads\/video-img\/podgorsek\/podgorsek-vrtoglavi-ptic.jpg\" alt=\"Sa\u0161o Podgor\u0161ek &#038;  Iztok Kova\u010d, Vertigo Bird\" \/><\/p>\n<p><strong>Ema Kugler, Taiga<\/strong>, 8&#8242;<br \/>\nForum Ljubljana &#038; VPK, 1996<br \/>\n<img decoding=\"async\" class=\"slika\" src=\"http:\/\/www.videospotting.org\/wp-content\/uploads\/video-img\/kugler\/kugler-tajga.jpg\" alt=\"Ema Kugler, Taiga\" \/><\/p>\n<p><strong>Jasna Hribernik &#038; Zmago Lenardi\u010d, Elsa und Lohengrin<\/strong>, 3&#8242;<br \/>\nVPK, 1997<br \/>\n<img decoding=\"async\" class=\"slika\" src=\"http:\/\/www.videospotting.org\/wp-content\/uploads\/video-img\/hribernik\/hribernik-lenardic-elsa.jpg\" alt=\"Jasna Hribernik in Zmago Lenardi\u010d, Elsa und Lohengrin\" \/><\/p>\n<p><strong>Branko Poto\u010dan &#038; Katarina Nikolov, Kje so tiste stezice \u2026 \/ Where Are the Paths&#8230;<\/strong> , 5&#8242;<br \/>\nRTV Slovenija &#038; VPK, 2003<br \/>\n<img decoding=\"async\" class=\"slika\" src=\"http:\/\/www.videospotting.org\/wp-content\/uploads\/video-img\/potocan\/potocan-stezice.jpg\" alt=\"Branko Poto\u010dan in Katarina Nikolov, Kje so tiste stezice \u2026 \/ Where Are the Paths...\" \/><\/p>\n","protected":false},"excerpt":{"rendered":"<p>Curated by: Barbara Bor\u010di\u0107 Production: SCCA-Ljubljana 2008 Duration: 85 minutes Six selected videos from the Video Dance genre. The program was curated for interdisciplinary TransDance Festival (an initiative of HaRaKa Dance Research and Adham Hafez) in Townhouse Gallery, Cairo. Sa\u0161o Podgor\u0161ek, Path, 12&#8242; PTL, 1993 Zemira Alajbegovi\u0107 &#038; Neven Korda (ZANK), Icht, 24&#8242; TV Slovenija, [&hellip;]<\/p>\n","protected":false},"author":1,"featured_media":0,"parent":0,"menu_order":32,"comment_status":"closed","ping_status":"closed","template":"","meta":{"footnotes":""},"class_list":["post-64","page","type-page","status-publish","hentry"],"_links":{"self":[{"href":"https:\/\/www.videospotting.org\/eng\/wp-json\/wp\/v2\/pages\/64","targetHints":{"allow":["GET"]}}],"collection":[{"href":"https:\/\/www.videospotting.org\/eng\/wp-json\/wp\/v2\/pages"}],"about":[{"href":"https:\/\/www.videospotting.org\/eng\/wp-json\/wp\/v2\/types\/page"}],"author":[{"embeddable":true,"href":"https:\/\/www.videospotting.org\/eng\/wp-json\/wp\/v2\/users\/1"}],"replies":[{"embeddable":true,"href":"https:\/\/www.videospotting.org\/eng\/wp-json\/wp\/v2\/comments?post=64"}],"version-history":[{"count":4,"href":"https:\/\/www.videospotting.org\/eng\/wp-json\/wp\/v2\/pages\/64\/revisions"}],"predecessor-version":[{"id":466,"href":"https:\/\/www.videospotting.org\/eng\/wp-json\/wp\/v2\/pages\/64\/revisions\/466"}],"wp:attachment":[{"href":"https:\/\/www.videospotting.org\/eng\/wp-json\/wp\/v2\/media?parent=64"}],"curies":[{"name":"wp","href":"https:\/\/api.w.org\/{rel}","templated":true}]}}