{"id":66,"date":"2009-04-10T12:19:35","date_gmt":"2009-04-10T10:19:35","guid":{"rendered":"http:\/\/www.videospotting.org\/eng\/?page_id=66"},"modified":"2012-09-12T17:23:59","modified_gmt":"2012-09-12T15:23:59","slug":"one-minute_2006-2007-2008","status":"publish","type":"page","link":"https:\/\/www.videospotting.org\/eng\/one-minute_2006-2007-2008","title":{"rendered":"One Minute_2006-2007 (2008)"},"content":{"rendered":"<p class=\"crta\"><strong>Curated by: Barbara Bor\u010di\u0107<\/strong> and <strong>Du\u0161an Dov\u010d<\/strong><br \/>\n<strong>Production<\/strong>: SCCA-Ljubljana 2008<br \/>\n<strong>Duration:<\/strong> 12 minutes<\/p>\n<p>As a partner of <a href=\"http:\/\/www.theoneminutes.org\/public\/\" target=\"_blank\">TOM Foundation<\/a> from Amsterdam SCCA-Ljubljana prepared a selection of one-minute video works from Slovenia that were collected in 2006 and 2007.<br \/>\nIt has been presented in different locations:<\/p>\n<ul>\n<li>Today Art Museum (Beijing, June 6-28, 2008)<\/li>\n<li>deBuren (Brussels, October 14-December 12, 2008)<\/li>\n<\/ul>\n<p class=\"crta\">\n<p><strong>Bojana Kri\u017eanec, Fit Day<\/strong>, 1&#8242;<br \/>\nB. K. &#038; SCCA-Ljubljana, 2006<br \/>\n<img decoding=\"async\" class=\"slika\" src=\"http:\/\/www.videospotting.org\/wp-content\/uploads\/video-img\/1-min\/krizanec-fit-day.jpg\" alt=\"Bojana Kri\u017eanec, Fit Day\" \/><\/p>\n<p><strong>Tanja Vujinovi\u0107, Extagram-ST807<\/strong>, 1&#8242;<br \/>\nT. V., 2007<br \/>\n<img decoding=\"async\" class=\"slika\" src=\"http:\/\/www.videospotting.org\/wp-content\/uploads\/video-img\/1-min\/vujinovic-extagram.jpg\" alt=\"Tanja Vujinovi\u0107, Extagram-ST807\" \/><\/p>\n<p><strong>Robertina \u0160ebjani\u010d, Bubble<\/strong>, 1&#8242;<br \/>\nR. \u0160., 2007<br \/>\n<img decoding=\"async\" class=\"slika\" src=\"http:\/\/www.videospotting.org\/wp-content\/uploads\/video-img\/1-min\/sebjanic-bubble.jpg\" alt=\"Robertina \u0160ebjani\u010d, Bubble\" \/><\/p>\n<p><strong>Zvonka Sim\u010di\u010d, Broken h-h-ha\u2026egg<\/strong>, 1&#8242;<br \/>\nZ. S., 2000<br \/>\n<img decoding=\"async\" class=\"slika\" src=\"http:\/\/www.videospotting.org\/wp-content\/uploads\/video-img\/1-min\/simcic-broken-egg.jpg\" alt=\"Zvonka Sim\u010di\u010d, Broken h-h-ha\u2026egg\" \/><\/p>\n<p><strong>Kolja Saksida, Koyaa &#8220;Broom&#8221;<\/strong>, 1&#8242;<br \/>\nK. S. &#038; Zviks, 2005<br \/>\n<img decoding=\"async\" class=\"slika\" src=\"http:\/\/www.videospotting.org\/wp-content\/uploads\/video-img\/1-min\/saksida-broom.jpg\" alt=\"Kolja Saksida, Koyaa \"Broom\"\" \/><\/p>\n<p><strong>Marko A. Kova\u010di\u010d, Katastropolis<\/strong>, 1&#8242;<br \/>\nM. A. K., 1997<br \/>\n<img decoding=\"async\" class=\"slika\" src=\"http:\/\/www.videospotting.org\/wp-content\/uploads\/video-img\/1-min-2006\/kovacic-katastropolis.jpg\" alt=\"Marko Kova\u010di\u010d, Katastropolis\" \/><\/p>\n<p><strong>Damijan Kracina, Sa\u0161a Nabergoj, Toni Poljanec, On the Road<\/strong>, 1&#8242;<br \/>\nD. K., S. N., T. P. &#038; SCCA-Ljubljana, 2004<br \/>\n<img decoding=\"async\" class=\"slika\" src=\"http:\/\/www.videospotting.org\/wp-content\/uploads\/video-img\/1-min\/kracina-nabergoj-road.jpg\" alt=\"Damijan Kracina, Sa\u0161a Nabergoj, Toni Poljanec, On the Road\" \/><\/p>\n<p><strong>Rene Rusjan, Zbudi me, \u010de zaspim \/ Wake Me Up if I Fall Asleep<\/strong>, 1&#8242;<br \/>\nR. R. 2006<br \/>\n<img decoding=\"async\" class=\"slika\" src=\"http:\/\/www.videospotting.org\/wp-content\/uploads\/video-img\/1-min-2006\/rusjan-zbudi-me.jpg\" alt=\"Rene Rusjan, Zbudi me, \u010de zaspim \/ Wake Me Up if I Fall Asleep\" \/><\/p>\n<p><strong>Vesna Bukovec, Important News<\/strong>, 1&#8242;<br \/>\nV. B., 2003<br \/>\n<img decoding=\"async\" class=\"slika\" src=\"http:\/\/www.videospotting.org\/wp-content\/uploads\/video-img\/1-min\/bukovec-important-news.jpg\" alt=\"Vesna Bukovec, Important News\" \/><\/p>\n<p><strong>Nata\u0161a Berk, T\u00f6rpe<\/strong>, 1&#8242;<br \/>\nN. B., 2006<br \/>\n<img decoding=\"async\" class=\"slika\" src=\"http:\/\/www.videospotting.org\/wp-content\/uploads\/video-img\/1-min-2006\/berk-torpe.jpg\" alt=\"Nata\u0161a Berk, Torpe\" \/><\/p>\n<p><strong>Marija Mojca Punger\u010dar, Outside My Door: Good Fairy<\/strong>, 1&#8242;<br \/>\nM. M. P., 2004<br \/>\n<img decoding=\"async\" class=\"slika\" src=\"http:\/\/www.videospotting.org\/wp-content\/uploads\/video-img\/1-min-2006\/pungercar-domaci-prag.jpg\" alt=\"Marija Mojca Punger\u010dar, Outside My Door: Good Fairy\" \/><\/p>\n<p><strong>Miha Vipotnik, Iz de\u017eele Ki Jeni \/ From the Land Ki Jeni<\/strong>, 1&#8242;<br \/>\nM. V., 2006<br \/>\n<img decoding=\"async\" class=\"slika\" src=\"http:\/\/www.videospotting.org\/wp-content\/uploads\/video-img\/1-min-2006\/vipotnik-dezele-kijeni.jpg\" alt=\"Miha Vipotnik, Iz de\u017eele Ki Jeni \/ From the Land Ki Jeni\" \/><\/p>\n","protected":false},"excerpt":{"rendered":"<p>Curated by: Barbara Bor\u010di\u0107 and Du\u0161an Dov\u010d Production: SCCA-Ljubljana 2008 Duration: 12 minutes As a partner of TOM Foundation from Amsterdam SCCA-Ljubljana prepared a selection of one-minute video works from Slovenia that were collected in 2006 and 2007. It has been presented in different locations: Today Art Museum (Beijing, June 6-28, 2008) deBuren (Brussels, October [&hellip;]<\/p>\n","protected":false},"author":1,"featured_media":0,"parent":0,"menu_order":31,"comment_status":"closed","ping_status":"closed","template":"","meta":{"footnotes":""},"class_list":["post-66","page","type-page","status-publish","hentry"],"_links":{"self":[{"href":"https:\/\/www.videospotting.org\/eng\/wp-json\/wp\/v2\/pages\/66","targetHints":{"allow":["GET"]}}],"collection":[{"href":"https:\/\/www.videospotting.org\/eng\/wp-json\/wp\/v2\/pages"}],"about":[{"href":"https:\/\/www.videospotting.org\/eng\/wp-json\/wp\/v2\/types\/page"}],"author":[{"embeddable":true,"href":"https:\/\/www.videospotting.org\/eng\/wp-json\/wp\/v2\/users\/1"}],"replies":[{"embeddable":true,"href":"https:\/\/www.videospotting.org\/eng\/wp-json\/wp\/v2\/comments?post=66"}],"version-history":[{"count":4,"href":"https:\/\/www.videospotting.org\/eng\/wp-json\/wp\/v2\/pages\/66\/revisions"}],"predecessor-version":[{"id":467,"href":"https:\/\/www.videospotting.org\/eng\/wp-json\/wp\/v2\/pages\/66\/revisions\/467"}],"wp:attachment":[{"href":"https:\/\/www.videospotting.org\/eng\/wp-json\/wp\/v2\/media?parent=66"}],"curies":[{"name":"wp","href":"https:\/\/api.w.org\/{rel}","templated":true}]}}