{"id":859,"date":"2018-06-06T14:14:32","date_gmt":"2018-06-06T12:14:32","guid":{"rendered":"http:\/\/www.videospotting.org\/eng\/?page_id=859"},"modified":"2018-06-07T16:25:24","modified_gmt":"2018-06-07T14:25:24","slug":"the-world-is-obliged-to-live-you-ii-2018","status":"publish","type":"page","link":"https:\/\/www.videospotting.org\/eng\/the-world-is-obliged-to-live-you-ii-2018","title":{"rendered":"The world is obliged to live you II (2018)"},"content":{"rendered":"<p class=\"crta\"><strong>Curator: Anita Budimir<\/strong><br \/>\n<strong>Production:<\/strong> SCCA-Ljubljana, 2018<br \/>\n<strong>Duration: <\/strong>37\u2019<br \/>\n<strong>Premiere:<\/strong> Screening of video program <em>The world is obliged to live you II<\/em> and presentation of DIVA Station archive, MM Centar Zagreb, May 11, 2018<\/p>\n<p class=\"crta\">Curator <strong>Anita Budimir<\/strong> focused on video appropriation practices during the research of DIVA Station video and new media archive. She curated two programs: the <a href=\"http:\/\/www.videospotting.org\/eng\/the-world-is-obliged-to-live-you-2017\">first<\/a> one was premiered in Ljubljana, the second one in MM Centar Zagreb, within the program Klubvizija SC. Video art selection presents works which displays broad possibilities of video appropriation practices, technique of finding new concepts by selecting, combining and manipulating old audiovisual materials \u2013 the so called archival, appropriated or found footages.<\/p>\n<p><strong>Vesna Bukovec, <em>Why Do I Do This?<\/em><\/strong>, 3\u2019 18\u2019\u2019<br \/>\nV.B., 2001<br \/>\n<a href=\"http:\/\/www.e-arhiv.org\/diva\/index.php?opt=work&amp;id=755\" target=\"_blank\" rel=\"noopener\">\u00bb video<\/a><br \/>\n<img decoding=\"async\" class=\"slika\" src=\"http:\/\/www.videospotting.org\/wp-content\/uploads\/video-img\/bukovec\/bukovec-why-do-i-do-this.jpg\" alt=\"Vesna Bukovec, Why Do I Do This?\" \/><br \/>\n<em>Why Do I Do This? (2001)<\/em> by video artist Vesna Bukovec, is a collage composed of found material from educational documentaries and graphic inserts. Through the content of the video author poses questions which can always be answered with &#8220;I don&#8217;t know&#8221;. With that she problematizes the state of contemporary art, which often lacks concrete answer.<\/p>\n<p><strong>Neven Korda, <em>Reincarnation On Taxidermist Monitor<\/em><\/strong>, 16\u2019<br \/>\nN.K., 2005<br \/>\n<a href=\"http:\/\/www.e-arhiv.org\/diva\/index.php?opt=work&amp;id=1184\" target=\"_blank\" rel=\"noopener\">\u00bb video<\/a><br \/>\n<img decoding=\"async\" class=\"slika\" src=\"http:\/\/www.videospotting.org\/wp-content\/uploads\/video-img\/korda\/korda-reinkarnacija-na-prepariranih-monitorjih.jpg\" alt=\"Neven Korda, Reinkarnacija na prepariranem monitorju\" \/><br \/>\n<em>Reincarnation On Taxidermist Monitor <\/em>(2005) by Slovenian video artist Neven Korda is a live recording of processed sound and image based on <em>Reincarnation<\/em>, Kordas video from 2001 combined with short inserts from contradictory found footage sources. <em>Un Chant d&#8217;Amour <\/em>(1950) a film by Jean Genet, that was for a long time banned because of its explicit homosexual content and <em>Olympia<\/em> (1938) by Leni Riefenstahl, one of the most influential Nazi film propaganda directors, documentary film dedicated to Olympic games held in Berlin, in 1936. Only with the knowledge of the sources context we can conclude the video premise is releasing from all sort of restrictions. With continuous repeating of same short inserts and manipulating the imagery, Korda achieved a hypnotic effect, characterized by club visuals aesthetics. This video is alluding to art voodoo ritual experience with tribal sounds and three phrases repeated as mantras, one of them is the source from where the program name \u201c<em>World is obliged to live you\u201d<\/em> was appropriated.<\/p>\n<p><strong>Damijan Kracina, <em>Thylacinus Cynocephalus<\/em><\/strong>, 1\u2019 09\u2019\u2019<br \/>\nD.K., 2000<br \/>\n<a href=\"http:\/\/www.e-arhiv.org\/diva\/index.php?opt=work&amp;id=74\" target=\"_blank\" rel=\"noopener\">\u00bb video<\/a><br \/>\n<img decoding=\"async\" class=\"slika\" src=\"http:\/\/www.videospotting.org\/wp-content\/uploads\/video-img\/kracina\/kracina-thylacinus-cynocephalus.jpg\" alt=\"Damijan Kracina, Thylacinus Cynocephalus\" \/><br \/>\nAn example of minimal material to emphasise single point is video <em>Thylacinus Cynocephalus<\/em> (2009) where author Damijan Kracina reconstructs the movements of the Tasmanian tiger, became extinct in 1936. A year before the video was created, the Australian Museum in Sydney began developing methods for preserving the genetic material of the animal in order to clone it, when appropriate technology becomes available. Kracina filmed the final footage of the Tasmanian tiger on TV. He coloured the black and white shots and simulated the animal\u2019s movements by means of repetition. In this way, he brought the tiger to life and addressed human&#8217;s irresponsible treatment of animals.<\/p>\n<p><strong>Gorazd Krnc, <em>Me V(isual)S(ound) You<\/em><\/strong>, 2\u2019 37\u2019\u2019<br \/>\nG.K., 2006<br \/>\n<a href=\"http:\/\/www.e-arhiv.org\/diva\/index.php?opt=work&amp;id=580\" target=\"_blank\" rel=\"noopener\">\u00bb video<\/a><br \/>\n<img decoding=\"async\" class=\"slika\" src=\"http:\/\/www.videospotting.org\/wp-content\/uploads\/video-img\/krnc\/krnc-me.jpg\" alt=\"Gorazd Krnc, Me V(isual)S(ound) You\" \/><br \/>\nGorazd Krnc video work <em>Me V(isual)S(ound) You<\/em> is an impressionistic collage of author&#8217;s recordings and archival material found online. Visually alluding to early video manipulation practises by layering images, distorting colours and opacity modes. Detail of an eye is besieged by images and due to hectic editing the author creates an anxious atmosphere. Chaotic sounds are accompanied by narration of scientific explanation of how the human ear functions additional awareness of the sounds.<\/p>\n<p><strong>Nata\u0161a Prosenc Stearns, <em>Disc<\/em><\/strong>, 2\u2019 57\u2019\u2019<br \/>\nN.P.S.,1995<br \/>\n<a href=\"http:\/\/www.e-arhiv.org\/diva\/index.php?opt=work&amp;id=78\" target=\"_blank\" rel=\"noopener\">\u00bb video<\/a><br \/>\n<img decoding=\"async\" class=\"slika\" src=\"http:\/\/www.videospotting.org\/wp-content\/uploads\/video-img\/prosenc\/prosenc-disk.jpg\" alt=\"Nata\u0161a Prosenc Stearns, Disk\" \/><br \/>\nNata\u0161a Prosenc created <em>Disc<\/em> (1995) out of socialistic propaganda archive footages. Video in black and white presents people participating in mass rituals, primarily wars and the glorification of leaders, which are constant and universal documents of the world. The global and temporal association of these images is emphasised by the graphic sign of a disc, the only colourful object on the screen, which emerges into our view and disappears from it, until finally it is destroyed by a lizard, another &#8211; and the last &#8211; colourful creature in the records of the world.<\/p>\n<p><strong>Zoran Srdi\u0107 Jane\u017ei\u010d, <em>Trash Robots<\/em><\/strong>, 2\u2032<br \/>\nZ.S.J., 2010<br \/>\n<a href=\"http:\/\/www.e-arhiv.org\/diva\/index.php?opt=work&#038;id=977\" target=\"_blank\" rel=\"noopener\">\u00bb video<\/a><br \/>\n<img decoding=\"async\" class=\"slika\" src=\"http:\/\/www.videospotting.org\/wp-content\/uploads\/video-img\/srdic\/srdic-janezic-trash-robots.jpg\" alt=\"Zoran Srdi\u0107 Jane\u017ei\u010d, Trash Robots\" \/><br \/>\nVideo is combining two types of images: the first one is analogue and shows the interactions of robots and humans. Another image is a kind of author\u2019s answer, remake of archive footage.<\/p>\n<p><strong>Mirko Simi\u0107, <em>Back to the Bible<\/em><\/strong>, 3\u2019 41\u2019\u2019<br \/>\nM.S., 1992<br \/>\n<a href=\"http:\/\/www.e-arhiv.org\/diva\/index.php?opt=work&amp;id=205\" target=\"_blank\" rel=\"noopener\">\u00bb video<\/a><br \/>\n<img decoding=\"async\" class=\"slika\" src=\"http:\/\/www.videospotting.org\/wp-content\/uploads\/video-img\/simic\/simic-back-to-the-bible.jpg\" alt=\"Mirko Simi\u0107, Back to the Bible\" \/><\/p>\n<p>Technically more typical example of making new concepts using old materials is Mirko Simi\u0107\u2019s video <em>Back to the Bible<\/em> (1992). It combines scenes from various well known films which depict social topics, in their own specific manner, films as <em>Koyaanisqatsi<\/em>, <em>Battleship Potemkin, Metropolis <\/em>and other less famous archive footages. The repetition of scenes as a ritual builds tension and association link between the content and the title.<\/p>\n<p><strong>Borghesia, <em>So Young<\/em><\/strong>, 5\u201930\u201d<br \/>\nFV Video \/ \u0160KD Forum, 1985<br \/>\n<a href=\"http:\/\/www.e-arhiv.org\/diva\/index.php?opt=work&#038;id=268\" target=\"_blank\" rel=\"noopener\">\u00bb video<\/a><br \/>\n<img decoding=\"async\" class=\"slika\" src=\"http:\/\/www.videospotting.org\/wp-content\/uploads\/video-img\/zank\/zank-discipline.jpg\" alt=\"Borghesia, Tako mladi\" \/><\/p>\n<p class=\"crta\">Music video is a part of a compilation of the Borghesia video clips (The Wild Bunch, He, Too Much Tension, Cindy, A.R., ZMR), issued in 1985 as the first video cassette by the FV Label. These are short, almost \u201cfilm-like\u201d stories focused primarily on the iconography of the body in urban surroundings.<\/p>\n<p><strong>Anita Budimir<\/strong> (1989, Croatia) is an active member of Klubvizija film laboratory (Zagreb). Analog photographer, video artist and experimental filmmaker. Interested in found footage practice of finding new concepts from old sources, analog and digital glitch processes as well as its aesthetic. She has a bachelor&#8217;s degree in TV, Film and New Media Design, in the period of May-December 2017 she was collaborating with DIVA Station Archive of video art in Ljubljana.<\/p>\n","protected":false},"excerpt":{"rendered":"<p>Curator: Anita Budimir Production: SCCA-Ljubljana, 2018 Duration: 37\u2019 Premiere: Screening of video program The world is obliged to live you II and presentation of DIVA Station archive, MM Centar Zagreb, May 11, 2018 Curator Anita Budimir focused on video appropriation practices during the research of DIVA Station video and new media archive. She curated two [&hellip;]<\/p>\n","protected":false},"author":1,"featured_media":0,"parent":0,"menu_order":0,"comment_status":"closed","ping_status":"closed","template":"","meta":{"footnotes":""},"class_list":["post-859","page","type-page","status-publish","hentry"],"_links":{"self":[{"href":"https:\/\/www.videospotting.org\/eng\/wp-json\/wp\/v2\/pages\/859","targetHints":{"allow":["GET"]}}],"collection":[{"href":"https:\/\/www.videospotting.org\/eng\/wp-json\/wp\/v2\/pages"}],"about":[{"href":"https:\/\/www.videospotting.org\/eng\/wp-json\/wp\/v2\/types\/page"}],"author":[{"embeddable":true,"href":"https:\/\/www.videospotting.org\/eng\/wp-json\/wp\/v2\/users\/1"}],"replies":[{"embeddable":true,"href":"https:\/\/www.videospotting.org\/eng\/wp-json\/wp\/v2\/comments?post=859"}],"version-history":[{"count":2,"href":"https:\/\/www.videospotting.org\/eng\/wp-json\/wp\/v2\/pages\/859\/revisions"}],"predecessor-version":[{"id":871,"href":"https:\/\/www.videospotting.org\/eng\/wp-json\/wp\/v2\/pages\/859\/revisions\/871"}],"wp:attachment":[{"href":"https:\/\/www.videospotting.org\/eng\/wp-json\/wp\/v2\/media?parent=859"}],"curies":[{"name":"wp","href":"https:\/\/api.w.org\/{rel}","templated":true}]}}