{"id":866,"date":"2018-06-07T16:15:30","date_gmt":"2018-06-07T14:15:30","guid":{"rendered":"http:\/\/www.videospotting.org\/eng\/?page_id=866"},"modified":"2018-06-07T16:15:30","modified_gmt":"2018-06-07T14:15:30","slug":"correspondences-2018","status":"publish","type":"page","link":"https:\/\/www.videospotting.org\/eng\/correspondences-2018","title":{"rendered":"Correspondences (2018)"},"content":{"rendered":"<p>Curated program of video poetry <\/p>\n<p class=\"crta\"><strong>Curator: Du\u0161an Dov\u010d<\/strong><br \/>\n<strong>Production:<\/strong> SCCA-Ljubljana, 2018<br \/>\n<strong>Production of video works:<\/strong> MKC Maribor (MKC \u010crka program), KUD Liber, Gulag Institute, V. Wolf Gang<br \/>\n<strong>Duration: <\/strong>21\u2019 18\u2019\u2019<br \/>\n<strong>Premiere:<\/strong> World Poetry Day 2018, Pritli\u010dje, Ljubljana, 21 March 2018 <\/p>\n<p>The video program Correspondences presents the production of the Gulag Institute from Ljubljana, MKC Maribor (MKC \u010crka program) and KUD Liber from Kr\u0161ko. As well as the video work by the artist participating in the DIVA Station Archive.<\/p>\n<p class=\"crta\">The selection shows very divers works, from animation to video when the sound (i.e. poem) is omitted and replaced by gestures and blurred image.\n<\/p>\n<p><strong>Jo\u017ee Sla\u010dek &amp; Jan \u0160mar\u010dan, Ko se ustavi \u010das<\/strong>, 2\u2019 47\u2019\u2019<br \/>\nMKC Maribor, program MKC \u010crka, 2015<br \/>\n<img decoding=\"async\" class=\"slika\" src=\"http:\/\/www.videospotting.org\/wp-content\/uploads\/video-img\/sorodnosti\/Slacek_Smarcan.jpg\" alt=\"Jo\u017ee Sla\u010dek &amp; Jan \u0160mar\u010dan, Ko se ustavi \u010das\" width=\"450\"\/><br \/>\n&nbsp;<\/p>\n<p><strong>Val\u00e9rie Wolf Gang, Distant Memory<\/strong>, 2\u2019 43\u2019\u2019<br \/>\nV.W.G., 2014 (from DIVA Station archive)<br \/>\n<img decoding=\"async\" class=\"slika\" src=\"http:\/\/www.videospotting.org\/wp-content\/uploads\/video-img\/sorodnosti\/Valerie-Wolf-Gang-Distant-Memory.jpg\" alt=\"Val\u00e9rie Wolf Gang, Oddaljen spomin\" width=\"450\"\/><br \/>\n&nbsp;<\/p>\n<p><strong>Gorazd Krnc &amp; Peter Semoli\u010d, Shotokan<\/strong>, 3\u2019 20\u2019\u2019<br \/>\nGulag Institute, 2015<br \/>\n<img decoding=\"async\" class=\"slika\" src=\"http:\/\/www.videospotting.org\/wp-content\/uploads\/video-img\/sorodnosti\/Krnc_Semolic.jpg\" alt=\"Gorazd Krnc &amp; Peter Semoli\u010d, Shotokan\" width=\"450\"\/><br \/>\n&nbsp;<\/p>\n<p><strong>Zoran Srdi\u010d &amp; Gregor Podlogar, Oklepaj<\/strong>, 2\u2019 53\u2019\u2019<br \/>\nGulag Institute, 2016<br \/>\n<img decoding=\"async\" class=\"slika\" src=\"http:\/\/www.videospotting.org\/wp-content\/uploads\/video-img\/sorodnosti\/Srdic_Podlogar.jpg\" alt=\"Zoran Srdi\u010d &amp; Gregor Podlogar, Oklepaj\" width=\"450\"\/><br \/>\n&nbsp;<\/p>\n<p><strong>Rene Puhar, Hana Rep\u0161e, Miha Sagadin &amp; Dejan Koban, \u0160alamun je mrtev pika konec debate<\/strong>, 3\u2019<br \/>\nMKC Maribor, program MKC \u010crka, 2015<br \/>\n<img decoding=\"async\" class=\"slika\" src=\"http:\/\/www.videospotting.org\/wp-content\/uploads\/video-img\/sorodnosti\/Puhar-Repse-Sagadin_Koban.jpg\" alt=\"Rene Puhar, Hana Rep\u0161e, Miha Sagadin &amp; Dejan Koban, \u0160alamun je mrtev pika konec debate\" width=\"450\"\/><br \/>\n&nbsp;<\/p>\n<p><strong>Toni Soprano &amp; David Bedra\u010d, Padanja<\/strong>, 2\u2019 27\u2019\u2019<br \/>\nMKC Maribor, program MKC \u010crka, 2015<br \/>\n<img decoding=\"async\" class=\"slika\" src=\"http:\/\/www.videospotting.org\/wp-content\/uploads\/video-img\/sorodnosti\/Soprano_Bedrac.jpg\" alt=\"Toni Soprano &amp; David Bedra\u010d, Padanja\" width=\"450\"\/><br \/>\n&nbsp;<\/p>\n<p><strong>Nata\u0161a Berk &amp; Anja Golob, Pti\u010dka<\/strong>, 1\u2019 17\u2019\u2019<br \/>\nMKC Maribor, program MKC \u010crka, 2015<br \/>\n<img decoding=\"async\" class=\"slika\" src=\"http:\/\/www.videospotting.org\/wp-content\/uploads\/video-img\/sorodnosti\/Berk_Golob.jpg\" alt=\"Nata\u0161a Berk &amp; Anja Golob, Pti\u010dka\" width=\"450\"\/><\/p>\n","protected":false},"excerpt":{"rendered":"<p>Curated program of video poetry Curator: Du\u0161an Dov\u010d Production: SCCA-Ljubljana, 2018 Production of video works: MKC Maribor (MKC \u010crka program), KUD Liber, Gulag Institute, V. Wolf Gang Duration: 21\u2019 18\u2019\u2019 Premiere: World Poetry Day 2018, Pritli\u010dje, Ljubljana, 21 March 2018 The video program Correspondences presents the production of the Gulag Institute from Ljubljana, MKC Maribor [&hellip;]<\/p>\n","protected":false},"author":1,"featured_media":0,"parent":0,"menu_order":0,"comment_status":"closed","ping_status":"closed","template":"","meta":{"footnotes":""},"class_list":["post-866","page","type-page","status-publish","hentry"],"_links":{"self":[{"href":"https:\/\/www.videospotting.org\/eng\/wp-json\/wp\/v2\/pages\/866","targetHints":{"allow":["GET"]}}],"collection":[{"href":"https:\/\/www.videospotting.org\/eng\/wp-json\/wp\/v2\/pages"}],"about":[{"href":"https:\/\/www.videospotting.org\/eng\/wp-json\/wp\/v2\/types\/page"}],"author":[{"embeddable":true,"href":"https:\/\/www.videospotting.org\/eng\/wp-json\/wp\/v2\/users\/1"}],"replies":[{"embeddable":true,"href":"https:\/\/www.videospotting.org\/eng\/wp-json\/wp\/v2\/comments?post=866"}],"version-history":[{"count":1,"href":"https:\/\/www.videospotting.org\/eng\/wp-json\/wp\/v2\/pages\/866\/revisions"}],"predecessor-version":[{"id":867,"href":"https:\/\/www.videospotting.org\/eng\/wp-json\/wp\/v2\/pages\/866\/revisions\/867"}],"wp:attachment":[{"href":"https:\/\/www.videospotting.org\/eng\/wp-json\/wp\/v2\/media?parent=866"}],"curies":[{"name":"wp","href":"https:\/\/api.w.org\/{rel}","templated":true}]}}